{"id":122932,"date":"2025-07-30T15:58:51","date_gmt":"2025-07-30T13:58:51","guid":{"rendered":"https:\/\/www.budream.com\/shop\/bioki-poudre-de-roche-antilumaca-naturelle-900gr\/"},"modified":"2026-03-04T17:56:13","modified_gmt":"2026-03-04T15:56:13","slug":"bioki-poudre-de-roche-antilumaca-naturelle-900gr","status":"publish","type":"product","link":"https:\/\/www.budream.com\/fr\/shop\/bioki-poudre-de-roche-antilumaca-naturelle-900gr\/","title":{"rendered":"BIOKI &#8211; POUDRE DE ROCHE ANTILUMACA NATURELLE| 900gr"},"content":{"rendered":"<p>La barri\u00e8re anti-limaces est la solution ultime pour prot\u00e9ger vos plantes contre les limaces ind\u00e9sirables. Elle cr\u00e9e un environnement sec et inhospitalier qui prot\u00e8ge les fraises, les l\u00e9gumes et les fleurs.<\/p>\n<p><strong>UTILISATION PR\u00c9VUE<\/strong><br \/>Plantes de balcon, jardin, potager, verger.<\/p>\n<p><strong>ACTIVIT\u00c9<\/strong><br \/>Protection<\/p>\n<p><strong>COMPOSITION<\/strong><br \/>Z\u00e9olithe naturelle en paillettes <strong>exempte de polluants<\/strong>. Utilisable en agriculture biologique.<\/p>\n<p><strong>CARACT\u00c9RISTIQUES<\/strong><br \/>La barri\u00e8re anti-escargots est con\u00e7ue pour une application rapide et facile. Les granul\u00e9s peuvent \u00eatre r\u00e9pandus directement autour des plantes ou dans des zones sp\u00e9cifiques du jardin, pour une solution rapide et pratique, directement \u00e0 partir du bouchon distributeur pratique du conteneur. Non nocif pour les personnes et les animaux domestiques, il respecte \u00e9galement les insectes utiles et la faune du jardin. Son action cibl\u00e9e contre les limaces et les escargots pr\u00e9serve l&rsquo;\u00e9quilibre naturel et la biodiversit\u00e9.<\/p>\n<p>Une fois son effet \u00e9puis\u00e9, les granul\u00e9s \u00e0 haute teneur en z\u00e9olithe enrichissent le sol en min\u00e9raux qui am\u00e9liorent la fertilit\u00e9 et la structure g\u00e9n\u00e9rale du sol.<\/p>\n<p><strong>DOSAGE ET MODE D&rsquo;EMPLOI<\/strong><br \/><strong>Plantes en pot<\/strong>: r\u00e9partir les granul\u00e9s uniform\u00e9ment sur le sol.<br \/><strong>Jardin et potager<\/strong>: r\u00e9partir les granul\u00e9s sur le sol en formant une barri\u00e8re sur tout le p\u00e9rim\u00e8tre de la zone \u00e0 prot\u00e9ger. Le produit peut \u00eatre utilis\u00e9 jusqu&rsquo;\u00e0 la r\u00e9colte et n&rsquo;est pas toxique pour les abeilles et les insectes utiles.<\/p>\n<p>Bo\u00eete de 0,9 kg<\/p>\n","protected":false},"excerpt":{"rendered":"<p>La barri\u00e8re anti-limaces est la solution ultime pour prot\u00e9ger vos plantes contre les limaces ind\u00e9sirables. Elle cr\u00e9e un environnement sec<\/p>\n","protected":false},"featured_media":122927,"comment_status":"open","ping_status":"closed","template":"","meta":[],"product_brand":[],"product_cat":[7928],"product_tag":[],"class_list":{"0":"post-122932","1":"product","2":"type-product","3":"status-publish","4":"has-post-thumbnail","6":"product_cat-antiparasitaires-et-defense","8":"first","9":"instock","10":"taxable","11":"shipping-taxable","12":"purchasable","13":"product-type-simple"},"_links":{"self":[{"href":"https:\/\/www.budream.com\/fr\/wp-json\/wp\/v2\/product\/122932","targetHints":{"allow":["GET"]}}],"collection":[{"href":"https:\/\/www.budream.com\/fr\/wp-json\/wp\/v2\/product"}],"about":[{"href":"https:\/\/www.budream.com\/fr\/wp-json\/wp\/v2\/types\/product"}],"replies":[{"embeddable":true,"href":"https:\/\/www.budream.com\/fr\/wp-json\/wp\/v2\/comments?post=122932"}],"version-history":[{"count":0,"href":"https:\/\/www.budream.com\/fr\/wp-json\/wp\/v2\/product\/122932\/revisions"}],"wp:featuredmedia":[{"embeddable":true,"href":"https:\/\/www.budream.com\/fr\/wp-json\/wp\/v2\/media\/122927"}],"wp:attachment":[{"href":"https:\/\/www.budream.com\/fr\/wp-json\/wp\/v2\/media?parent=122932"}],"wp:term":[{"taxonomy":"product_brand","embeddable":true,"href":"https:\/\/www.budream.com\/fr\/wp-json\/wp\/v2\/product_brand?post=122932"},{"taxonomy":"product_cat","embeddable":true,"href":"https:\/\/www.budream.com\/fr\/wp-json\/wp\/v2\/product_cat?post=122932"},{"taxonomy":"product_tag","embeddable":true,"href":"https:\/\/www.budream.com\/fr\/wp-json\/wp\/v2\/product_tag?post=122932"}],"curies":[{"name":"wp","href":"https:\/\/api.w.org\/{rel}","templated":true}]}}