{"id":122962,"date":"2025-07-30T16:01:27","date_gmt":"2025-07-30T14:01:27","guid":{"rendered":"https:\/\/www.budream.com\/shop\/piege-a-escargots-slug_x-garland\/"},"modified":"2026-03-17T19:25:31","modified_gmt":"2026-03-17T17:25:31","slug":"piege-a-escargots-slug_x-garland","status":"publish","type":"product","link":"https:\/\/www.budream.com\/fr\/shop\/piege-a-escargots-slug_x-garland\/","title":{"rendered":"PI\u00c8GE \u00c0 ESCARGOTS SLUG_X GARLAND"},"content":{"rendered":"<p>Le SLUG_X est un syst\u00e8me brevet\u00e9 qui a r\u00e9volutionn\u00e9 la capture des pires ennemis des jardiniers : les limaces et les escargots. Le SLUG_X a remport\u00e9 de nombreux prix.<br \/> Le SLUG_X attire les limaces en utilisant de la bi\u00e8re comme app\u00e2t. <br \/>Une forte odeur se d\u00e9veloppe \u00e0 l&rsquo;int\u00e9rieur du pi\u00e8ge et les escargots sont attir\u00e9s \u00e0 l&rsquo;int\u00e9rieur par cet ar\u00f4me irr\u00e9sistible ! Une fois \u00e0 l&rsquo;int\u00e9rieur, ils restent d\u00e9sorient\u00e9s et incapables de sortir du pi\u00e8ge en s&rsquo;y noyant. <\/p>\n<p>V\u00e9rifiez chaque jour la pr\u00e9sence d&rsquo;escargots et retirez-les si n\u00e9cessaire.<\/p>\n<div id=\"isChromeWebToolbarDiv\"><\/div>\n","protected":false},"excerpt":{"rendered":"<p>Le SLUG_X est un syst\u00e8me brevet\u00e9 qui a r\u00e9volutionn\u00e9 la capture des pires ennemis des jardiniers : les limaces et<\/p>\n","protected":false},"featured_media":122957,"comment_status":"open","ping_status":"closed","template":"","meta":[],"product_brand":[],"product_cat":[7928],"product_tag":[],"class_list":{"0":"post-122962","1":"product","2":"type-product","3":"status-publish","4":"has-post-thumbnail","6":"product_cat-antiparasitaires-et-defense","8":"first","9":"instock","10":"taxable","11":"shipping-taxable","12":"purchasable","13":"product-type-simple"},"_links":{"self":[{"href":"https:\/\/www.budream.com\/fr\/wp-json\/wp\/v2\/product\/122962","targetHints":{"allow":["GET"]}}],"collection":[{"href":"https:\/\/www.budream.com\/fr\/wp-json\/wp\/v2\/product"}],"about":[{"href":"https:\/\/www.budream.com\/fr\/wp-json\/wp\/v2\/types\/product"}],"replies":[{"embeddable":true,"href":"https:\/\/www.budream.com\/fr\/wp-json\/wp\/v2\/comments?post=122962"}],"version-history":[{"count":0,"href":"https:\/\/www.budream.com\/fr\/wp-json\/wp\/v2\/product\/122962\/revisions"}],"wp:featuredmedia":[{"embeddable":true,"href":"https:\/\/www.budream.com\/fr\/wp-json\/wp\/v2\/media\/122957"}],"wp:attachment":[{"href":"https:\/\/www.budream.com\/fr\/wp-json\/wp\/v2\/media?parent=122962"}],"wp:term":[{"taxonomy":"product_brand","embeddable":true,"href":"https:\/\/www.budream.com\/fr\/wp-json\/wp\/v2\/product_brand?post=122962"},{"taxonomy":"product_cat","embeddable":true,"href":"https:\/\/www.budream.com\/fr\/wp-json\/wp\/v2\/product_cat?post=122962"},{"taxonomy":"product_tag","embeddable":true,"href":"https:\/\/www.budream.com\/fr\/wp-json\/wp\/v2\/product_tag?post=122962"}],"curies":[{"name":"wp","href":"https:\/\/api.w.org\/{rel}","templated":true}]}}