{"id":123037,"date":"2025-07-30T16:09:31","date_gmt":"2025-07-30T14:09:31","guid":{"rendered":"https:\/\/www.budream.com\/shop\/secret-smoke-filtre-de-remplacement-pyramide-pour-lave-glace\/"},"modified":"2026-03-09T16:07:50","modified_gmt":"2026-03-09T14:07:50","slug":"secret-smoke-filtre-de-remplacement-pyramide-pour-lave-glace","status":"publish","type":"product","link":"https:\/\/www.budream.com\/fr\/shop\/secret-smoke-filtre-de-remplacement-pyramide-pour-lave-glace\/","title":{"rendered":"SECRET SMOKE &#8211; FILTRE DE REMPLACEMENT PYRAMIDE POUR LAVE GLACE"},"content":{"rendered":"<p>Filtre pyramide pour lave-linge ICE WASHER<\/p>\n<h2><strong><span style=\"text-decoration: underline\">Caract\u00e9ristiques Filtre \u00e0 fum\u00e9e secr\u00e8te pyramide :<\/span><\/strong><\/h2>\n<ul style=\"list-style-type: disc\">\n<li>Volume : 7,5 litres<\/li>\n<li>Capacit\u00e9 en mati\u00e8res s\u00e8ches : 75 gr Max<\/li>\n<li>Capacit\u00e9 en produits frais congel\u00e9s : 300 gr Max<\/li>\n<\/ul>\n","protected":false},"excerpt":{"rendered":"<p>Filtre pyramide pour lave-linge ICE WASHER Caract\u00e9ristiques Filtre \u00e0 fum\u00e9e secr\u00e8te pyramide : Volume : 7,5 litres Capacit\u00e9 en mati\u00e8res<\/p>\n","protected":false},"featured_media":123032,"comment_status":"open","ping_status":"closed","template":"","meta":[],"product_brand":[],"product_cat":[7949],"product_tag":[],"class_list":{"0":"post-123037","1":"product","2":"type-product","3":"status-publish","4":"has-post-thumbnail","6":"product_cat-headshop-fr","8":"first","9":"instock","10":"taxable","11":"shipping-taxable","12":"purchasable","13":"product-type-simple"},"_links":{"self":[{"href":"https:\/\/www.budream.com\/fr\/wp-json\/wp\/v2\/product\/123037","targetHints":{"allow":["GET"]}}],"collection":[{"href":"https:\/\/www.budream.com\/fr\/wp-json\/wp\/v2\/product"}],"about":[{"href":"https:\/\/www.budream.com\/fr\/wp-json\/wp\/v2\/types\/product"}],"replies":[{"embeddable":true,"href":"https:\/\/www.budream.com\/fr\/wp-json\/wp\/v2\/comments?post=123037"}],"version-history":[{"count":0,"href":"https:\/\/www.budream.com\/fr\/wp-json\/wp\/v2\/product\/123037\/revisions"}],"wp:featuredmedia":[{"embeddable":true,"href":"https:\/\/www.budream.com\/fr\/wp-json\/wp\/v2\/media\/123032"}],"wp:attachment":[{"href":"https:\/\/www.budream.com\/fr\/wp-json\/wp\/v2\/media?parent=123037"}],"wp:term":[{"taxonomy":"product_brand","embeddable":true,"href":"https:\/\/www.budream.com\/fr\/wp-json\/wp\/v2\/product_brand?post=123037"},{"taxonomy":"product_cat","embeddable":true,"href":"https:\/\/www.budream.com\/fr\/wp-json\/wp\/v2\/product_cat?post=123037"},{"taxonomy":"product_tag","embeddable":true,"href":"https:\/\/www.budream.com\/fr\/wp-json\/wp\/v2\/product_tag?post=123037"}],"curies":[{"name":"wp","href":"https:\/\/api.w.org\/{rel}","templated":true}]}}