{"id":123157,"date":"2025-07-30T16:20:10","date_gmt":"2025-07-30T14:20:10","guid":{"rendered":"https:\/\/www.budream.com\/shop\/bioki-savon-au-potassium-z-sulphure-350gr\/"},"modified":"2026-03-23T15:36:30","modified_gmt":"2026-03-23T13:36:30","slug":"bioki-savon-au-potassium-z-sulphure-350gr","status":"publish","type":"product","link":"https:\/\/www.budream.com\/fr\/shop\/bioki-savon-au-potassium-z-sulphure-350gr\/","title":{"rendered":"BIOKI &#8211; SAVON AU POTASSIUM Z (SULPHURE) | 350gr"},"content":{"rendered":"<p><strong>CARACTERISTIQUES<\/strong>: Le savon mou produit avec du <strong>soufre<\/strong> est indiqu\u00e9 pour les traitements foliaires sur les plantes souffrant d&rsquo;attaques de champignons communs et est parfaitement utilis\u00e9 aussi bien dans la phase pr\u00e9ventive que dans la phase curative o\u00f9 il augmente la r\u00e9sistance.<\/p>\n<p>Gr\u00e2ce \u00e0 sa forte action lavante, il est \u00e9galement indiqu\u00e9 pour \u00e9liminer les r\u00e9sidus organiques laiss\u00e9s par les insectes (miellat) et les d\u00e9p\u00f4ts de calcaire et de poussi\u00e8re, en am\u00e9liorant l&rsquo;activit\u00e9 chlorophyllienne et en cr\u00e9ant un environnement hygi\u00e9niquement sain.<br \/>Il est indiqu\u00e9 sur toutes les plantes fruiti\u00e8res (p\u00eache, abricot, prune, pomme, poire, cerise, vigne, citron et agrumes en g\u00e9n\u00e9ral),<br \/>l&rsquo;horticulture (laitue, \u00e9pinard, c\u00e9leri, fenouil, basilic, tomate, poivron, aubergine, fraise, oignon, pomme de terre, etc.)<br \/>et Jardinage (haies, plantes fleuries, roses et plantes ornementales).<\/p>\n<p>CONDITIONNEMENT Bo\u00eete de 350 g.<\/p>\n","protected":false},"excerpt":{"rendered":"<p>CARACTERISTIQUES: Le savon mou produit avec du soufre est indiqu\u00e9 pour les traitements foliaires sur les plantes souffrant d&rsquo;attaques de<\/p>\n","protected":false},"featured_media":123152,"comment_status":"open","ping_status":"closed","template":"","meta":[],"product_brand":[],"product_cat":[3095],"product_tag":[],"class_list":{"0":"post-123157","1":"product","2":"type-product","3":"status-publish","4":"has-post-thumbnail","6":"product_cat-antiparassitari-e-difesa","8":"first","9":"instock","10":"taxable","11":"shipping-taxable","12":"purchasable","13":"product-type-simple"},"_links":{"self":[{"href":"https:\/\/www.budream.com\/fr\/wp-json\/wp\/v2\/product\/123157","targetHints":{"allow":["GET"]}}],"collection":[{"href":"https:\/\/www.budream.com\/fr\/wp-json\/wp\/v2\/product"}],"about":[{"href":"https:\/\/www.budream.com\/fr\/wp-json\/wp\/v2\/types\/product"}],"replies":[{"embeddable":true,"href":"https:\/\/www.budream.com\/fr\/wp-json\/wp\/v2\/comments?post=123157"}],"version-history":[{"count":0,"href":"https:\/\/www.budream.com\/fr\/wp-json\/wp\/v2\/product\/123157\/revisions"}],"wp:featuredmedia":[{"embeddable":true,"href":"https:\/\/www.budream.com\/fr\/wp-json\/wp\/v2\/media\/123152"}],"wp:attachment":[{"href":"https:\/\/www.budream.com\/fr\/wp-json\/wp\/v2\/media?parent=123157"}],"wp:term":[{"taxonomy":"product_brand","embeddable":true,"href":"https:\/\/www.budream.com\/fr\/wp-json\/wp\/v2\/product_brand?post=123157"},{"taxonomy":"product_cat","embeddable":true,"href":"https:\/\/www.budream.com\/fr\/wp-json\/wp\/v2\/product_cat?post=123157"},{"taxonomy":"product_tag","embeddable":true,"href":"https:\/\/www.budream.com\/fr\/wp-json\/wp\/v2\/product_tag?post=123157"}],"curies":[{"name":"wp","href":"https:\/\/api.w.org\/{rel}","templated":true}]}}