{"id":123357,"date":"2025-07-30T16:34:51","date_gmt":"2025-07-30T14:34:51","guid":{"rendered":"https:\/\/www.budream.com\/shop\/dutch-passion-white-widow-x-the-ultimate-reg-10-graines\/"},"modified":"2025-12-22T11:42:35","modified_gmt":"2025-12-22T09:42:35","slug":"dutch-passion-white-widow-x-the-ultimate-reg-10-graines","status":"publish","type":"product","link":"https:\/\/www.budream.com\/fr\/shop\/dutch-passion-white-widow-x-the-ultimate-reg-10-graines\/","title":{"rendered":"DUTCH PASSION &#8211; WHITE WIDOW X THE ULTIMATE REG | 10 GRAINES"},"content":{"rendered":"<div style=\"text-align: justify\">White Widow x The Ultimate est une vari\u00e9t\u00e9 tr\u00e8s commerciale, c&rsquo;est un croisement entre notre gagnante de la coupe du cannabis White Widow et The Ultimate, une vari\u00e9t\u00e9 tr\u00e8s puissante avec une g\u00e9n\u00e9tique parentale forte.<\/div>\n<p><\/p>\n<h2><strong>Caract\u00e9ristiques White Widow x The Ultimate Reg Dutch Passion :<\/strong><\/h2>\n<ul style=\"list-style-type: disc\">\n<li><strong>Genre :<\/strong> Regular XL<\/li>\n<li><strong>G\u00e9notype :<\/strong> Hybride Indica\/Sativa<\/li>\n<li><strong>G\u00e9n\u00e9tique : <\/strong>White Widow x The Ultimate<\/li>\n<li><strong>Jours :<\/strong> 56<\/li>\n<\/ul>\n<p><\/p>\n<div style=\"text-align: justify\"><span style=\"font-size: 11pt\"><em><strong>ATTENTION :<\/strong> Les graines de chanvre sont exclues de la notion l\u00e9gale de Cannabis, ce qui signifie qu&rsquo;elles ne doivent pas \u00eatre consid\u00e9r\u00e9es comme une substance stup\u00e9fiante (L. 412 de 1974, Art. 1, paragraphe 1, lett. B ; Convention unique sur les stup\u00e9fiants de New York de 1961 et tableau II du d\u00e9cret minist\u00e9riel 27\/7\/1992). En Italie, la culture du chanvre est interdite (articles 28 et 73 du d\u00e9cret pr\u00e9sidentiel 309\/90), sauf autorisation sp\u00e9ciale (article 17 du d\u00e9cret pr\u00e9sidentiel 309\/90). En l&rsquo;absence d&rsquo;autorisation, les semences ne peuvent \u00eatre utilis\u00e9es qu&rsquo;\u00e0 d&rsquo;autres fins (zootechniques, de collection, etc.). Les semences sont vendues sous r\u00e9serve qu&rsquo;elles ne soient pas utilis\u00e9es par des tiers en contradiction avec la loi.<\/em><\/span><\/div>\n","protected":false},"excerpt":{"rendered":"<p>White Widow x The Ultimate est une vari\u00e9t\u00e9 tr\u00e8s commerciale, c&rsquo;est un croisement entre notre gagnante de la coupe du<\/p>\n","protected":false},"featured_media":123347,"comment_status":"open","ping_status":"closed","template":"","meta":[],"product_brand":[],"product_cat":[7951],"product_tag":[],"class_list":{"0":"post-123357","1":"product","2":"type-product","3":"status-publish","4":"has-post-thumbnail","6":"product_cat-magasin-de-graines","8":"first","9":"instock","10":"sale","11":"taxable","12":"shipping-taxable","13":"purchasable","14":"product-type-simple"},"_links":{"self":[{"href":"https:\/\/www.budream.com\/fr\/wp-json\/wp\/v2\/product\/123357","targetHints":{"allow":["GET"]}}],"collection":[{"href":"https:\/\/www.budream.com\/fr\/wp-json\/wp\/v2\/product"}],"about":[{"href":"https:\/\/www.budream.com\/fr\/wp-json\/wp\/v2\/types\/product"}],"replies":[{"embeddable":true,"href":"https:\/\/www.budream.com\/fr\/wp-json\/wp\/v2\/comments?post=123357"}],"version-history":[{"count":0,"href":"https:\/\/www.budream.com\/fr\/wp-json\/wp\/v2\/product\/123357\/revisions"}],"wp:featuredmedia":[{"embeddable":true,"href":"https:\/\/www.budream.com\/fr\/wp-json\/wp\/v2\/media\/123347"}],"wp:attachment":[{"href":"https:\/\/www.budream.com\/fr\/wp-json\/wp\/v2\/media?parent=123357"}],"wp:term":[{"taxonomy":"product_brand","embeddable":true,"href":"https:\/\/www.budream.com\/fr\/wp-json\/wp\/v2\/product_brand?post=123357"},{"taxonomy":"product_cat","embeddable":true,"href":"https:\/\/www.budream.com\/fr\/wp-json\/wp\/v2\/product_cat?post=123357"},{"taxonomy":"product_tag","embeddable":true,"href":"https:\/\/www.budream.com\/fr\/wp-json\/wp\/v2\/product_tag?post=123357"}],"curies":[{"name":"wp","href":"https:\/\/api.w.org\/{rel}","templated":true}]}}