{"id":123377,"date":"2025-07-30T16:36:26","date_gmt":"2025-07-30T14:36:26","guid":{"rendered":"https:\/\/www.budream.com\/shop\/dutch-passion-star-ryder-auto-fem-7-semences-disponible-jusqua-epuisement-des-stocks\/"},"modified":"2025-12-22T11:40:34","modified_gmt":"2025-12-22T09:40:34","slug":"dutch-passion-star-ryder-auto-fem-7-semences-disponible-jusqua-epuisement-des-stocks","status":"publish","type":"product","link":"https:\/\/www.budream.com\/fr\/shop\/dutch-passion-star-ryder-auto-fem-7-semences-disponible-jusqua-epuisement-des-stocks\/","title":{"rendered":"DUTCH PASSION &#8211; STAR RYDER AUTO FEM | 7 SEMENCES &#8211; Disponible jusqu&rsquo;\u00e0 \u00e9puisement des stocks"},"content":{"rendered":"<p>Autofloraison \u00e0 dominance indica<\/p>\n<p>G\u00e9notype : Isis (Sativa Dutch Passion) x Autofloraison Indica par Joint Doctor<\/p>\n<p>JOURS : 70-84<\/p>\n<p><a href=\"http:\/\/www.dutch-passion.nl\/it\/\" target=\"_blank\" rel=\"noopener noreferrer\">pour plus d&rsquo;informations cliquez ici !<\/a><\/p>\n","protected":false},"excerpt":{"rendered":"<p>Autofloraison \u00e0 dominance indica G\u00e9notype : Isis (Sativa Dutch Passion) x Autofloraison Indica par Joint Doctor JOURS : 70-84 pour<\/p>\n","protected":false},"featured_media":123372,"comment_status":"open","ping_status":"closed","template":"","meta":[],"product_brand":[],"product_cat":[7951],"product_tag":[],"class_list":{"0":"post-123377","1":"product","2":"type-product","3":"status-publish","4":"has-post-thumbnail","6":"product_cat-magasin-de-graines","8":"first","9":"instock","10":"sale","11":"taxable","12":"shipping-taxable","13":"purchasable","14":"product-type-simple"},"_links":{"self":[{"href":"https:\/\/www.budream.com\/fr\/wp-json\/wp\/v2\/product\/123377","targetHints":{"allow":["GET"]}}],"collection":[{"href":"https:\/\/www.budream.com\/fr\/wp-json\/wp\/v2\/product"}],"about":[{"href":"https:\/\/www.budream.com\/fr\/wp-json\/wp\/v2\/types\/product"}],"replies":[{"embeddable":true,"href":"https:\/\/www.budream.com\/fr\/wp-json\/wp\/v2\/comments?post=123377"}],"version-history":[{"count":0,"href":"https:\/\/www.budream.com\/fr\/wp-json\/wp\/v2\/product\/123377\/revisions"}],"wp:featuredmedia":[{"embeddable":true,"href":"https:\/\/www.budream.com\/fr\/wp-json\/wp\/v2\/media\/123372"}],"wp:attachment":[{"href":"https:\/\/www.budream.com\/fr\/wp-json\/wp\/v2\/media?parent=123377"}],"wp:term":[{"taxonomy":"product_brand","embeddable":true,"href":"https:\/\/www.budream.com\/fr\/wp-json\/wp\/v2\/product_brand?post=123377"},{"taxonomy":"product_cat","embeddable":true,"href":"https:\/\/www.budream.com\/fr\/wp-json\/wp\/v2\/product_cat?post=123377"},{"taxonomy":"product_tag","embeddable":true,"href":"https:\/\/www.budream.com\/fr\/wp-json\/wp\/v2\/product_tag?post=123377"}],"curies":[{"name":"wp","href":"https:\/\/api.w.org\/{rel}","templated":true}]}}