{"id":123402,"date":"2025-07-30T16:38:37","date_gmt":"2025-07-30T14:38:37","guid":{"rendered":"https:\/\/www.budream.com\/shop\/ep01-360-transparent-atomiseur-gradue-1-litre\/"},"modified":"2025-12-04T17:05:31","modified_gmt":"2025-12-04T15:05:31","slug":"ep01-360-transparent-atomiseur-gradue-1-litre","status":"publish","type":"product","link":"https:\/\/www.budream.com\/fr\/shop\/ep01-360-transparent-atomiseur-gradue-1-litre\/","title":{"rendered":"EP01 360\u00b0 TRANSPARENT ATOMISEUR GRADU\u00c9 1 LITRE"},"content":{"rendered":"<p>Pulv\u00e9risateur avec buse r\u00e9glable et fonctionnement \u00e0 360&deg;, permettant d&rsquo;utiliser le pulv\u00e9risateur \u00e0 l&rsquo;envers. Convient pour la pulv\u00e9risation de produits phytosanitaires. <br \/>Transparent avec \u00e9chelle gradu\u00e9e pour le volume par paliers de 50 ml.<\/p>\n","protected":false},"excerpt":{"rendered":"<p>Pulv\u00e9risateur avec buse r\u00e9glable et fonctionnement \u00e0 360&deg;, permettant d&rsquo;utiliser le pulv\u00e9risateur \u00e0 l&rsquo;envers. Convient pour la pulv\u00e9risation de produits<\/p>\n","protected":false},"featured_media":123397,"comment_status":"open","ping_status":"closed","template":"","meta":[],"product_brand":[],"product_cat":[7928],"product_tag":[],"class_list":{"0":"post-123402","1":"product","2":"type-product","3":"status-publish","4":"has-post-thumbnail","6":"product_cat-antiparasitaires-et-defense","8":"first","9":"instock","10":"taxable","11":"shipping-taxable","12":"purchasable","13":"product-type-simple"},"_links":{"self":[{"href":"https:\/\/www.budream.com\/fr\/wp-json\/wp\/v2\/product\/123402","targetHints":{"allow":["GET"]}}],"collection":[{"href":"https:\/\/www.budream.com\/fr\/wp-json\/wp\/v2\/product"}],"about":[{"href":"https:\/\/www.budream.com\/fr\/wp-json\/wp\/v2\/types\/product"}],"replies":[{"embeddable":true,"href":"https:\/\/www.budream.com\/fr\/wp-json\/wp\/v2\/comments?post=123402"}],"version-history":[{"count":0,"href":"https:\/\/www.budream.com\/fr\/wp-json\/wp\/v2\/product\/123402\/revisions"}],"wp:featuredmedia":[{"embeddable":true,"href":"https:\/\/www.budream.com\/fr\/wp-json\/wp\/v2\/media\/123397"}],"wp:attachment":[{"href":"https:\/\/www.budream.com\/fr\/wp-json\/wp\/v2\/media?parent=123402"}],"wp:term":[{"taxonomy":"product_brand","embeddable":true,"href":"https:\/\/www.budream.com\/fr\/wp-json\/wp\/v2\/product_brand?post=123402"},{"taxonomy":"product_cat","embeddable":true,"href":"https:\/\/www.budream.com\/fr\/wp-json\/wp\/v2\/product_cat?post=123402"},{"taxonomy":"product_tag","embeddable":true,"href":"https:\/\/www.budream.com\/fr\/wp-json\/wp\/v2\/product_tag?post=123402"}],"curies":[{"name":"wp","href":"https:\/\/api.w.org\/{rel}","templated":true}]}}