{"id":123567,"date":"2025-07-30T16:49:18","date_gmt":"2025-07-30T14:49:18","guid":{"rendered":"https:\/\/www.budream.com\/shop\/bioki-sulphate-de-cuivre-antika-officina-botanica-500gr\/"},"modified":"2026-03-24T17:47:26","modified_gmt":"2026-03-24T15:47:26","slug":"bioki-sulphate-de-cuivre-antika-officina-botanica-500gr","status":"publish","type":"product","link":"https:\/\/www.budream.com\/fr\/shop\/bioki-sulphate-de-cuivre-antika-officina-botanica-500gr\/","title":{"rendered":"BIOKI &#8211; SULPHATE DE CUIVRE ANTIKA OFFICINA BOTANICA | 500gr"},"content":{"rendered":"<p>Le sulfate de cuivre am\u00e9liore l&rsquo;activit\u00e9 photosynth\u00e9tique en tant que catalyseur de la synth\u00e8se de la chlorophylle ; augmente la lignification ; stimule le d\u00e9veloppement des racines et des pousses ; augmente la productivit\u00e9 des plantes ; renforce la structure g\u00e9n\u00e9rale des plantes contre le stress caus\u00e9 par les parasites.<\/p>\n<p>Le sulfate de cuivre utilis\u00e9 dans les traitements v\u00e9g\u00e9tatifs doit \u00eatre neutralis\u00e9 pour \u00e9viter les br\u00fblures foliaires.<\/p>\n<p>AVERTISSEMENTS<\/p>\n<p>Produit de haute solubilit\u00e9 et puret\u00e9, indiqu\u00e9 pour les applications foliaires et racinaires. Conserver dans un endroit frais et sec, \u00e0 une temp\u00e9rature comprise entre 5 et 45 degr\u00e9s Celsius. Conserver \u00e0 l&rsquo;abri de la lumi\u00e8re directe du soleil. Ne pas d\u00e9passer le dosage appropri\u00e9. \u00c9viter l&rsquo;application en p\u00e9riode s\u00e8che et pendant la floraison. N&rsquo;utiliser qu&rsquo;en cas de besoin reconnu.<\/p>\n","protected":false},"excerpt":{"rendered":"<p>Le sulfate de cuivre am\u00e9liore l&rsquo;activit\u00e9 photosynth\u00e9tique en tant que catalyseur de la synth\u00e8se de la chlorophylle ; augmente la<\/p>\n","protected":false},"featured_media":123562,"comment_status":"open","ping_status":"closed","template":"","meta":[],"product_brand":[],"product_cat":[3095],"product_tag":[],"class_list":{"0":"post-123567","1":"product","2":"type-product","3":"status-publish","4":"has-post-thumbnail","6":"product_cat-antiparassitari-e-difesa","8":"first","9":"instock","10":"taxable","11":"shipping-taxable","12":"purchasable","13":"product-type-simple"},"_links":{"self":[{"href":"https:\/\/www.budream.com\/fr\/wp-json\/wp\/v2\/product\/123567","targetHints":{"allow":["GET"]}}],"collection":[{"href":"https:\/\/www.budream.com\/fr\/wp-json\/wp\/v2\/product"}],"about":[{"href":"https:\/\/www.budream.com\/fr\/wp-json\/wp\/v2\/types\/product"}],"replies":[{"embeddable":true,"href":"https:\/\/www.budream.com\/fr\/wp-json\/wp\/v2\/comments?post=123567"}],"version-history":[{"count":0,"href":"https:\/\/www.budream.com\/fr\/wp-json\/wp\/v2\/product\/123567\/revisions"}],"wp:featuredmedia":[{"embeddable":true,"href":"https:\/\/www.budream.com\/fr\/wp-json\/wp\/v2\/media\/123562"}],"wp:attachment":[{"href":"https:\/\/www.budream.com\/fr\/wp-json\/wp\/v2\/media?parent=123567"}],"wp:term":[{"taxonomy":"product_brand","embeddable":true,"href":"https:\/\/www.budream.com\/fr\/wp-json\/wp\/v2\/product_brand?post=123567"},{"taxonomy":"product_cat","embeddable":true,"href":"https:\/\/www.budream.com\/fr\/wp-json\/wp\/v2\/product_cat?post=123567"},{"taxonomy":"product_tag","embeddable":true,"href":"https:\/\/www.budream.com\/fr\/wp-json\/wp\/v2\/product_tag?post=123567"}],"curies":[{"name":"wp","href":"https:\/\/api.w.org\/{rel}","templated":true}]}}