{"id":123627,"date":"2025-07-30T16:54:02","date_gmt":"2025-07-30T14:54:02","guid":{"rendered":"https:\/\/www.budream.com\/shop\/kit-illuminazione-400w-basic\/"},"modified":"2026-03-19T11:14:44","modified_gmt":"2026-03-19T09:14:44","slug":"kit-illuminazione-400w-basic","status":"publish","type":"product","link":"https:\/\/www.budream.com\/fr\/shop\/kit-illuminazione-400w-basic\/","title":{"rendered":"400W BASIC HPS LIGHTING KIT"},"content":{"rendered":"<p>Kit d&rsquo;\u00e9clairage BASIC compos\u00e9 de :<\/p>\n<ul style=\"list-style-type: disc\">\n<li>une lampe HPS de 400W<\/li>\n<li>SYST\u00c8ME D&rsquo;ALLUMAGE 400W HPS-MH<\/li>\n<li>R\u00c9FLECTEUR MARTEL\u00c9 \u00c0 PROFIL EN V 47X47X10 CERTIFI\u00c9 CE<\/li>\n<\/ul>\n","protected":false},"excerpt":{"rendered":"<p>Kit d&rsquo;\u00e9clairage BASIC compos\u00e9 de : une lampe HPS de 400W SYST\u00c8ME D&rsquo;ALLUMAGE 400W HPS-MH R\u00c9FLECTEUR MARTEL\u00c9 \u00c0 PROFIL EN<\/p>\n","protected":false},"featured_media":123622,"comment_status":"open","ping_status":"closed","template":"","meta":[],"product_brand":[],"product_cat":[7926],"product_tag":[],"class_list":{"0":"post-123627","1":"product","2":"type-product","3":"status-publish","4":"has-post-thumbnail","6":"product_cat-growshop-fr","8":"first","9":"instock","10":"taxable","11":"shipping-taxable","12":"purchasable","13":"product-type-simple"},"_links":{"self":[{"href":"https:\/\/www.budream.com\/fr\/wp-json\/wp\/v2\/product\/123627","targetHints":{"allow":["GET"]}}],"collection":[{"href":"https:\/\/www.budream.com\/fr\/wp-json\/wp\/v2\/product"}],"about":[{"href":"https:\/\/www.budream.com\/fr\/wp-json\/wp\/v2\/types\/product"}],"replies":[{"embeddable":true,"href":"https:\/\/www.budream.com\/fr\/wp-json\/wp\/v2\/comments?post=123627"}],"version-history":[{"count":1,"href":"https:\/\/www.budream.com\/fr\/wp-json\/wp\/v2\/product\/123627\/revisions"}],"predecessor-version":[{"id":256156,"href":"https:\/\/www.budream.com\/fr\/wp-json\/wp\/v2\/product\/123627\/revisions\/256156"}],"wp:featuredmedia":[{"embeddable":true,"href":"https:\/\/www.budream.com\/fr\/wp-json\/wp\/v2\/media\/123622"}],"wp:attachment":[{"href":"https:\/\/www.budream.com\/fr\/wp-json\/wp\/v2\/media?parent=123627"}],"wp:term":[{"taxonomy":"product_brand","embeddable":true,"href":"https:\/\/www.budream.com\/fr\/wp-json\/wp\/v2\/product_brand?post=123627"},{"taxonomy":"product_cat","embeddable":true,"href":"https:\/\/www.budream.com\/fr\/wp-json\/wp\/v2\/product_cat?post=123627"},{"taxonomy":"product_tag","embeddable":true,"href":"https:\/\/www.budream.com\/fr\/wp-json\/wp\/v2\/product_tag?post=123627"}],"curies":[{"name":"wp","href":"https:\/\/api.w.org\/{rel}","templated":true}]}}