{"id":123692,"date":"2025-07-30T16:57:14","date_gmt":"2025-07-30T14:57:14","guid":{"rendered":"https:\/\/www.budream.com\/shop\/kit-illuminazione-600w-basic\/"},"modified":"2026-04-17T16:49:57","modified_gmt":"2026-04-17T14:49:57","slug":"kit-illuminazione-600w-basic","status":"publish","type":"product","link":"https:\/\/www.budream.com\/fr\/shop\/kit-illuminazione-600w-basic\/","title":{"rendered":"KIT D&rsquo;\u00c9CLAIRAGE HPS DE BASE 600W"},"content":{"rendered":"<p>Kit d&rsquo;\u00e9clairage BASIC compos\u00e9 de :<\/p>\n<ul style=\"list-style-type: disc\">\n<li>une lampe HPS de 600W<\/li>\n<li>SYST\u00c8ME D&rsquo;ALLUMAGE 600W HPS-MH<\/li>\n<li>R\u00c9FLECTEUR MARTEL\u00c9 \u00c0 PROFIL EN V 47X47X10 CERTIFI\u00c9 CE<\/li>\n<\/ul>\n","protected":false},"excerpt":{"rendered":"<p>Kit d&rsquo;\u00e9clairage BASIC compos\u00e9 de : une lampe HPS de 600W SYST\u00c8ME D&rsquo;ALLUMAGE 600W HPS-MH R\u00c9FLECTEUR MARTEL\u00c9 \u00c0 PROFIL EN<\/p>\n","protected":false},"featured_media":123622,"comment_status":"open","ping_status":"closed","template":"","meta":[],"product_brand":[],"product_cat":[7926],"product_tag":[],"class_list":{"0":"post-123692","1":"product","2":"type-product","3":"status-publish","4":"has-post-thumbnail","6":"product_cat-growshop-fr","8":"first","9":"instock","10":"taxable","11":"shipping-taxable","12":"purchasable","13":"product-type-simple"},"_links":{"self":[{"href":"https:\/\/www.budream.com\/fr\/wp-json\/wp\/v2\/product\/123692","targetHints":{"allow":["GET"]}}],"collection":[{"href":"https:\/\/www.budream.com\/fr\/wp-json\/wp\/v2\/product"}],"about":[{"href":"https:\/\/www.budream.com\/fr\/wp-json\/wp\/v2\/types\/product"}],"replies":[{"embeddable":true,"href":"https:\/\/www.budream.com\/fr\/wp-json\/wp\/v2\/comments?post=123692"}],"version-history":[{"count":1,"href":"https:\/\/www.budream.com\/fr\/wp-json\/wp\/v2\/product\/123692\/revisions"}],"predecessor-version":[{"id":256160,"href":"https:\/\/www.budream.com\/fr\/wp-json\/wp\/v2\/product\/123692\/revisions\/256160"}],"wp:featuredmedia":[{"embeddable":true,"href":"https:\/\/www.budream.com\/fr\/wp-json\/wp\/v2\/media\/123622"}],"wp:attachment":[{"href":"https:\/\/www.budream.com\/fr\/wp-json\/wp\/v2\/media?parent=123692"}],"wp:term":[{"taxonomy":"product_brand","embeddable":true,"href":"https:\/\/www.budream.com\/fr\/wp-json\/wp\/v2\/product_brand?post=123692"},{"taxonomy":"product_cat","embeddable":true,"href":"https:\/\/www.budream.com\/fr\/wp-json\/wp\/v2\/product_cat?post=123692"},{"taxonomy":"product_tag","embeddable":true,"href":"https:\/\/www.budream.com\/fr\/wp-json\/wp\/v2\/product_tag?post=123692"}],"curies":[{"name":"wp","href":"https:\/\/api.w.org\/{rel}","templated":true}]}}