{"id":123757,"date":"2025-07-30T17:01:10","date_gmt":"2025-07-30T15:01:10","guid":{"rendered":"https:\/\/www.budream.com\/shop\/kit-250w-hps-crescita-e-fioritura\/"},"modified":"2026-03-19T11:14:05","modified_gmt":"2026-03-19T09:14:05","slug":"kit-250w-hps-crescita-e-fioritura","status":"publish","type":"product","link":"https:\/\/www.budream.com\/fr\/shop\/kit-250w-hps-crescita-e-fioritura\/","title":{"rendered":"250W BASIC HPS LIGHTING KIT"},"content":{"rendered":"<p>Kit d&rsquo;\u00e9clairage compos\u00e9 de<\/p>\n<p>&#8211; LAMPE 250W HPS<br \/>&#8211; SYST\u00c8ME D&rsquo;ALLUMAGE HORTI COMPACT GEAR 250W HPS -MH <br \/>&#8211; R\u00c9FLECTEUR PROFIL\u00c9 EN V MARTEL\u00c9 47X47X10 CERTIFI\u00c9 CE<\/p>\n","protected":false},"excerpt":{"rendered":"<p>Kit d&rsquo;\u00e9clairage compos\u00e9 de &#8211; LAMPE 250W HPS&#8211; SYST\u00c8ME D&rsquo;ALLUMAGE HORTI COMPACT GEAR 250W HPS -MH &#8211; R\u00c9FLECTEUR PROFIL\u00c9 EN<\/p>\n","protected":false},"featured_media":123622,"comment_status":"open","ping_status":"closed","template":"","meta":[],"product_brand":[],"product_cat":[7926],"product_tag":[],"class_list":{"0":"post-123757","1":"product","2":"type-product","3":"status-publish","4":"has-post-thumbnail","6":"product_cat-growshop-fr","8":"first","9":"instock","10":"taxable","11":"shipping-taxable","12":"purchasable","13":"product-type-simple"},"_links":{"self":[{"href":"https:\/\/www.budream.com\/fr\/wp-json\/wp\/v2\/product\/123757","targetHints":{"allow":["GET"]}}],"collection":[{"href":"https:\/\/www.budream.com\/fr\/wp-json\/wp\/v2\/product"}],"about":[{"href":"https:\/\/www.budream.com\/fr\/wp-json\/wp\/v2\/types\/product"}],"replies":[{"embeddable":true,"href":"https:\/\/www.budream.com\/fr\/wp-json\/wp\/v2\/comments?post=123757"}],"version-history":[{"count":1,"href":"https:\/\/www.budream.com\/fr\/wp-json\/wp\/v2\/product\/123757\/revisions"}],"predecessor-version":[{"id":256152,"href":"https:\/\/www.budream.com\/fr\/wp-json\/wp\/v2\/product\/123757\/revisions\/256152"}],"wp:featuredmedia":[{"embeddable":true,"href":"https:\/\/www.budream.com\/fr\/wp-json\/wp\/v2\/media\/123622"}],"wp:attachment":[{"href":"https:\/\/www.budream.com\/fr\/wp-json\/wp\/v2\/media?parent=123757"}],"wp:term":[{"taxonomy":"product_brand","embeddable":true,"href":"https:\/\/www.budream.com\/fr\/wp-json\/wp\/v2\/product_brand?post=123757"},{"taxonomy":"product_cat","embeddable":true,"href":"https:\/\/www.budream.com\/fr\/wp-json\/wp\/v2\/product_cat?post=123757"},{"taxonomy":"product_tag","embeddable":true,"href":"https:\/\/www.budream.com\/fr\/wp-json\/wp\/v2\/product_tag?post=123757"}],"curies":[{"name":"wp","href":"https:\/\/api.w.org\/{rel}","templated":true}]}}