{"id":124007,"date":"2025-07-30T17:18:35","date_gmt":"2025-07-30T15:18:35","guid":{"rendered":"https:\/\/www.budream.com\/shop\/cleanlight-pro-36w\/"},"modified":"2026-03-11T19:50:11","modified_gmt":"2026-03-11T17:50:11","slug":"cleanlight-pro-36w","status":"publish","type":"product","link":"https:\/\/www.budream.com\/fr\/shop\/cleanlight-pro-36w\/","title":{"rendered":"CLEANLIGHT PRO 36W"},"content":{"rendered":"<div style=\"font-family: arial;font-size: 12px;font-style: normal;font-variant: normal;font-weight: normal;line-height: normal;text-align: justify\">ARMEZ-VOUS CONTRE LA MOISISSURE !!!!<\/p>\n<p>La grande s\u0153ur du CLEAN LIGHT HOBBY UNIT permet de traiter les plantes plus rapidement gr\u00e2ce \u00e0 une plus grande puissance et \u00e0 une surface couverte en un seul passage.<\/p>\n<p>Les UV sont utilis\u00e9s depuis des d\u00e9cennies pour la d\u00e9sinfection de l&rsquo;eau potable et de l&rsquo;air dans les h\u00f4pitaux.<\/p><\/div>\n<div style=\"font-family: arial;font-size: 12px;font-style: normal;font-variant: normal;font-weight: normal;line-height: normal;text-align: justify\">Aujourd&rsquo;hui, gr\u00e2ce \u00e0 UVSOURCE, de nombreux agriculteurs et jardiniers utilisent<\/p>\n<div>LUMI\u00c8RE PROPRE PRO<\/div>\n<p>qui, gr\u00e2ce \u00e0 cette nouvelle technologie bas\u00e9e sur les UV-C, peut remplacer les pesticides.<\/p>\n<p>Avec CLEAN LIGHT PRO, vous pouvez enfin utiliser cette technologie \u00e0 la maison. CLEAN LIGHT PRO vous permet de prot\u00e9ger les plantes, les fleurs et les cultures contre les bact\u00e9ries, les moisissures et les virus d&rsquo;une mani\u00e8re biologique et respectueuse de l&rsquo;environnement. <\/p>\n<p>En effet, les pesticides chimiques peuvent nuire \u00e0 l&rsquo;environnement et ne sont certainement pas bons pour le go\u00fbt des produits comestibles ; en outre, les pesticides peuvent \u00eatre tr\u00e8s nocifs pour la sant\u00e9.<\/p><\/div>\n<div style=\"text-align: justify\"><span style=\"font-size: 12px\">En utilisant CLEAN LIGHT PRO, vous pouvez remplacer les pesticides par des doses de rayons UV. <br \/><\/span><br \/>Les rayons UVC ont un effet mortel sur les virus, les moisissures et les bact\u00e9ries, car ils endommagent la cha\u00eene d&rsquo;ADN et les emp\u00eachent de se reformer.<\/div>\n<p><span style=\"font-family: arial\"><span style=\"font-size: 12px\">Quelles sont les applications possibles ?<\/span><\/span><br \/> <span style=\"font-family: arial\"><span style=\"font-size: 12px\"> &#8211; Les plantes<\/span><\/span><br \/> <span style=\"font-family: arial\"><span style=\"font-size: 12px\"> &#8211; les fleurs <\/span><\/span><br \/> <span style=\"font-family: arial\"><span style=\"font-size: 12px\">&#8211; L\u00e9gumes et l\u00e9gumineuses <\/span><\/span><br \/> <span style=\"font-family: arial\"><span style=\"font-size: 12px\">&#8211; Les fruits<\/span><\/span><br \/> <span style=\"font-family: arial\"><span style=\"font-size: 12px\"> &#8211; gazon <\/span><\/span><\/p>\n<p><span style=\"font-family: arial\"><span style=\"font-size: 12px\">CLEAN LIGHT PRO contient : <\/span><\/span><br \/> <span style=\"font-family: arial\"><span style=\"font-size: 12px\"> &#8211; L&rsquo;outil CleanLight<\/span><\/span><br \/> <span style=\"font-family: arial\"><span style=\"font-size: 12px\"> &#8211; Lampe CleanLight (36 Watt)<\/span><\/span><br \/> <span style=\"font-family: arial\"><span style=\"font-size: 12px\"> &#8211; Lunettes de protection UV<\/span><\/span><br \/> <span style=\"font-family: arial\"><span style=\"font-size: 12px\"> &#8211; Gants <\/span><\/span><\/p>\n<p> <span style=\"font-family: arial\"><span style=\"font-size: 12px\"> IMPORTANT : DOIT \u00caTRE UTILIS\u00c9 EN PORTANT LES LUNETTES ET LES GANTS DE PROTECTION FOURNIS AVEC LE PRODUIT. TOUTES LES PARTIES DU CORPS DOIVENT \u00caTRE PROT\u00c9G\u00c9ES PAR DES V\u00caTEMENTS LONGS.<\/span><\/span><\/p>\n<div id=\"isChromeWebToolbarDiv\"><\/div>\n","protected":false},"excerpt":{"rendered":"<p>ARMEZ-VOUS CONTRE LA MOISISSURE !!!! La grande s\u0153ur du CLEAN LIGHT HOBBY UNIT permet de traiter les plantes plus rapidement<\/p>\n","protected":false},"featured_media":123522,"comment_status":"open","ping_status":"closed","template":"","meta":[],"product_brand":[],"product_cat":[7928],"product_tag":[],"class_list":{"0":"post-124007","1":"product","2":"type-product","3":"status-publish","4":"has-post-thumbnail","6":"product_cat-antiparasitaires-et-defense","8":"first","9":"instock","10":"taxable","11":"shipping-taxable","12":"purchasable","13":"product-type-simple"},"_links":{"self":[{"href":"https:\/\/www.budream.com\/fr\/wp-json\/wp\/v2\/product\/124007","targetHints":{"allow":["GET"]}}],"collection":[{"href":"https:\/\/www.budream.com\/fr\/wp-json\/wp\/v2\/product"}],"about":[{"href":"https:\/\/www.budream.com\/fr\/wp-json\/wp\/v2\/types\/product"}],"replies":[{"embeddable":true,"href":"https:\/\/www.budream.com\/fr\/wp-json\/wp\/v2\/comments?post=124007"}],"version-history":[{"count":0,"href":"https:\/\/www.budream.com\/fr\/wp-json\/wp\/v2\/product\/124007\/revisions"}],"wp:featuredmedia":[{"embeddable":true,"href":"https:\/\/www.budream.com\/fr\/wp-json\/wp\/v2\/media\/123522"}],"wp:attachment":[{"href":"https:\/\/www.budream.com\/fr\/wp-json\/wp\/v2\/media?parent=124007"}],"wp:term":[{"taxonomy":"product_brand","embeddable":true,"href":"https:\/\/www.budream.com\/fr\/wp-json\/wp\/v2\/product_brand?post=124007"},{"taxonomy":"product_cat","embeddable":true,"href":"https:\/\/www.budream.com\/fr\/wp-json\/wp\/v2\/product_cat?post=124007"},{"taxonomy":"product_tag","embeddable":true,"href":"https:\/\/www.budream.com\/fr\/wp-json\/wp\/v2\/product_tag?post=124007"}],"curies":[{"name":"wp","href":"https:\/\/api.w.org\/{rel}","templated":true}]}}