{"id":124137,"date":"2025-07-30T17:27:49","date_gmt":"2025-07-30T15:27:49","guid":{"rendered":"https:\/\/www.budream.com\/shop\/watermaster-5l-foliar-treatment-pressure-pump\/"},"modified":"2026-03-26T15:25:46","modified_gmt":"2026-03-26T13:25:46","slug":"watermaster-5l-foliar-treatment-pressure-pump","status":"publish","type":"product","link":"https:\/\/www.budream.com\/fr\/shop\/watermaster-5l-foliar-treatment-pressure-pump\/","title":{"rendered":"WATERMASTER 5L FOLIAR TREATMENT PRESSURE PUMP"},"content":{"rendered":"<p>Pompe \u00e0 dos professionnelle avec fonctionnement sous pression. <br \/>Volume de chargement 5 litres. <br \/>La particularit\u00e9 de ces pompes est qu&rsquo;une fois la solution \u00e0 pulv\u00e9riser introduite, il est n\u00e9cessaire d&rsquo;y injecter de l&rsquo;air par l&rsquo;interm\u00e9diaire d&rsquo;un levier sp\u00e9cial. Une fois cette op\u00e9ration \u00e9l\u00e9mentaire termin\u00e9e, il suffit d&rsquo;appuyer sur le bouton de distribution pour atomiser la solution contenue. <\/p>\n<p>\u00c9quip\u00e9e d&rsquo;une lance en plastique de 50 cm de long et d&rsquo;une buse r\u00e9glable permettant d&rsquo;\u00e9largir ou de r\u00e9duire le d\u00e9bit de la solution distribu\u00e9e.<\/p>\n","protected":false},"excerpt":{"rendered":"<p>Pompe \u00e0 dos professionnelle avec fonctionnement sous pression. Volume de chargement 5 litres. La particularit\u00e9 de ces pompes est qu&rsquo;une<\/p>\n","protected":false},"featured_media":124132,"comment_status":"open","ping_status":"closed","template":"","meta":[],"product_brand":[],"product_cat":[7928],"product_tag":[],"class_list":{"0":"post-124137","1":"product","2":"type-product","3":"status-publish","4":"has-post-thumbnail","6":"product_cat-antiparasitaires-et-defense","8":"first","9":"instock","10":"taxable","11":"shipping-taxable","12":"purchasable","13":"product-type-simple"},"_links":{"self":[{"href":"https:\/\/www.budream.com\/fr\/wp-json\/wp\/v2\/product\/124137","targetHints":{"allow":["GET"]}}],"collection":[{"href":"https:\/\/www.budream.com\/fr\/wp-json\/wp\/v2\/product"}],"about":[{"href":"https:\/\/www.budream.com\/fr\/wp-json\/wp\/v2\/types\/product"}],"replies":[{"embeddable":true,"href":"https:\/\/www.budream.com\/fr\/wp-json\/wp\/v2\/comments?post=124137"}],"version-history":[{"count":0,"href":"https:\/\/www.budream.com\/fr\/wp-json\/wp\/v2\/product\/124137\/revisions"}],"wp:featuredmedia":[{"embeddable":true,"href":"https:\/\/www.budream.com\/fr\/wp-json\/wp\/v2\/media\/124132"}],"wp:attachment":[{"href":"https:\/\/www.budream.com\/fr\/wp-json\/wp\/v2\/media?parent=124137"}],"wp:term":[{"taxonomy":"product_brand","embeddable":true,"href":"https:\/\/www.budream.com\/fr\/wp-json\/wp\/v2\/product_brand?post=124137"},{"taxonomy":"product_cat","embeddable":true,"href":"https:\/\/www.budream.com\/fr\/wp-json\/wp\/v2\/product_cat?post=124137"},{"taxonomy":"product_tag","embeddable":true,"href":"https:\/\/www.budream.com\/fr\/wp-json\/wp\/v2\/product_tag?post=124137"}],"curies":[{"name":"wp","href":"https:\/\/api.w.org\/{rel}","templated":true}]}}