{"id":124152,"date":"2025-07-30T17:29:08","date_gmt":"2025-07-30T15:29:08","guid":{"rendered":"https:\/\/www.budream.com\/shop\/pompe-a-pression-atomiseur-spray-1l\/"},"modified":"2026-03-10T16:46:48","modified_gmt":"2026-03-10T14:46:48","slug":"pompe-a-pression-atomiseur-spray-1l","status":"publish","type":"product","link":"https:\/\/www.budream.com\/fr\/shop\/pompe-a-pression-atomiseur-spray-1l\/","title":{"rendered":"POMPE \u00c0 PRESSION ATOMISEUR SPRAY 1L"},"content":{"rendered":"<p>Pulv\u00e9risateur avec buse r\u00e9glable. Convient pour la pulv\u00e9risation de produits phytosanitaires.<\/p>\n","protected":false},"excerpt":{"rendered":"<p>Pulv\u00e9risateur avec buse r\u00e9glable. Convient pour la pulv\u00e9risation de produits phytosanitaires.<\/p>\n","protected":false},"featured_media":122827,"comment_status":"open","ping_status":"closed","template":"","meta":[],"product_brand":[],"product_cat":[7928],"product_tag":[],"class_list":{"0":"post-124152","1":"product","2":"type-product","3":"status-publish","4":"has-post-thumbnail","6":"product_cat-antiparasitaires-et-defense","8":"first","9":"instock","10":"taxable","11":"shipping-taxable","12":"purchasable","13":"product-type-simple"},"_links":{"self":[{"href":"https:\/\/www.budream.com\/fr\/wp-json\/wp\/v2\/product\/124152","targetHints":{"allow":["GET"]}}],"collection":[{"href":"https:\/\/www.budream.com\/fr\/wp-json\/wp\/v2\/product"}],"about":[{"href":"https:\/\/www.budream.com\/fr\/wp-json\/wp\/v2\/types\/product"}],"replies":[{"embeddable":true,"href":"https:\/\/www.budream.com\/fr\/wp-json\/wp\/v2\/comments?post=124152"}],"version-history":[{"count":0,"href":"https:\/\/www.budream.com\/fr\/wp-json\/wp\/v2\/product\/124152\/revisions"}],"wp:featuredmedia":[{"embeddable":true,"href":"https:\/\/www.budream.com\/fr\/wp-json\/wp\/v2\/media\/122827"}],"wp:attachment":[{"href":"https:\/\/www.budream.com\/fr\/wp-json\/wp\/v2\/media?parent=124152"}],"wp:term":[{"taxonomy":"product_brand","embeddable":true,"href":"https:\/\/www.budream.com\/fr\/wp-json\/wp\/v2\/product_brand?post=124152"},{"taxonomy":"product_cat","embeddable":true,"href":"https:\/\/www.budream.com\/fr\/wp-json\/wp\/v2\/product_cat?post=124152"},{"taxonomy":"product_tag","embeddable":true,"href":"https:\/\/www.budream.com\/fr\/wp-json\/wp\/v2\/product_tag?post=124152"}],"curies":[{"name":"wp","href":"https:\/\/api.w.org\/{rel}","templated":true}]}}