{"id":124162,"date":"2025-07-30T17:29:54","date_gmt":"2025-07-30T15:29:54","guid":{"rendered":"https:\/\/www.budream.com\/shop\/g-lock-butane-gas-lighter-oil-lux-refillable-torch\/"},"modified":"2026-03-23T16:22:51","modified_gmt":"2026-03-23T14:22:51","slug":"g-lock-butane-gas-lighter-oil-lux-refillable-torch","status":"publish","type":"product","link":"https:\/\/www.budream.com\/fr\/shop\/g-lock-butane-gas-lighter-oil-lux-refillable-torch\/","title":{"rendered":"G-LOCK &#8211; BUTANE GAS LIGHTER OIL LUX REFILLABLE TORCH"},"content":{"rendered":"<p>Briquet \u00e0 gaz butane rechargeable avec bouton de s\u00e9curit\u00e9 et s\u00e9curit\u00e9 enfant.<\/p>\n<h2 style=\"margin-left: 0cm\"><span style=\"text-decoration: underline\">Briquet \u00e0 gaz butane rechargeable :<\/span><\/h2>\n<ul style=\"list-style-type: disc\">\n<li>Temp\u00e9rature de combustion du gaz : 1300&deg;C<\/li>\n<li>Contenu du gaz de combustion : 42ml de butane<\/li>\n<li>Dur\u00e9e maximale de la flamme \u00e0 pleine charge : 60-70min<\/li>\n<\/ul>\n","protected":false},"excerpt":{"rendered":"<p>Briquet \u00e0 gaz butane rechargeable avec bouton de s\u00e9curit\u00e9 et s\u00e9curit\u00e9 enfant. Briquet \u00e0 gaz butane rechargeable : Temp\u00e9rature de<\/p>\n","protected":false},"featured_media":124157,"comment_status":"open","ping_status":"closed","template":"","meta":[],"product_brand":[],"product_cat":[7949],"product_tag":[],"class_list":{"0":"post-124162","1":"product","2":"type-product","3":"status-publish","4":"has-post-thumbnail","6":"product_cat-headshop-fr","8":"first","9":"instock","10":"taxable","11":"shipping-taxable","12":"purchasable","13":"product-type-simple"},"_links":{"self":[{"href":"https:\/\/www.budream.com\/fr\/wp-json\/wp\/v2\/product\/124162","targetHints":{"allow":["GET"]}}],"collection":[{"href":"https:\/\/www.budream.com\/fr\/wp-json\/wp\/v2\/product"}],"about":[{"href":"https:\/\/www.budream.com\/fr\/wp-json\/wp\/v2\/types\/product"}],"replies":[{"embeddable":true,"href":"https:\/\/www.budream.com\/fr\/wp-json\/wp\/v2\/comments?post=124162"}],"version-history":[{"count":0,"href":"https:\/\/www.budream.com\/fr\/wp-json\/wp\/v2\/product\/124162\/revisions"}],"wp:featuredmedia":[{"embeddable":true,"href":"https:\/\/www.budream.com\/fr\/wp-json\/wp\/v2\/media\/124157"}],"wp:attachment":[{"href":"https:\/\/www.budream.com\/fr\/wp-json\/wp\/v2\/media?parent=124162"}],"wp:term":[{"taxonomy":"product_brand","embeddable":true,"href":"https:\/\/www.budream.com\/fr\/wp-json\/wp\/v2\/product_brand?post=124162"},{"taxonomy":"product_cat","embeddable":true,"href":"https:\/\/www.budream.com\/fr\/wp-json\/wp\/v2\/product_cat?post=124162"},{"taxonomy":"product_tag","embeddable":true,"href":"https:\/\/www.budream.com\/fr\/wp-json\/wp\/v2\/product_tag?post=124162"}],"curies":[{"name":"wp","href":"https:\/\/api.w.org\/{rel}","templated":true}]}}