{"id":124352,"date":"2025-07-30T17:44:35","date_gmt":"2025-07-30T15:44:35","guid":{"rendered":"https:\/\/www.budream.com\/shop\/moulin-a-gos-electrique-sans-piles\/"},"modified":"2026-04-08T09:04:21","modified_gmt":"2026-04-08T07:04:21","slug":"moulin-a-gos-electrique-sans-piles","status":"publish","type":"product","link":"https:\/\/www.budream.com\/fr\/shop\/moulin-a-gos-electrique-sans-piles\/","title":{"rendered":"MOULIN \u00c0 GOS \u00c9LECTRIQUE (SANS PILES)"},"content":{"rendered":"<p>Moulin \u00e9lectrique \u00e0 piles.<\/p>\n<p>Les piles ne sont pas incluses.<\/p>\n<p>N.B. La bo\u00eete indique \u00e0 <strong>tort<\/strong> que le produit est livr\u00e9 avec des piles.<\/p>\n","protected":false},"excerpt":{"rendered":"<p>Moulin \u00e9lectrique \u00e0 piles. Les piles ne sont pas incluses. N.B. La bo\u00eete indique \u00e0 tort que le produit est<\/p>\n","protected":false},"featured_media":124347,"comment_status":"open","ping_status":"closed","template":"","meta":[],"product_brand":[],"product_cat":[7949],"product_tag":[],"class_list":{"0":"post-124352","1":"product","2":"type-product","3":"status-publish","4":"has-post-thumbnail","6":"product_cat-headshop-fr","8":"first","9":"instock","10":"taxable","11":"shipping-taxable","12":"purchasable","13":"product-type-simple"},"_links":{"self":[{"href":"https:\/\/www.budream.com\/fr\/wp-json\/wp\/v2\/product\/124352","targetHints":{"allow":["GET"]}}],"collection":[{"href":"https:\/\/www.budream.com\/fr\/wp-json\/wp\/v2\/product"}],"about":[{"href":"https:\/\/www.budream.com\/fr\/wp-json\/wp\/v2\/types\/product"}],"replies":[{"embeddable":true,"href":"https:\/\/www.budream.com\/fr\/wp-json\/wp\/v2\/comments?post=124352"}],"version-history":[{"count":0,"href":"https:\/\/www.budream.com\/fr\/wp-json\/wp\/v2\/product\/124352\/revisions"}],"wp:featuredmedia":[{"embeddable":true,"href":"https:\/\/www.budream.com\/fr\/wp-json\/wp\/v2\/media\/124347"}],"wp:attachment":[{"href":"https:\/\/www.budream.com\/fr\/wp-json\/wp\/v2\/media?parent=124352"}],"wp:term":[{"taxonomy":"product_brand","embeddable":true,"href":"https:\/\/www.budream.com\/fr\/wp-json\/wp\/v2\/product_brand?post=124352"},{"taxonomy":"product_cat","embeddable":true,"href":"https:\/\/www.budream.com\/fr\/wp-json\/wp\/v2\/product_cat?post=124352"},{"taxonomy":"product_tag","embeddable":true,"href":"https:\/\/www.budream.com\/fr\/wp-json\/wp\/v2\/product_tag?post=124352"}],"curies":[{"name":"wp","href":"https:\/\/api.w.org\/{rel}","templated":true}]}}