{"id":124367,"date":"2025-07-30T17:45:52","date_gmt":"2025-07-30T15:45:52","guid":{"rendered":"https:\/\/www.budream.com\/shop\/bracelets-en-titane-18mm\/"},"modified":"2026-02-06T13:49:58","modified_gmt":"2026-02-06T11:49:58","slug":"bracelets-en-titane-18mm","status":"publish","type":"product","link":"https:\/\/www.budream.com\/fr\/shop\/bracelets-en-titane-18mm\/","title":{"rendered":"BRACELETS EN TITANE | 18mm"},"content":{"rendered":"<p>Parfait pour les pipes et les bongs avec un raccord m\u00e2le de 18 mm. Brasero en titane de 18 mm avec des composants filet\u00e9s qui peuvent \u00eatre compl\u00e8tement d\u00e9mont\u00e9s pour un nettoyage facile.<\/p>\n","protected":false},"excerpt":{"rendered":"<p>Parfait pour les pipes et les bongs avec un raccord m\u00e2le de 18 mm. Brasero en titane de 18 mm<\/p>\n","protected":false},"featured_media":124357,"comment_status":"open","ping_status":"closed","template":"","meta":[],"product_brand":[],"product_cat":[7949],"product_tag":[],"class_list":{"0":"post-124367","1":"product","2":"type-product","3":"status-publish","4":"has-post-thumbnail","6":"product_cat-headshop-fr","8":"first","9":"instock","10":"taxable","11":"shipping-taxable","12":"purchasable","13":"product-type-simple"},"_links":{"self":[{"href":"https:\/\/www.budream.com\/fr\/wp-json\/wp\/v2\/product\/124367","targetHints":{"allow":["GET"]}}],"collection":[{"href":"https:\/\/www.budream.com\/fr\/wp-json\/wp\/v2\/product"}],"about":[{"href":"https:\/\/www.budream.com\/fr\/wp-json\/wp\/v2\/types\/product"}],"replies":[{"embeddable":true,"href":"https:\/\/www.budream.com\/fr\/wp-json\/wp\/v2\/comments?post=124367"}],"version-history":[{"count":0,"href":"https:\/\/www.budream.com\/fr\/wp-json\/wp\/v2\/product\/124367\/revisions"}],"wp:featuredmedia":[{"embeddable":true,"href":"https:\/\/www.budream.com\/fr\/wp-json\/wp\/v2\/media\/124357"}],"wp:attachment":[{"href":"https:\/\/www.budream.com\/fr\/wp-json\/wp\/v2\/media?parent=124367"}],"wp:term":[{"taxonomy":"product_brand","embeddable":true,"href":"https:\/\/www.budream.com\/fr\/wp-json\/wp\/v2\/product_brand?post=124367"},{"taxonomy":"product_cat","embeddable":true,"href":"https:\/\/www.budream.com\/fr\/wp-json\/wp\/v2\/product_cat?post=124367"},{"taxonomy":"product_tag","embeddable":true,"href":"https:\/\/www.budream.com\/fr\/wp-json\/wp\/v2\/product_tag?post=124367"}],"curies":[{"name":"wp","href":"https:\/\/api.w.org\/{rel}","templated":true}]}}