{"id":124397,"date":"2025-07-30T17:48:11","date_gmt":"2025-07-30T15:48:11","guid":{"rendered":"https:\/\/www.budream.com\/shop\/rothenberger-roairvac-pompe-a-vide-6-cfm-170l-min\/"},"modified":"2025-12-18T18:11:34","modified_gmt":"2025-12-18T16:11:34","slug":"rothenberger-roairvac-pompe-a-vide-6-cfm-170l-min","status":"publish","type":"product","link":"https:\/\/www.budream.com\/fr\/shop\/rothenberger-roairvac-pompe-a-vide-6-cfm-170l-min\/","title":{"rendered":"ROTHENBERGER &#8211; ROAIRVAC POMPE \u00c0 VIDE | 6 CFM (170L\/MIN)"},"content":{"rendered":"<p><span style=\"font-size: 12pt\">Pompe \u00e0 vide professionnelle Rothenberger avec vacuom\u00e8tre int\u00e9gr\u00e9 et interrupteur de s\u00e9curit\u00e9. Pompe \u00e0 vide Roairvac 6 CFM 170 L\/min.<\/span><\/p>\n<h2><span style=\"text-decoration: underline\"><br \/><strong>Caract\u00e9ristiques principales Pompe \u00e0 vide<\/strong> Rothenberger :<\/span><\/h2>\n<ul style=\"list-style-type: disc\">\n<li><span style=\"font-size: 12pt\">Protection des composants internes dans une construction l\u00e9g\u00e8re ;<\/span><\/li>\n<li><span style=\"font-size: 12pt\">\u00c9lectrovanne pour prot\u00e9ger le cycle de r\u00e9frig\u00e9ration contre les fuites d&rsquo;huile lors des faux d\u00e9marrages ;<\/span><\/li>\n<li><span style=\"font-size: 12pt\">Vacuom\u00e8tre avec manom\u00e8tre int\u00e9gr\u00e9 ;<\/span><\/li>\n<li><span style=\"font-size: 12pt\">Soupape d&rsquo;\u00e9chappement pour la r\u00e9duction des vapeurs dans le r\u00e9servoir d&rsquo;huile, les gaz peuvent \u00eatre facilement \u00e9limin\u00e9s ;<\/span><\/li>\n<li><span style=\"font-size: 12pt\">Filtre sp\u00e9cial pour r\u00e9duire les r\u00e9sidus d&rsquo;huile dans le tuyau d&rsquo;\u00e9chappement ;<\/span><\/li>\n<li><span style=\"font-size: 12pt\">Lecture facile du niveau d&rsquo;huile gr\u00e2ce au voyant en verre ;<\/span><\/li>\n<li><span style=\"font-size: 12pt\">Remplissage d&rsquo;huile facile et rapide sans avoir besoin d&rsquo;entonnoirs sp\u00e9ciaux ;<\/span><\/li>\n<li><span style=\"font-size: 12pt\">Interrupteur de s\u00e9curit\u00e9 pour \u00e9viter la surchauffe du moteur ;<\/span><\/li>\n<li><span style=\"font-size: 11px\"><span style=\"font-size: 12pt\">Acc\u00e8s facile au bouchon de vidange d&rsquo;huile ;<\/span><\/span><span style=\"font-size: 11px\"><span style=\"font-size: 11px\"><br \/><\/span><\/span><\/li>\n<\/ul>\n<h2><span style=\"text-decoration: underline\"><br \/><strong>Caract\u00e9ristiques techniques Pompe \u00e0 vide Rothenberger :<\/strong><\/span><\/h2>\n<ul style=\"list-style-type: disc\">\n<li><span style=\"font-size: 12pt\"><strong>Tension :<\/strong> 230 V<\/span><\/li>\n<li><span style=\"font-size: 12pt\"><strong>Moteur :<\/strong> 375 W<\/span><\/li>\n<li><span style=\"font-size: 12pt\"><strong>Rotations par minute :<\/strong> 3440 r\/m<\/span><\/li>\n<li><span style=\"font-size: 12pt\"><strong>Poids du produit<\/strong>: 11,5 kg<\/span><\/li>\n<li><span style=\"font-size: 12pt\"><strong>Fr\u00e9quence :<\/strong> 50\/60 Hz<\/span><\/li>\n<li><span style=\"font-size: 12pt\"><strong>Niveau de vide :<\/strong> 25 microns<\/span><\/li>\n<li><span style=\"font-size: 12pt\"><strong>Vide final :<\/strong> 0,034 mbar<\/span><\/li>\n<li><span style=\"font-size: 12pt\"><strong>D\u00e9bit en m\u00e8tres cubes :<\/strong> 10,2 m&sup3;\/h<\/span><\/li>\n<li><span style=\"font-size: 12pt\"><strong>D\u00e9bit de la pompe :<\/strong> 170 l\/min max.<\/span><\/li>\n<li><span style=\"font-size: 12pt\"><strong>D\u00e9bit (en CFM) :<\/strong> 6,0 CFM<\/span><\/li>\n<li><span style=\"font-size: 12pt\"><strong>Capacit\u00e9 :<\/strong> 330 ml<\/span><\/li>\n<li><span style=\"font-size: 12pt\"><strong>Manom\u00e8tre &Oslash; :<\/strong> 50 mm<\/span><\/li>\n<li><span style=\"font-size: 12pt\"><strong>Raccord :<\/strong> 1\/4 de pouce<br \/> <\/span><\/li>\n<\/ul>\n","protected":false},"excerpt":{"rendered":"<p>Pompe \u00e0 vide professionnelle Rothenberger avec vacuom\u00e8tre int\u00e9gr\u00e9 et interrupteur de s\u00e9curit\u00e9. Pompe \u00e0 vide Roairvac 6 CFM 170 L\/min.<\/p>\n","protected":false},"featured_media":124382,"comment_status":"open","ping_status":"closed","template":"","meta":[],"product_brand":[],"product_cat":[7949],"product_tag":[],"class_list":{"0":"post-124397","1":"product","2":"type-product","3":"status-publish","4":"has-post-thumbnail","6":"product_cat-headshop-fr","8":"first","9":"instock","10":"taxable","11":"shipping-taxable","12":"purchasable","13":"product-type-simple"},"_links":{"self":[{"href":"https:\/\/www.budream.com\/fr\/wp-json\/wp\/v2\/product\/124397","targetHints":{"allow":["GET"]}}],"collection":[{"href":"https:\/\/www.budream.com\/fr\/wp-json\/wp\/v2\/product"}],"about":[{"href":"https:\/\/www.budream.com\/fr\/wp-json\/wp\/v2\/types\/product"}],"replies":[{"embeddable":true,"href":"https:\/\/www.budream.com\/fr\/wp-json\/wp\/v2\/comments?post=124397"}],"version-history":[{"count":0,"href":"https:\/\/www.budream.com\/fr\/wp-json\/wp\/v2\/product\/124397\/revisions"}],"wp:featuredmedia":[{"embeddable":true,"href":"https:\/\/www.budream.com\/fr\/wp-json\/wp\/v2\/media\/124382"}],"wp:attachment":[{"href":"https:\/\/www.budream.com\/fr\/wp-json\/wp\/v2\/media?parent=124397"}],"wp:term":[{"taxonomy":"product_brand","embeddable":true,"href":"https:\/\/www.budream.com\/fr\/wp-json\/wp\/v2\/product_brand?post=124397"},{"taxonomy":"product_cat","embeddable":true,"href":"https:\/\/www.budream.com\/fr\/wp-json\/wp\/v2\/product_cat?post=124397"},{"taxonomy":"product_tag","embeddable":true,"href":"https:\/\/www.budream.com\/fr\/wp-json\/wp\/v2\/product_tag?post=124397"}],"curies":[{"name":"wp","href":"https:\/\/api.w.org\/{rel}","templated":true}]}}