{"id":124497,"date":"2025-07-30T17:54:20","date_gmt":"2025-07-30T15:54:20","guid":{"rendered":"https:\/\/www.budream.com\/shop\/pandoras-pot-vaso-in-plastica-leggera-100pz-10x12x30h-cm-2l\/"},"modified":"2026-02-18T17:14:06","modified_gmt":"2026-02-18T15:14:06","slug":"pandoras-pot-vaso-in-plastica-leggera-100pz-10x12x30h-cm-2l","status":"publish","type":"product","link":"https:\/\/www.budream.com\/fr\/shop\/pandoras-pot-vaso-in-plastica-leggera-100pz-10x12x30h-cm-2l\/","title":{"rendered":"PANDORA&rsquo;S POT &#8211; Pot en plastique l\u00e9ger 100pcs. | 10x12x30h cm &#8211; 2L"},"content":{"rendered":"<p>Le PANDORA&rsquo;S POT est un syst\u00e8me brevet\u00e9 qui remplace les pots de jardinage et de p\u00e9pini\u00e8re normaux par des conteneurs modulaires pliables en plastique l\u00e9ger, capables de r\u00e9pondre \u00e0 tous les besoins de culture : de la production de petites plantes (\u00e0 partir de graines ou de clones) \u00e0 la culture et \u00e0 la floraison de l\u00e9gumes, en passant par l&rsquo;entretien des plantes m\u00e8res. En outre, leur polyvalence permet de les utiliser avec n&rsquo;importe quel type de substrat et\/ou de technique de culture (terre, terreau, semis pour l&rsquo;hydroponie).<\/p>\n<h2><strong><span style=\"text-decoration: underline\">Les avantages de PANDORA&rsquo;S Pot sont les suivants :<\/span><\/strong><\/h2>\n<ul style=\"list-style-type: disc\">\n<li><strong>Moins cher que les pots traditionnels<\/strong><\/li>\n<li><strong>Plus discret <\/strong><\/li>\n<li><strong>Plus intelligent<\/strong><\/li>\n<li><strong>Moins encombrant<\/strong><\/li>\n<li><strong>Moins polluant<\/strong><\/li>\n<li><strong>Moins lourd<\/strong><\/li>\n<li><strong>Moins co\u00fbteux \u00e0 transporter<\/strong><\/li>\n<\/ul>\n<p>La forme de ces conteneurs a \u00e9t\u00e9 con\u00e7ue pour permettre une utilisation rationnelle de l&rsquo;espace de culture en profitant de la r\u00e9cup\u00e9ration de l&rsquo;espace interm\u00e9diaire normalement perdu avec les pots rigides traditionnels.<br \/>Tout ceci se traduit par une augmentation consid\u00e9rable du volume disponible pour les racines pour le m\u00eame nombre de m\u00e8tres carr\u00e9s cultiv\u00e9s, un facteur \u00e0 ne pas n\u00e9gliger dans les productions intensives car il apporte des gains en termes de rendement aussi bien dans les cultures en int\u00e9rieur qu&rsquo;en ext\u00e9rieur.<\/p>\n<p>Dans la pratique, la parfaite modularit\u00e9 et l&rsquo;extr\u00eame coh\u00e9sion entre les diff\u00e9rents \u00e9l\u00e9ments permettent \u00e0 <strong>PANDORA de recr\u00e9er un espace de type terrarium n&rsquo;importe o\u00f9<\/strong>, mais avec la possibilit\u00e9 de s\u00e9parer les diff\u00e9rents \u00e9l\u00e9ments lorsque le consommateur le souhaite, par exemple lorsqu&rsquo;une plante est malade ou moins vigoureuse que les autres.<\/p>\n<p>D&rsquo;autres avantages de PANDORA \u00e0 ne pas n\u00e9gliger sont avant tout sa <strong>praticit\u00e9<\/strong> avant, pendant et apr\u00e8s l&rsquo;utilisation, car il peut \u00eatre <strong>facilement lav\u00e9<\/strong> et stock\u00e9 dans de petits volumes. En effet, un PANDORA peut \u00eatre facilement pli\u00e9 n&rsquo;importe o\u00f9, \u00e9liminant ainsi l&rsquo;encombrement des pots pendant le transport ainsi que lorsqu&rsquo;ils sont temporairement inutilis\u00e9s.<br \/>Il est facile de comprendre que ce point concerne aussi bien ceux qui ont une entreprise et n&rsquo;ont pas d&rsquo;espace de stockage que le simple consommateur qui pourra lib\u00e9rer le placard o\u00f9 il range habituellement les pots inutilis\u00e9s.<\/p>\n","protected":false},"excerpt":{"rendered":"<p>Le PANDORA&rsquo;S POT est un syst\u00e8me brevet\u00e9 qui remplace les pots de jardinage et de p\u00e9pini\u00e8re normaux par des conteneurs<\/p>\n","protected":false},"featured_media":124482,"comment_status":"open","ping_status":"closed","template":"","meta":[],"product_brand":[],"product_cat":[7926],"product_tag":[],"class_list":{"0":"post-124497","1":"product","2":"type-product","3":"status-publish","4":"has-post-thumbnail","6":"product_cat-growshop-fr","8":"first","9":"instock","10":"taxable","11":"shipping-taxable","12":"purchasable","13":"product-type-simple"},"_links":{"self":[{"href":"https:\/\/www.budream.com\/fr\/wp-json\/wp\/v2\/product\/124497","targetHints":{"allow":["GET"]}}],"collection":[{"href":"https:\/\/www.budream.com\/fr\/wp-json\/wp\/v2\/product"}],"about":[{"href":"https:\/\/www.budream.com\/fr\/wp-json\/wp\/v2\/types\/product"}],"replies":[{"embeddable":true,"href":"https:\/\/www.budream.com\/fr\/wp-json\/wp\/v2\/comments?post=124497"}],"version-history":[{"count":0,"href":"https:\/\/www.budream.com\/fr\/wp-json\/wp\/v2\/product\/124497\/revisions"}],"wp:featuredmedia":[{"embeddable":true,"href":"https:\/\/www.budream.com\/fr\/wp-json\/wp\/v2\/media\/124482"}],"wp:attachment":[{"href":"https:\/\/www.budream.com\/fr\/wp-json\/wp\/v2\/media?parent=124497"}],"wp:term":[{"taxonomy":"product_brand","embeddable":true,"href":"https:\/\/www.budream.com\/fr\/wp-json\/wp\/v2\/product_brand?post=124497"},{"taxonomy":"product_cat","embeddable":true,"href":"https:\/\/www.budream.com\/fr\/wp-json\/wp\/v2\/product_cat?post=124497"},{"taxonomy":"product_tag","embeddable":true,"href":"https:\/\/www.budream.com\/fr\/wp-json\/wp\/v2\/product_tag?post=124497"}],"curies":[{"name":"wp","href":"https:\/\/api.w.org\/{rel}","templated":true}]}}