{"id":124547,"date":"2025-07-30T17:57:00","date_gmt":"2025-07-30T15:57:00","guid":{"rendered":"https:\/\/www.budream.com\/shop\/arizer-vaporisateur-v-tower\/"},"modified":"2026-01-19T11:29:02","modified_gmt":"2026-01-19T09:29:02","slug":"arizer-vaporisateur-v-tower","status":"publish","type":"product","link":"https:\/\/www.budream.com\/fr\/shop\/arizer-vaporisateur-v-tower\/","title":{"rendered":"ARIZER &#8211; VAPORISATEUR V-TOWER"},"content":{"rendered":"<p>Con\u00e7ue dans un souci d&rsquo;efficacit\u00e9, la <strong>V-Tower<\/strong> d\u00e9livre une vapeur savoureuse \u00e0 chaque session et est tr\u00e8s facile \u00e0 utiliser. Le bol Cyclone vous permet de contr\u00f4ler efficacement le dosage et de tirer le meilleur parti de vos produits botaniques.<br \/>Le <strong>V-Tower<\/strong> est dot\u00e9 d&rsquo;un bol en verre de taille parfaite : le bol doit \u00eatre positionn\u00e9 verticalement pour permettre \u00e0 l&rsquo;air de se r\u00e9partir uniform\u00e9ment et efficacement \u00e0 travers le mat\u00e9riau, lib\u00e9rant ainsi une vapeur riche et puissante.<br \/>Le tube en silicone de qualit\u00e9 alimentaire garantit une vapeur fra\u00eeche, douce et savoureuse, sans go\u00fbt de caoutchouc ou de plastique.<\/p>\n<p>L&rsquo;Arizer V-Tower est un <strong>appareil polyvalent<\/strong> qui peut \u00eatre utilis\u00e9 comme vapeur, diffuseur d&rsquo;huiles essentielles et appareil d&rsquo;aromath\u00e9rapie :<br \/>Utilisez le syst\u00e8me de tubes pour une extraction directe ou rafra\u00eechissez et cr\u00e9ez une atmosph\u00e8re gr\u00e2ce \u00e0 la fonction d&rsquo;aromath\u00e9rapie et au bol en verre.<br \/>L&rsquo;affichage et les commandes intuitives simplifient votre exp\u00e9rience ;<\/p>\n<p>Des voyants LED indiquent l&rsquo;\u00e9tat du vaporisateur tandis que le <strong>panneau de commande LED<\/strong> du syst\u00e8me affiche la temp\u00e9rature actuelle et la temp\u00e9rature r\u00e9gl\u00e9e en degr\u00e9s Celsius et Fahrenheit, ainsi que la minuterie d&rsquo;arr\u00eat.<\/p>\n<h2><span style=\"text-decoration: underline\">Caract\u00e9ristiques de l&rsquo;ARIZER- V-TOWER :<br \/><\/span><\/h2>\n<ul style=\"list-style-type: disc\">\n<li>appareil polyvalent : utilisation directe ou aromath\u00e9rapie ambiante<\/li>\n<li>brasero en verre borosilicate<\/li>\n<li>tuyau en silicone de qualit\u00e9 m\u00e9dicale\/alimentaire<\/li>\n<li>affichage intuitif<\/li>\n<li>nettoyage facile<\/li>\n<li>minuterie d&rsquo;arr\u00eat automatique<\/li>\n<\/ul>\n<p><span style=\"text-decoration: underline\"><strong>INCLUS DANS LA BO\u00ceTE<\/strong><strong>:<\/strong><\/span><\/p>\n<ul style=\"list-style-type: disc\">\n<li>Arizer V-Tower<\/li>\n<li>bol d&rsquo;aromath\u00e9rapie<\/li>\n<li>R\u00e9cipient cyclone<\/li>\n<li>1 paquet de rechange de mailles filtrantes en acier inoxydable<\/li>\n<li>1 Outil de m\u00e9lange<\/li>\n<li>Tuyau en silicone avec extr\u00e9mit\u00e9 en verre et adaptateur<\/li>\n<li>Manuel d&rsquo;utilisation<\/li>\n<\/ul>\n","protected":false},"excerpt":{"rendered":"<p>Con\u00e7ue dans un souci d&rsquo;efficacit\u00e9, la V-Tower d\u00e9livre une vapeur savoureuse \u00e0 chaque session et est tr\u00e8s facile \u00e0 utiliser.<\/p>\n","protected":false},"featured_media":124532,"comment_status":"open","ping_status":"closed","template":"","meta":[],"product_brand":[],"product_cat":[7910],"product_tag":[],"class_list":{"0":"post-124547","1":"product","2":"type-product","3":"status-publish","4":"has-post-thumbnail","6":"product_cat-vaporisateurs","8":"first","9":"instock","10":"taxable","11":"shipping-taxable","12":"purchasable","13":"product-type-simple"},"_links":{"self":[{"href":"https:\/\/www.budream.com\/fr\/wp-json\/wp\/v2\/product\/124547","targetHints":{"allow":["GET"]}}],"collection":[{"href":"https:\/\/www.budream.com\/fr\/wp-json\/wp\/v2\/product"}],"about":[{"href":"https:\/\/www.budream.com\/fr\/wp-json\/wp\/v2\/types\/product"}],"replies":[{"embeddable":true,"href":"https:\/\/www.budream.com\/fr\/wp-json\/wp\/v2\/comments?post=124547"}],"version-history":[{"count":0,"href":"https:\/\/www.budream.com\/fr\/wp-json\/wp\/v2\/product\/124547\/revisions"}],"wp:featuredmedia":[{"embeddable":true,"href":"https:\/\/www.budream.com\/fr\/wp-json\/wp\/v2\/media\/124532"}],"wp:attachment":[{"href":"https:\/\/www.budream.com\/fr\/wp-json\/wp\/v2\/media?parent=124547"}],"wp:term":[{"taxonomy":"product_brand","embeddable":true,"href":"https:\/\/www.budream.com\/fr\/wp-json\/wp\/v2\/product_brand?post=124547"},{"taxonomy":"product_cat","embeddable":true,"href":"https:\/\/www.budream.com\/fr\/wp-json\/wp\/v2\/product_cat?post=124547"},{"taxonomy":"product_tag","embeddable":true,"href":"https:\/\/www.budream.com\/fr\/wp-json\/wp\/v2\/product_tag?post=124547"}],"curies":[{"name":"wp","href":"https:\/\/api.w.org\/{rel}","templated":true}]}}