{"id":124722,"date":"2025-07-30T18:09:21","date_gmt":"2025-07-30T16:09:21","guid":{"rendered":"https:\/\/www.budream.com\/shop\/germinator-pro-germinateur-de-graines\/"},"modified":"2026-01-19T14:53:42","modified_gmt":"2026-01-19T12:53:42","slug":"germinator-pro-germinateur-de-graines","status":"publish","type":"product","link":"https:\/\/www.budream.com\/fr\/shop\/germinator-pro-germinateur-de-graines\/","title":{"rendered":"GERMINATOR PRO GERMINATEUR DE GRAINES"},"content":{"rendered":"<p>Petit germoir \u00e0 graines \u00e9quip\u00e9 d&rsquo;un tissu pour maintenir une humidit\u00e9 correcte et d&rsquo;un thermom\u00e8tre pour identifier d&rsquo;un coup d&rsquo;\u0153il la temp\u00e9rature dans la bo\u00eete.<\/p>\n","protected":false},"excerpt":{"rendered":"<p>Petit germoir \u00e0 graines \u00e9quip\u00e9 d&rsquo;un tissu pour maintenir une humidit\u00e9 correcte et d&rsquo;un thermom\u00e8tre pour identifier d&rsquo;un coup d&rsquo;\u0153il<\/p>\n","protected":false},"featured_media":124697,"comment_status":"open","ping_status":"closed","template":"","meta":[],"product_brand":[],"product_cat":[7926],"product_tag":[],"class_list":{"0":"post-124722","1":"product","2":"type-product","3":"status-publish","4":"has-post-thumbnail","6":"product_cat-growshop-fr","8":"first","9":"instock","10":"taxable","11":"shipping-taxable","12":"purchasable","13":"product-type-simple"},"_links":{"self":[{"href":"https:\/\/www.budream.com\/fr\/wp-json\/wp\/v2\/product\/124722","targetHints":{"allow":["GET"]}}],"collection":[{"href":"https:\/\/www.budream.com\/fr\/wp-json\/wp\/v2\/product"}],"about":[{"href":"https:\/\/www.budream.com\/fr\/wp-json\/wp\/v2\/types\/product"}],"replies":[{"embeddable":true,"href":"https:\/\/www.budream.com\/fr\/wp-json\/wp\/v2\/comments?post=124722"}],"version-history":[{"count":0,"href":"https:\/\/www.budream.com\/fr\/wp-json\/wp\/v2\/product\/124722\/revisions"}],"wp:featuredmedia":[{"embeddable":true,"href":"https:\/\/www.budream.com\/fr\/wp-json\/wp\/v2\/media\/124697"}],"wp:attachment":[{"href":"https:\/\/www.budream.com\/fr\/wp-json\/wp\/v2\/media?parent=124722"}],"wp:term":[{"taxonomy":"product_brand","embeddable":true,"href":"https:\/\/www.budream.com\/fr\/wp-json\/wp\/v2\/product_brand?post=124722"},{"taxonomy":"product_cat","embeddable":true,"href":"https:\/\/www.budream.com\/fr\/wp-json\/wp\/v2\/product_cat?post=124722"},{"taxonomy":"product_tag","embeddable":true,"href":"https:\/\/www.budream.com\/fr\/wp-json\/wp\/v2\/product_tag?post=124722"}],"curies":[{"name":"wp","href":"https:\/\/api.w.org\/{rel}","templated":true}]}}