{"id":124797,"date":"2025-07-30T18:15:51","date_gmt":"2025-07-30T16:15:51","guid":{"rendered":"https:\/\/www.budream.com\/shop\/arizer-tuyau-en-verre-replacement-arizer-solo-2-et-3-arizer-air-max\/"},"modified":"2026-03-04T12:36:07","modified_gmt":"2026-03-04T10:36:07","slug":"arizer-tuyau-en-verre-replacement-arizer-solo-2-et-3-arizer-air-max","status":"publish","type":"product","link":"https:\/\/www.budream.com\/fr\/shop\/arizer-tuyau-en-verre-replacement-arizer-solo-2-et-3-arizer-air-max\/","title":{"rendered":"ARIZER &#8211; TUYAU EN VERRE | REPLACEMENT ARIZER SOLO 2 et 3 \/ ARIZER AIR MAX"},"content":{"rendered":"<p>TUYAU EN VERRE DE REMPLACEMENT pour ARIZER SOLO 2 ET 3 et ARIZER AIR MAX.<\/p>\n<p>TUYAU FOURNI AVEC L&rsquo;ARIZER SOLO, \u00c9GALEMENT ADAPTABLE \u00c0 D&rsquo;AUTRES MOD\u00c8LES D&rsquo;ARIZER PORTABLES.<\/p>\n<p>LONGUEUR : 11CM<\/p>\n","protected":false},"excerpt":{"rendered":"<p>TUYAU EN VERRE DE REMPLACEMENT pour ARIZER SOLO 2 ET 3 et ARIZER AIR MAX. TUYAU FOURNI AVEC L&rsquo;ARIZER SOLO,<\/p>\n","protected":false},"featured_media":124792,"comment_status":"open","ping_status":"closed","template":"","meta":[],"product_brand":[],"product_cat":[7910],"product_tag":[],"class_list":{"0":"post-124797","1":"product","2":"type-product","3":"status-publish","4":"has-post-thumbnail","6":"product_cat-vaporisateurs","8":"first","9":"instock","10":"taxable","11":"shipping-taxable","12":"purchasable","13":"product-type-simple"},"_links":{"self":[{"href":"https:\/\/www.budream.com\/fr\/wp-json\/wp\/v2\/product\/124797","targetHints":{"allow":["GET"]}}],"collection":[{"href":"https:\/\/www.budream.com\/fr\/wp-json\/wp\/v2\/product"}],"about":[{"href":"https:\/\/www.budream.com\/fr\/wp-json\/wp\/v2\/types\/product"}],"replies":[{"embeddable":true,"href":"https:\/\/www.budream.com\/fr\/wp-json\/wp\/v2\/comments?post=124797"}],"version-history":[{"count":0,"href":"https:\/\/www.budream.com\/fr\/wp-json\/wp\/v2\/product\/124797\/revisions"}],"wp:featuredmedia":[{"embeddable":true,"href":"https:\/\/www.budream.com\/fr\/wp-json\/wp\/v2\/media\/124792"}],"wp:attachment":[{"href":"https:\/\/www.budream.com\/fr\/wp-json\/wp\/v2\/media?parent=124797"}],"wp:term":[{"taxonomy":"product_brand","embeddable":true,"href":"https:\/\/www.budream.com\/fr\/wp-json\/wp\/v2\/product_brand?post=124797"},{"taxonomy":"product_cat","embeddable":true,"href":"https:\/\/www.budream.com\/fr\/wp-json\/wp\/v2\/product_cat?post=124797"},{"taxonomy":"product_tag","embeddable":true,"href":"https:\/\/www.budream.com\/fr\/wp-json\/wp\/v2\/product_tag?post=124797"}],"curies":[{"name":"wp","href":"https:\/\/api.w.org\/{rel}","templated":true}]}}