{"id":124952,"date":"2025-07-30T18:25:13","date_gmt":"2025-07-30T16:25:13","guid":{"rendered":"https:\/\/www.budream.com\/shop\/bioki-marsiglia-soap-for-aromatics-in-pots-ready-to-use-550ml\/"},"modified":"2026-01-19T15:36:08","modified_gmt":"2026-01-19T13:36:08","slug":"bioki-marsiglia-soap-for-aromatics-in-pots-ready-to-use-550ml","status":"publish","type":"product","link":"https:\/\/www.budream.com\/fr\/shop\/bioki-marsiglia-soap-for-aromatics-in-pots-ready-to-use-550ml\/","title":{"rendered":"BIOKI &#8211; MARSIGLIA SOAP FOR AROMATICS IN POTS &#8211; READY-TO-USE | 550ml"},"content":{"rendered":"<p>Le <strong>savon de Marseille<\/strong> pr\u00eat \u00e0 l&#8217;emploi (doux) pour plantes aromatiques est id\u00e9al pour renforcer les d\u00e9fenses des plantes contre les pucerons, les cochenilles, les mouches blanches (aleurodidae) et les acariens (araign\u00e9e rouge). <br \/>Il agit \u00e9galement sur les \u0153ufs d&rsquo;acariens.<br \/> Il nettoie la plante des acariens et du miellat produit par les insectes.<\/p>\n<p>Le savon de Marseille a une fonction vivifiante et de renforcement de la r\u00e9sistance endog\u00e8ne de la plante.<\/p>\n<p>Appliqu\u00e9 pr\u00e9ventivement dans la plante, il a une action vivifiante, conf\u00e9rant une r\u00e9sistance naturelle aux attaques des ravageurs en g\u00e9n\u00e9ral.<br \/>Convient aux plantes aromatiques en pots et en pleine terre.<br \/>L&rsquo;application de ces nouveaux produits a non seulement un effet nettoyant, qui peut \u00eatre appr\u00e9ci\u00e9 visiblement, mais stimule \u00e9galement le m\u00e9tabolisme de la plante, ce qui la rend plus r\u00e9sistante aux attaques futures.<\/p>\n<p>EMBALLAGE 550 ML<\/p>\n","protected":false},"excerpt":{"rendered":"<p>Le savon de Marseille pr\u00eat \u00e0 l&#8217;emploi (doux) pour plantes aromatiques est id\u00e9al pour renforcer les d\u00e9fenses des plantes contre<\/p>\n","protected":false},"featured_media":124947,"comment_status":"open","ping_status":"closed","template":"","meta":[],"product_brand":[],"product_cat":[7928],"product_tag":[],"class_list":{"0":"post-124952","1":"product","2":"type-product","3":"status-publish","4":"has-post-thumbnail","6":"product_cat-antiparasitaires-et-defense","8":"first","9":"instock","10":"taxable","11":"shipping-taxable","12":"purchasable","13":"product-type-simple"},"_links":{"self":[{"href":"https:\/\/www.budream.com\/fr\/wp-json\/wp\/v2\/product\/124952","targetHints":{"allow":["GET"]}}],"collection":[{"href":"https:\/\/www.budream.com\/fr\/wp-json\/wp\/v2\/product"}],"about":[{"href":"https:\/\/www.budream.com\/fr\/wp-json\/wp\/v2\/types\/product"}],"replies":[{"embeddable":true,"href":"https:\/\/www.budream.com\/fr\/wp-json\/wp\/v2\/comments?post=124952"}],"version-history":[{"count":0,"href":"https:\/\/www.budream.com\/fr\/wp-json\/wp\/v2\/product\/124952\/revisions"}],"wp:featuredmedia":[{"embeddable":true,"href":"https:\/\/www.budream.com\/fr\/wp-json\/wp\/v2\/media\/124947"}],"wp:attachment":[{"href":"https:\/\/www.budream.com\/fr\/wp-json\/wp\/v2\/media?parent=124952"}],"wp:term":[{"taxonomy":"product_brand","embeddable":true,"href":"https:\/\/www.budream.com\/fr\/wp-json\/wp\/v2\/product_brand?post=124952"},{"taxonomy":"product_cat","embeddable":true,"href":"https:\/\/www.budream.com\/fr\/wp-json\/wp\/v2\/product_cat?post=124952"},{"taxonomy":"product_tag","embeddable":true,"href":"https:\/\/www.budream.com\/fr\/wp-json\/wp\/v2\/product_tag?post=124952"}],"curies":[{"name":"wp","href":"https:\/\/api.w.org\/{rel}","templated":true}]}}