{"id":124987,"date":"2025-07-30T18:27:35","date_gmt":"2025-07-30T16:27:35","guid":{"rendered":"https:\/\/www.budream.com\/shop\/vapman-reseau-dextraits-et-de-microdosage\/"},"modified":"2026-03-06T13:45:37","modified_gmt":"2026-03-06T11:45:37","slug":"vapman-reseau-dextraits-et-de-microdosage","status":"publish","type":"product","link":"https:\/\/www.budream.com\/fr\/shop\/vapman-reseau-dextraits-et-de-microdosage\/","title":{"rendered":"VAPMAN &#8211; R\u00c9SEAU D&rsquo;EXTRAITS ET DE MICRODOSAGE"},"content":{"rendered":"<p>Le Vapman mesh est un must pour tous les amateurs de <strong>micro-dosage<\/strong> et de <strong>concentr\u00e9s<\/strong>.<\/p>\n<p>La maille tr\u00e8s fine permet une vaporisation parfaite de n&rsquo;importe quel type de concentr\u00e9 et \u00e9vite en m\u00eame temps de salir le bac et les buses. <\/p>\n<p>Il permet \u00e9galement la vaporisation uniforme de petites doses allant jusqu&rsquo;\u00e0 0,001 g, ce qui fait de Vapman le roi du microdosage.<\/p>\n<p>Avec ce tamis, Vapman a prouv\u00e9 au fil des ans qu&rsquo;il \u00e9tait le meilleur vaporisateur pour les concentr\u00e9s.<\/p>\n<p><strong>1 pi\u00e8ce.<\/strong><\/p>\n","protected":false},"excerpt":{"rendered":"<p>Le Vapman mesh est un must pour tous les amateurs de micro-dosage et de concentr\u00e9s. La maille tr\u00e8s fine permet<\/p>\n","protected":false},"featured_media":124977,"comment_status":"open","ping_status":"closed","template":"","meta":[],"product_brand":[],"product_cat":[7910],"product_tag":[],"class_list":{"0":"post-124987","1":"product","2":"type-product","3":"status-publish","4":"has-post-thumbnail","6":"product_cat-vaporisateurs","8":"first","9":"instock","10":"sale","11":"taxable","12":"shipping-taxable","13":"purchasable","14":"product-type-simple"},"_links":{"self":[{"href":"https:\/\/www.budream.com\/fr\/wp-json\/wp\/v2\/product\/124987","targetHints":{"allow":["GET"]}}],"collection":[{"href":"https:\/\/www.budream.com\/fr\/wp-json\/wp\/v2\/product"}],"about":[{"href":"https:\/\/www.budream.com\/fr\/wp-json\/wp\/v2\/types\/product"}],"replies":[{"embeddable":true,"href":"https:\/\/www.budream.com\/fr\/wp-json\/wp\/v2\/comments?post=124987"}],"version-history":[{"count":0,"href":"https:\/\/www.budream.com\/fr\/wp-json\/wp\/v2\/product\/124987\/revisions"}],"wp:featuredmedia":[{"embeddable":true,"href":"https:\/\/www.budream.com\/fr\/wp-json\/wp\/v2\/media\/124977"}],"wp:attachment":[{"href":"https:\/\/www.budream.com\/fr\/wp-json\/wp\/v2\/media?parent=124987"}],"wp:term":[{"taxonomy":"product_brand","embeddable":true,"href":"https:\/\/www.budream.com\/fr\/wp-json\/wp\/v2\/product_brand?post=124987"},{"taxonomy":"product_cat","embeddable":true,"href":"https:\/\/www.budream.com\/fr\/wp-json\/wp\/v2\/product_cat?post=124987"},{"taxonomy":"product_tag","embeddable":true,"href":"https:\/\/www.budream.com\/fr\/wp-json\/wp\/v2\/product_tag?post=124987"}],"curies":[{"name":"wp","href":"https:\/\/api.w.org\/{rel}","templated":true}]}}