{"id":125167,"date":"2025-07-30T18:38:34","date_gmt":"2025-07-30T16:38:34","guid":{"rendered":"https:\/\/www.budream.com\/shop\/herbalaire-h3-vaporisateur\/"},"modified":"2025-12-18T18:08:56","modified_gmt":"2025-12-18T16:08:56","slug":"herbalaire-h3-vaporisateur","status":"publish","type":"product","link":"https:\/\/www.budream.com\/fr\/shop\/herbalaire-h3-vaporisateur\/","title":{"rendered":"HERBALAIRE &#8211; H3 | VAPORISATEUR"},"content":{"rendered":"<p>HERBALAIRE H3 est un vaporisateur d&rsquo;aromath\u00e9rapie fabriqu\u00e9 au Canada avec des mat\u00e9riaux de haute qualit\u00e9 et des normes de fabrication \u00e9lev\u00e9es.<br \/>Par rapport \u00e0 ses pr\u00e9d\u00e9cesseurs, il est dot\u00e9 d&rsquo;une partie sup\u00e9rieure sur\u00e9lev\u00e9e qui permet d&rsquo;<strong>augmenter la capacit\u00e9 de<\/strong> la chambre et d&rsquo;une lentille de protection qui agrandit \u00e9galement le cadran de temp\u00e9rature.<\/p>\n<p>Sa grande polyvalence lui permet d&rsquo;\u00eatre utilis\u00e9 en vaporisation directe ou en remplissant un ou plusieurs ballons.<br \/>Il ne n\u00e9cessite pas de fragmentation de la mati\u00e8re \u00e0 vaporiser.<\/p>\n<p>Le vaporisateur de table H3 dispose d&rsquo;un <strong>flux d&rsquo;air int\u00e9gr\u00e9<\/strong> et d&rsquo;un contr\u00f4le manuel pr\u00e9cis de la temp\u00e9rature. Il est \u00e9quip\u00e9 d&rsquo;une buse pour l&rsquo;utilisation directe du flux d&rsquo;air et permet de remplir plusieurs sachets simultan\u00e9ment. L&rsquo;\u00e9l\u00e9ment chauffant et le flux d&rsquo;air sont s\u00e9par\u00e9s, ce qui garantit une saveur pure. <br \/>Il s&rsquo;agit d&rsquo;un appareil solide et bien construit qui b\u00e9n\u00e9ficie d&rsquo;une garantie de 3 ans.<\/p>\n","protected":false},"excerpt":{"rendered":"<p>HERBALAIRE H3 est un vaporisateur d&rsquo;aromath\u00e9rapie fabriqu\u00e9 au Canada avec des mat\u00e9riaux de haute qualit\u00e9 et des normes de fabrication<\/p>\n","protected":false},"featured_media":125152,"comment_status":"open","ping_status":"closed","template":"","meta":[],"product_brand":[],"product_cat":[7910],"product_tag":[],"class_list":{"0":"post-125167","1":"product","2":"type-product","3":"status-publish","4":"has-post-thumbnail","6":"product_cat-vaporisateurs","8":"first","9":"instock","10":"taxable","11":"shipping-taxable","12":"purchasable","13":"product-type-simple"},"_links":{"self":[{"href":"https:\/\/www.budream.com\/fr\/wp-json\/wp\/v2\/product\/125167","targetHints":{"allow":["GET"]}}],"collection":[{"href":"https:\/\/www.budream.com\/fr\/wp-json\/wp\/v2\/product"}],"about":[{"href":"https:\/\/www.budream.com\/fr\/wp-json\/wp\/v2\/types\/product"}],"replies":[{"embeddable":true,"href":"https:\/\/www.budream.com\/fr\/wp-json\/wp\/v2\/comments?post=125167"}],"version-history":[{"count":0,"href":"https:\/\/www.budream.com\/fr\/wp-json\/wp\/v2\/product\/125167\/revisions"}],"wp:featuredmedia":[{"embeddable":true,"href":"https:\/\/www.budream.com\/fr\/wp-json\/wp\/v2\/media\/125152"}],"wp:attachment":[{"href":"https:\/\/www.budream.com\/fr\/wp-json\/wp\/v2\/media?parent=125167"}],"wp:term":[{"taxonomy":"product_brand","embeddable":true,"href":"https:\/\/www.budream.com\/fr\/wp-json\/wp\/v2\/product_brand?post=125167"},{"taxonomy":"product_cat","embeddable":true,"href":"https:\/\/www.budream.com\/fr\/wp-json\/wp\/v2\/product_cat?post=125167"},{"taxonomy":"product_tag","embeddable":true,"href":"https:\/\/www.budream.com\/fr\/wp-json\/wp\/v2\/product_tag?post=125167"}],"curies":[{"name":"wp","href":"https:\/\/api.w.org\/{rel}","templated":true}]}}