{"id":125182,"date":"2025-07-30T18:39:04","date_gmt":"2025-07-30T16:39:04","guid":{"rendered":"https:\/\/www.budream.com\/shop\/storzbickel-set-de-capsules-de-dosage-4-pieces\/"},"modified":"2026-03-18T17:37:28","modified_gmt":"2026-03-18T15:37:28","slug":"storzbickel-set-de-capsules-de-dosage-4-pieces","status":"publish","type":"product","link":"https:\/\/www.budream.com\/fr\/shop\/storzbickel-set-de-capsules-de-dosage-4-pieces\/","title":{"rendered":"STORZ&amp;BICKEL &#8211; SET DE CAPSULES DE DOSAGE | 4 PI\u00c8CES"},"content":{"rendered":"<p>Les sets de capsules de dosage sont utilis\u00e9s pour vaporiser de petites quantit\u00e9s de <strong>concentr\u00e9s<\/strong>, de beats et d&rsquo;extraits dans les vaporisateurs Mighty et Crarty, en utilisant les capsules appropri\u00e9es.<\/p>\n<p>Le tampon de remplissage peut \u00e9galement \u00eatre utilis\u00e9 pour<strong>combler les lacunes<\/strong> afin d&rsquo;\u00e9viter que de petites quantit\u00e9s d&rsquo;herbes ne tourbillonnent dans la chambre de remplissage.<\/p>\n<p>&Oslash; 13 x 6 mm<\/p>\n","protected":false},"excerpt":{"rendered":"<p>Les sets de capsules de dosage sont utilis\u00e9s pour vaporiser de petites quantit\u00e9s de concentr\u00e9s, de beats et d&rsquo;extraits dans<\/p>\n","protected":false},"featured_media":125172,"comment_status":"open","ping_status":"closed","template":"","meta":[],"product_brand":[],"product_cat":[7910],"product_tag":[],"class_list":{"0":"post-125182","1":"product","2":"type-product","3":"status-publish","4":"has-post-thumbnail","6":"product_cat-vaporisateurs","8":"first","9":"instock","10":"taxable","11":"shipping-taxable","12":"purchasable","13":"product-type-simple"},"_links":{"self":[{"href":"https:\/\/www.budream.com\/fr\/wp-json\/wp\/v2\/product\/125182","targetHints":{"allow":["GET"]}}],"collection":[{"href":"https:\/\/www.budream.com\/fr\/wp-json\/wp\/v2\/product"}],"about":[{"href":"https:\/\/www.budream.com\/fr\/wp-json\/wp\/v2\/types\/product"}],"replies":[{"embeddable":true,"href":"https:\/\/www.budream.com\/fr\/wp-json\/wp\/v2\/comments?post=125182"}],"version-history":[{"count":0,"href":"https:\/\/www.budream.com\/fr\/wp-json\/wp\/v2\/product\/125182\/revisions"}],"wp:featuredmedia":[{"embeddable":true,"href":"https:\/\/www.budream.com\/fr\/wp-json\/wp\/v2\/media\/125172"}],"wp:attachment":[{"href":"https:\/\/www.budream.com\/fr\/wp-json\/wp\/v2\/media?parent=125182"}],"wp:term":[{"taxonomy":"product_brand","embeddable":true,"href":"https:\/\/www.budream.com\/fr\/wp-json\/wp\/v2\/product_brand?post=125182"},{"taxonomy":"product_cat","embeddable":true,"href":"https:\/\/www.budream.com\/fr\/wp-json\/wp\/v2\/product_cat?post=125182"},{"taxonomy":"product_tag","embeddable":true,"href":"https:\/\/www.budream.com\/fr\/wp-json\/wp\/v2\/product_tag?post=125182"}],"curies":[{"name":"wp","href":"https:\/\/api.w.org\/{rel}","templated":true}]}}