{"id":125197,"date":"2025-07-30T18:39:35","date_gmt":"2025-07-30T16:39:35","guid":{"rendered":"https:\/\/www.budream.com\/shop\/storzbickel-jeu-de-bagues-detancheite-pour-mighty\/"},"modified":"2026-03-11T19:44:20","modified_gmt":"2026-03-11T17:44:20","slug":"storzbickel-jeu-de-bagues-detancheite-pour-mighty","status":"publish","type":"product","link":"https:\/\/www.budream.com\/fr\/shop\/storzbickel-jeu-de-bagues-detancheite-pour-mighty\/","title":{"rendered":"STORZ&amp;BICKEL &#8211; JEU DE BAGUES D&rsquo;\u00c9TANCH\u00c9IT\u00c9 POUR MIGHTY+"},"content":{"rendered":"<p>Jeu de tous les joints d&rsquo;\u00e9tanch\u00e9it\u00e9 de l&rsquo;unit\u00e9 de refroidissement pour MIGHTY et MIGHTY+.<\/p>\n<p><strong>Comprend :<\/strong><\/p>\n<ul class=\"ui-tabs-nav ui-helper-reset ui-helper-clearfix ui-widget-header ui-corner-all\">\n<li>3 pcs. Anneau d&rsquo;\u00e9tanch\u00e9it\u00e9 de l&#8217;embout ;<\/li>\n<li>2 pcs. Anneau d&rsquo;\u00e9tanch\u00e9it\u00e9 de la chambre de remplissage ;<\/li>\n<li>3 pcs. Anneau d&rsquo;\u00e9tanch\u00e9it\u00e9 du petit fond ;<\/li>\n<li>3 pi\u00e8ces Grand anneau d&rsquo;\u00e9tanch\u00e9it\u00e9 inf\u00e9rieur ;<\/li>\n<\/ul>\n","protected":false},"excerpt":{"rendered":"<p>Jeu de tous les joints d&rsquo;\u00e9tanch\u00e9it\u00e9 de l&rsquo;unit\u00e9 de refroidissement pour MIGHTY et MIGHTY+. Comprend : 3 pcs. Anneau d&rsquo;\u00e9tanch\u00e9it\u00e9<\/p>\n","protected":false},"featured_media":125187,"comment_status":"open","ping_status":"closed","template":"","meta":[],"product_brand":[],"product_cat":[7910],"product_tag":[],"class_list":{"0":"post-125197","1":"product","2":"type-product","3":"status-publish","4":"has-post-thumbnail","6":"product_cat-vaporisateurs","8":"first","9":"instock","10":"taxable","11":"shipping-taxable","12":"purchasable","13":"product-type-simple"},"_links":{"self":[{"href":"https:\/\/www.budream.com\/fr\/wp-json\/wp\/v2\/product\/125197","targetHints":{"allow":["GET"]}}],"collection":[{"href":"https:\/\/www.budream.com\/fr\/wp-json\/wp\/v2\/product"}],"about":[{"href":"https:\/\/www.budream.com\/fr\/wp-json\/wp\/v2\/types\/product"}],"replies":[{"embeddable":true,"href":"https:\/\/www.budream.com\/fr\/wp-json\/wp\/v2\/comments?post=125197"}],"version-history":[{"count":0,"href":"https:\/\/www.budream.com\/fr\/wp-json\/wp\/v2\/product\/125197\/revisions"}],"wp:featuredmedia":[{"embeddable":true,"href":"https:\/\/www.budream.com\/fr\/wp-json\/wp\/v2\/media\/125187"}],"wp:attachment":[{"href":"https:\/\/www.budream.com\/fr\/wp-json\/wp\/v2\/media?parent=125197"}],"wp:term":[{"taxonomy":"product_brand","embeddable":true,"href":"https:\/\/www.budream.com\/fr\/wp-json\/wp\/v2\/product_brand?post=125197"},{"taxonomy":"product_cat","embeddable":true,"href":"https:\/\/www.budream.com\/fr\/wp-json\/wp\/v2\/product_cat?post=125197"},{"taxonomy":"product_tag","embeddable":true,"href":"https:\/\/www.budream.com\/fr\/wp-json\/wp\/v2\/product_tag?post=125197"}],"curies":[{"name":"wp","href":"https:\/\/api.w.org\/{rel}","templated":true}]}}