{"id":125217,"date":"2025-07-30T18:40:04","date_gmt":"2025-07-30T16:40:04","guid":{"rendered":"https:\/\/www.budream.com\/shop\/storzbickel-unite-de-refroidissement-pour-mighty\/"},"modified":"2026-03-10T16:18:15","modified_gmt":"2026-03-10T14:18:15","slug":"storzbickel-unite-de-refroidissement-pour-mighty","status":"publish","type":"product","link":"https:\/\/www.budream.com\/fr\/shop\/storzbickel-unite-de-refroidissement-pour-mighty\/","title":{"rendered":"STORZ&amp;BICKEL &#8211; UNIT\u00c9 DE REFROIDISSEMENT POUR MIGHTY+"},"content":{"rendered":"<p>L&rsquo;unit\u00e9 de refroidissement refroidit la vapeur pour fournir une vapeur agr\u00e9able et un ar\u00f4me optimal.<\/p>\n<p>Convient pour :<\/p>\n<ul>\n<li>MIGHTY<\/li>\n<li>MIGHTY+<\/li>\n<\/ul>\n","protected":false},"excerpt":{"rendered":"<p>L&rsquo;unit\u00e9 de refroidissement refroidit la vapeur pour fournir une vapeur agr\u00e9able et un ar\u00f4me optimal. Convient pour : MIGHTY MIGHTY+<\/p>\n","protected":false},"featured_media":125202,"comment_status":"open","ping_status":"closed","template":"","meta":[],"product_brand":[],"product_cat":[7910],"product_tag":[],"class_list":{"0":"post-125217","1":"product","2":"type-product","3":"status-publish","4":"has-post-thumbnail","6":"product_cat-vaporisateurs","8":"first","9":"instock","10":"sale","11":"taxable","12":"shipping-taxable","13":"purchasable","14":"product-type-simple"},"_links":{"self":[{"href":"https:\/\/www.budream.com\/fr\/wp-json\/wp\/v2\/product\/125217","targetHints":{"allow":["GET"]}}],"collection":[{"href":"https:\/\/www.budream.com\/fr\/wp-json\/wp\/v2\/product"}],"about":[{"href":"https:\/\/www.budream.com\/fr\/wp-json\/wp\/v2\/types\/product"}],"replies":[{"embeddable":true,"href":"https:\/\/www.budream.com\/fr\/wp-json\/wp\/v2\/comments?post=125217"}],"version-history":[{"count":0,"href":"https:\/\/www.budream.com\/fr\/wp-json\/wp\/v2\/product\/125217\/revisions"}],"wp:featuredmedia":[{"embeddable":true,"href":"https:\/\/www.budream.com\/fr\/wp-json\/wp\/v2\/media\/125202"}],"wp:attachment":[{"href":"https:\/\/www.budream.com\/fr\/wp-json\/wp\/v2\/media?parent=125217"}],"wp:term":[{"taxonomy":"product_brand","embeddable":true,"href":"https:\/\/www.budream.com\/fr\/wp-json\/wp\/v2\/product_brand?post=125217"},{"taxonomy":"product_cat","embeddable":true,"href":"https:\/\/www.budream.com\/fr\/wp-json\/wp\/v2\/product_cat?post=125217"},{"taxonomy":"product_tag","embeddable":true,"href":"https:\/\/www.budream.com\/fr\/wp-json\/wp\/v2\/product_tag?post=125217"}],"curies":[{"name":"wp","href":"https:\/\/api.w.org\/{rel}","templated":true}]}}