{"id":125312,"date":"2025-07-30T18:45:45","date_gmt":"2025-07-30T16:45:45","guid":{"rendered":"https:\/\/www.budream.com\/shop\/adhesif-vert-chromotrope-piege-a-olives-10-pieces\/"},"modified":"2026-01-28T12:42:37","modified_gmt":"2026-01-28T10:42:37","slug":"adhesif-vert-chromotrope-piege-a-olives-10-pieces","status":"publish","type":"product","link":"https:\/\/www.budream.com\/fr\/shop\/adhesif-vert-chromotrope-piege-a-olives-10-pieces\/","title":{"rendered":"ADH\u00c9SIF VERT CHROMOTROPE PI\u00c8GE \u00c0 OLIVES 10 PI\u00c8CES"},"content":{"rendered":"<p>Pi\u00e8ges chromotropes adh\u00e9sifs pour le pi\u00e9geage des insectes, inodores, ne se dess\u00e8chent pas dans le temps, attirent et capturent la mouche de l&rsquo;olive.<br \/>Prot\u00e8ge les plantes dans le jardin, la serre, les pots. <br \/>Peut \u00eatre utilis\u00e9 en agriculture biologique (R\u00e8glement CE 889\/2008).<\/p>\n<p>D\u00e9tacher les feuilles de protection des 2 faces adh\u00e9sives de la plaque<br \/>A l&rsquo;aide des attaches fournies, suspendre les pi\u00e8ges aux arbres en respectant une distance d&rsquo;au moins 2 m entre chaque plaque. En cas de contact, utiliser de l&rsquo;huile v\u00e9g\u00e9tale pour enlever la colle.<\/p>\n<p>Disposer 10 \u00e0 12 pi\u00e8ges par 100 m\u00b2. <br \/>Emballage de 10 pi\u00e8ces. <\/p>\n<p>Produit non toxique.<\/p>\n","protected":false},"excerpt":{"rendered":"<p>Pi\u00e8ges chromotropes adh\u00e9sifs pour le pi\u00e9geage des insectes, inodores, ne se dess\u00e8chent pas dans le temps, attirent et capturent la<\/p>\n","protected":false},"featured_media":125307,"comment_status":"open","ping_status":"closed","template":"","meta":[],"product_brand":[],"product_cat":[7928],"product_tag":[],"class_list":{"0":"post-125312","1":"product","2":"type-product","3":"status-publish","4":"has-post-thumbnail","6":"product_cat-antiparasitaires-et-defense","8":"first","9":"instock","10":"taxable","11":"shipping-taxable","12":"purchasable","13":"product-type-simple"},"aioseo_notices":[],"_links":{"self":[{"href":"https:\/\/www.budream.com\/fr\/wp-json\/wp\/v2\/product\/125312","targetHints":{"allow":["GET"]}}],"collection":[{"href":"https:\/\/www.budream.com\/fr\/wp-json\/wp\/v2\/product"}],"about":[{"href":"https:\/\/www.budream.com\/fr\/wp-json\/wp\/v2\/types\/product"}],"replies":[{"embeddable":true,"href":"https:\/\/www.budream.com\/fr\/wp-json\/wp\/v2\/comments?post=125312"}],"version-history":[{"count":0,"href":"https:\/\/www.budream.com\/fr\/wp-json\/wp\/v2\/product\/125312\/revisions"}],"wp:featuredmedia":[{"embeddable":true,"href":"https:\/\/www.budream.com\/fr\/wp-json\/wp\/v2\/media\/125307"}],"wp:attachment":[{"href":"https:\/\/www.budream.com\/fr\/wp-json\/wp\/v2\/media?parent=125312"}],"wp:term":[{"taxonomy":"product_brand","embeddable":true,"href":"https:\/\/www.budream.com\/fr\/wp-json\/wp\/v2\/product_brand?post=125312"},{"taxonomy":"product_cat","embeddable":true,"href":"https:\/\/www.budream.com\/fr\/wp-json\/wp\/v2\/product_cat?post=125312"},{"taxonomy":"product_tag","embeddable":true,"href":"https:\/\/www.budream.com\/fr\/wp-json\/wp\/v2\/product_tag?post=125312"}],"curies":[{"name":"wp","href":"https:\/\/api.w.org\/{rel}","templated":true}]}}