{"id":125322,"date":"2025-07-30T18:46:15","date_gmt":"2025-07-30T16:46:15","guid":{"rendered":"https:\/\/www.budream.com\/shop\/piege-universel-pour-lhebergement-des-pheromones\/"},"modified":"2026-01-28T12:41:46","modified_gmt":"2026-01-28T10:41:46","slug":"piege-universel-pour-lhebergement-des-pheromones","status":"publish","type":"product","link":"https:\/\/www.budream.com\/fr\/shop\/piege-universel-pour-lhebergement-des-pheromones\/","title":{"rendered":"PI\u00c8GE UNIVERSEL POUR L&rsquo;H\u00c9BERGEMENT DES PH\u00c9ROMONES"},"content":{"rendered":"<p>Le pi\u00e8ge universel pour l&rsquo;h\u00e9bergement des ph\u00e9romones.<br \/> Parfaitement efficace et respectueux des cultures et des sols, le pi\u00e8ge permet, gr\u00e2ce \u00e0 l&rsquo;ajout d&rsquo;un attractif (la ph\u00e9romone), la destruction s\u00e9lective d&rsquo;un grand nombre d&rsquo;insectes nuisibles m\u00e2les afin d&#8217;emp\u00eacher leur reproduction.<br \/> Le pi\u00e8ge doit \u00eatre positionn\u00e9 avant l&rsquo;attaque attendue des insectes (voir la p\u00e9riode de traitement en fonction du ravageur recherch\u00e9).<br \/> Pour une efficacit\u00e9 maximale, pr\u00e9voir 2 pi\u00e8ges par arbre.<br \/> A l&rsquo;int\u00e9rieur du pi\u00e8ge, o\u00f9 est plac\u00e9e la plaquette de ph\u00e9romones, se trouve une couche de mat\u00e9riau adh\u00e9sif ; les insectes m\u00e2les attir\u00e9s \u00e0 l&rsquo;int\u00e9rieur sont ainsi pi\u00e9g\u00e9s.<br \/> Les pi\u00e8ges sont ramass\u00e9s \u00e0 la fin de la saison et peuvent \u00eatre conserv\u00e9s pour l&rsquo;ann\u00e9e suivante.<br \/> Les plaques adh\u00e9sives et les capsules de ph\u00e9romone, disponibles s\u00e9par\u00e9ment, doivent \u00eatre remplac\u00e9es si n\u00e9cessaire.<\/p>\n<p> Composition du pi\u00e8ge<\/p>\n<p> &#8211; 1 pi\u00e8ge pliable<br \/> &#8211; 1 plaque adh\u00e9sive<br \/> &#8211; 1 support pour la capsule de ph\u00e9romone<br \/> &#8211; 1 petit r\u00e9cipient pour les capsules de ph\u00e9romones<br \/> &#8211; 1 lani\u00e8re de soutien<\/p>\n<p><strong>Le pi\u00e8ge universel doit \u00eatre associ\u00e9 \u00e0 la ph\u00e9romone pour fonctionner correctement. <\/strong><br \/><strong>(ph\u00e9romone vendue s\u00e9par\u00e9ment)<\/strong><\/p>\n<p>Voici les ph\u00e9romones disponibles :<\/p>\n<p>&#8211; <a href=\"https:\/\/www.indoorline.com\/feromone-contro-il-verme-dell-oliva-e-la-mosca-olearia.html\">le ver de l&rsquo;olivier<\/a><br \/>&#8211; <a href=\"https:\/\/www.indoorline.com\/presto-bio-feromone-per-processionaria-del-pino.html\">la pyrale du pin<\/a><\/p>\n","protected":false},"excerpt":{"rendered":"<p>Le pi\u00e8ge universel pour l&rsquo;h\u00e9bergement des ph\u00e9romones. Parfaitement efficace et respectueux des cultures et des sols, le pi\u00e8ge permet, gr\u00e2ce<\/p>\n","protected":false},"featured_media":125317,"comment_status":"open","ping_status":"closed","template":"","meta":[],"product_brand":[],"product_cat":[3095],"product_tag":[],"class_list":{"0":"post-125322","1":"product","2":"type-product","3":"status-publish","4":"has-post-thumbnail","6":"product_cat-antiparassitari-e-difesa","8":"first","9":"instock","10":"taxable","11":"shipping-taxable","12":"purchasable","13":"product-type-simple"},"_links":{"self":[{"href":"https:\/\/www.budream.com\/fr\/wp-json\/wp\/v2\/product\/125322","targetHints":{"allow":["GET"]}}],"collection":[{"href":"https:\/\/www.budream.com\/fr\/wp-json\/wp\/v2\/product"}],"about":[{"href":"https:\/\/www.budream.com\/fr\/wp-json\/wp\/v2\/types\/product"}],"replies":[{"embeddable":true,"href":"https:\/\/www.budream.com\/fr\/wp-json\/wp\/v2\/comments?post=125322"}],"version-history":[{"count":0,"href":"https:\/\/www.budream.com\/fr\/wp-json\/wp\/v2\/product\/125322\/revisions"}],"wp:featuredmedia":[{"embeddable":true,"href":"https:\/\/www.budream.com\/fr\/wp-json\/wp\/v2\/media\/125317"}],"wp:attachment":[{"href":"https:\/\/www.budream.com\/fr\/wp-json\/wp\/v2\/media?parent=125322"}],"wp:term":[{"taxonomy":"product_brand","embeddable":true,"href":"https:\/\/www.budream.com\/fr\/wp-json\/wp\/v2\/product_brand?post=125322"},{"taxonomy":"product_cat","embeddable":true,"href":"https:\/\/www.budream.com\/fr\/wp-json\/wp\/v2\/product_cat?post=125322"},{"taxonomy":"product_tag","embeddable":true,"href":"https:\/\/www.budream.com\/fr\/wp-json\/wp\/v2\/product_tag?post=125322"}],"curies":[{"name":"wp","href":"https:\/\/api.w.org\/{rel}","templated":true}]}}