{"id":125327,"date":"2025-07-30T18:46:44","date_gmt":"2025-07-30T16:46:44","guid":{"rendered":"https:\/\/www.budream.com\/shop\/recharges-adhesives-pour-pieges-a-pheromones-universels\/"},"modified":"2025-10-14T15:59:43","modified_gmt":"2025-10-14T13:59:43","slug":"recharges-adhesives-pour-pieges-a-pheromones-universels","status":"publish","type":"product","link":"https:\/\/www.budream.com\/fr\/shop\/recharges-adhesives-pour-pieges-a-pheromones-universels\/","title":{"rendered":"RECHARGES ADH\u00c9SIVES POUR PI\u00c8GES \u00c0 PH\u00c9ROMONES UNIVERSELS"},"content":{"rendered":"<p>Recharge contenant 2 cartes adh\u00e9sives de rechange pour le<strong> <a href=\"https:\/\/www.indoorline.com\/trappola-universale-per-ospitare-feromoni.html\">pi\u00e8ge \u00e0<\/a> <\/strong>ph\u00e9romones<strong> universel <\/strong>.<a class=\"detail\"><br \/><strong>Les ph\u00e9romones et le <a href=\"https:\/\/www.indoorline.com\/trappola-universale-per-ospitare-feromoni.html\">pi\u00e8ge<\/a> sont vendus s\u00e9par\u00e9ment.<br \/><\/strong><br \/><\/a><\/p>\n","protected":false},"excerpt":{"rendered":"<p>Recharge contenant 2 cartes adh\u00e9sives de rechange pour le pi\u00e8ge \u00e0 ph\u00e9romones universel .Les ph\u00e9romones et le pi\u00e8ge sont vendus<\/p>\n","protected":false},"featured_media":125317,"comment_status":"open","ping_status":"closed","template":"","meta":[],"product_brand":[],"product_cat":[7928],"product_tag":[],"class_list":{"0":"post-125327","1":"product","2":"type-product","3":"status-publish","4":"has-post-thumbnail","6":"product_cat-antiparasitaires-et-defense","8":"first","9":"instock","10":"taxable","11":"shipping-taxable","12":"purchasable","13":"product-type-simple"},"_links":{"self":[{"href":"https:\/\/www.budream.com\/fr\/wp-json\/wp\/v2\/product\/125327","targetHints":{"allow":["GET"]}}],"collection":[{"href":"https:\/\/www.budream.com\/fr\/wp-json\/wp\/v2\/product"}],"about":[{"href":"https:\/\/www.budream.com\/fr\/wp-json\/wp\/v2\/types\/product"}],"replies":[{"embeddable":true,"href":"https:\/\/www.budream.com\/fr\/wp-json\/wp\/v2\/comments?post=125327"}],"version-history":[{"count":0,"href":"https:\/\/www.budream.com\/fr\/wp-json\/wp\/v2\/product\/125327\/revisions"}],"wp:featuredmedia":[{"embeddable":true,"href":"https:\/\/www.budream.com\/fr\/wp-json\/wp\/v2\/media\/125317"}],"wp:attachment":[{"href":"https:\/\/www.budream.com\/fr\/wp-json\/wp\/v2\/media?parent=125327"}],"wp:term":[{"taxonomy":"product_brand","embeddable":true,"href":"https:\/\/www.budream.com\/fr\/wp-json\/wp\/v2\/product_brand?post=125327"},{"taxonomy":"product_cat","embeddable":true,"href":"https:\/\/www.budream.com\/fr\/wp-json\/wp\/v2\/product_cat?post=125327"},{"taxonomy":"product_tag","embeddable":true,"href":"https:\/\/www.budream.com\/fr\/wp-json\/wp\/v2\/product_tag?post=125327"}],"curies":[{"name":"wp","href":"https:\/\/api.w.org\/{rel}","templated":true}]}}