{"id":125347,"date":"2025-07-30T18:47:13","date_gmt":"2025-07-30T16:47:13","guid":{"rendered":"https:\/\/www.budream.com\/shop\/pheromone-contre-le-ver-de-lolivier-et-la-mouche-de-lolivier\/"},"modified":"2026-01-28T12:42:14","modified_gmt":"2026-01-28T10:42:14","slug":"pheromone-contre-le-ver-de-lolivier-et-la-mouche-de-lolivier","status":"publish","type":"product","link":"https:\/\/www.budream.com\/fr\/shop\/pheromone-contre-le-ver-de-lolivier-et-la-mouche-de-lolivier\/","title":{"rendered":"PH\u00c9ROMONE CONTRE LE VER DE L&rsquo;OLIVIER ET LA MOUCHE DE L&rsquo;OLIVIER"},"content":{"rendered":"<p>L&rsquo;insecte adulte est une mouche. La femelle f\u00e9cond\u00e9e pond ses \u0153ufs juste sous la peau du fruit. La larve qui \u00e9clot se nourrit et se d\u00e9veloppe, provoquant des d\u00e9g\u00e2ts tr\u00e8s importants : chair rong\u00e9e, pourriture, chute du fruit.<br \/>Le traitement aux ph\u00e9romones est une solution 100% \u00e9cologique pour \u00e9liminer cet insecte nuisible.<\/p>\n<p>Le principe est de mimer les substances volatiles \u00e9mises par l&rsquo;insecte femelle (ph\u00e9romone femelle) afin de jouer un r\u00f4le de reconnaissance et d&rsquo;attraction sexuelle sur les m\u00e2les. <br \/>Ces derniers, attir\u00e9s, sont pi\u00e9g\u00e9s et \u00e9limin\u00e9s. Cela emp\u00eache l&rsquo;accouplement, la reproduction et donc la ponte.<\/p>\n<p><strong>Les ph\u00e9romones sont utilis\u00e9es avec un <a href=\"https:\/\/www.indoorline.com\/trappola-universale-per-ospitare-feromoni.html\">pi\u00e8ge sp\u00e9cial<\/a> et doivent \u00eatre appliqu\u00e9es sur les <a href=\"https:\/\/www.indoorline.com\/ricariche-adesive-per-trappola-universale-e-casetta.html\">recharges adh\u00e9sives<\/a> appropri\u00e9es <a href=\"https:\/\/www.indoorline.com\/ricariche-adesive-per-trappola-universale-e-casetta.html\">.<\/a><\/strong><\/p>\n<p>Positionner les pi\u00e8ges lorsque les olives ont atteint environ 8 mm et les laisser en place jusqu&rsquo;\u00e0 la r\u00e9colte. Utiliser 1 pi\u00e8ge par arbre, orient\u00e9 vers le nord, en d\u00e9but de saison, puis jusqu&rsquo;\u00e0 4 pi\u00e8ges par arbre fin ao\u00fbt-d\u00e9but septembre.<\/p>\n<p>La bo\u00eete contient 2 capsules de ph\u00e9romones. Chaque capsule est emball\u00e9e dans un sachet herm\u00e9tique.<\/p>\n<p>Les sachets de ph\u00e9romones se conservent au froid (jusqu&rsquo;\u00e0 3 ans au r\u00e9frig\u00e9rateur &#8211; jusqu&rsquo;\u00e0 5 ans au cong\u00e9lateur).<\/p>\n<p>Dosage : 1 \u00e0 2 pi\u00e8ges par arbre<\/p>\n<p>P\u00e9riode de traitement : avril \u00e0 ao\u00fbt<br \/>Dur\u00e9e : 4 \u00e0 6 semaines<br \/>Appliquer lorsque la temp\u00e9rature est sup\u00e9rieure \u00e0 14&deg;C.<\/p>\n","protected":false},"excerpt":{"rendered":"<p>L&rsquo;insecte adulte est une mouche. La femelle f\u00e9cond\u00e9e pond ses \u0153ufs juste sous la peau du fruit. La larve qui<\/p>\n","protected":false},"featured_media":125332,"comment_status":"open","ping_status":"closed","template":"","meta":[],"product_brand":[],"product_cat":[7928],"product_tag":[],"class_list":{"0":"post-125347","1":"product","2":"type-product","3":"status-publish","4":"has-post-thumbnail","6":"product_cat-antiparasitaires-et-defense","8":"first","9":"instock","10":"taxable","11":"shipping-taxable","12":"purchasable","13":"product-type-simple"},"aioseo_notices":[],"_links":{"self":[{"href":"https:\/\/www.budream.com\/fr\/wp-json\/wp\/v2\/product\/125347","targetHints":{"allow":["GET"]}}],"collection":[{"href":"https:\/\/www.budream.com\/fr\/wp-json\/wp\/v2\/product"}],"about":[{"href":"https:\/\/www.budream.com\/fr\/wp-json\/wp\/v2\/types\/product"}],"replies":[{"embeddable":true,"href":"https:\/\/www.budream.com\/fr\/wp-json\/wp\/v2\/comments?post=125347"}],"version-history":[{"count":0,"href":"https:\/\/www.budream.com\/fr\/wp-json\/wp\/v2\/product\/125347\/revisions"}],"wp:featuredmedia":[{"embeddable":true,"href":"https:\/\/www.budream.com\/fr\/wp-json\/wp\/v2\/media\/125332"}],"wp:attachment":[{"href":"https:\/\/www.budream.com\/fr\/wp-json\/wp\/v2\/media?parent=125347"}],"wp:term":[{"taxonomy":"product_brand","embeddable":true,"href":"https:\/\/www.budream.com\/fr\/wp-json\/wp\/v2\/product_brand?post=125347"},{"taxonomy":"product_cat","embeddable":true,"href":"https:\/\/www.budream.com\/fr\/wp-json\/wp\/v2\/product_cat?post=125347"},{"taxonomy":"product_tag","embeddable":true,"href":"https:\/\/www.budream.com\/fr\/wp-json\/wp\/v2\/product_tag?post=125347"}],"curies":[{"name":"wp","href":"https:\/\/api.w.org\/{rel}","templated":true}]}}