{"id":125357,"date":"2025-07-30T18:47:59","date_gmt":"2025-07-30T16:47:59","guid":{"rendered":"https:\/\/www.budream.com\/shop\/flowermate-embout-en-verre-pour-v5-hybrid-et-hybrid-x-series\/"},"modified":"2026-04-20T14:13:57","modified_gmt":"2026-04-20T12:13:57","slug":"flowermate-embout-en-verre-pour-v5-hybrid-et-hybrid-x-series","status":"publish","type":"product","link":"https:\/\/www.budream.com\/fr\/shop\/flowermate-embout-en-verre-pour-v5-hybrid-et-hybrid-x-series\/","title":{"rendered":"FLOWERMATE &#8211; EMBOUT EN VERRE POUR V5, HYBRID ET HYBRID X SERIES"},"content":{"rendered":"<p>Embout de remplacement en verre borosilicate pour FLOWERMATE convenant \u00e0 la s\u00e9rie V5 (V5.0 PRO, V5.0S) et \u00e0 HYBRID et HYBRID X. <br \/>R\u00e9tine incluse.<\/p>\n","protected":false},"excerpt":{"rendered":"<p>Embout de remplacement en verre borosilicate pour FLOWERMATE convenant \u00e0 la s\u00e9rie V5 (V5.0 PRO, V5.0S) et \u00e0 HYBRID et<\/p>\n","protected":false},"featured_media":125352,"comment_status":"open","ping_status":"closed","template":"","meta":[],"product_brand":[],"product_cat":[7910],"product_tag":[],"class_list":{"0":"post-125357","1":"product","2":"type-product","3":"status-publish","4":"has-post-thumbnail","6":"product_cat-vaporisateurs","8":"first","9":"instock","10":"sale","11":"taxable","12":"shipping-taxable","13":"purchasable","14":"product-type-simple"},"_links":{"self":[{"href":"https:\/\/www.budream.com\/fr\/wp-json\/wp\/v2\/product\/125357","targetHints":{"allow":["GET"]}}],"collection":[{"href":"https:\/\/www.budream.com\/fr\/wp-json\/wp\/v2\/product"}],"about":[{"href":"https:\/\/www.budream.com\/fr\/wp-json\/wp\/v2\/types\/product"}],"replies":[{"embeddable":true,"href":"https:\/\/www.budream.com\/fr\/wp-json\/wp\/v2\/comments?post=125357"}],"version-history":[{"count":0,"href":"https:\/\/www.budream.com\/fr\/wp-json\/wp\/v2\/product\/125357\/revisions"}],"wp:featuredmedia":[{"embeddable":true,"href":"https:\/\/www.budream.com\/fr\/wp-json\/wp\/v2\/media\/125352"}],"wp:attachment":[{"href":"https:\/\/www.budream.com\/fr\/wp-json\/wp\/v2\/media?parent=125357"}],"wp:term":[{"taxonomy":"product_brand","embeddable":true,"href":"https:\/\/www.budream.com\/fr\/wp-json\/wp\/v2\/product_brand?post=125357"},{"taxonomy":"product_cat","embeddable":true,"href":"https:\/\/www.budream.com\/fr\/wp-json\/wp\/v2\/product_cat?post=125357"},{"taxonomy":"product_tag","embeddable":true,"href":"https:\/\/www.budream.com\/fr\/wp-json\/wp\/v2\/product_tag?post=125357"}],"curies":[{"name":"wp","href":"https:\/\/api.w.org\/{rel}","templated":true}]}}