{"id":125432,"date":"2025-07-30T18:51:27","date_gmt":"2025-07-30T16:51:27","guid":{"rendered":"https:\/\/www.budream.com\/shop\/xvape-vital-vaporizer-pen-for-dry-vegetables\/"},"modified":"2026-03-20T10:36:21","modified_gmt":"2026-03-20T08:36:21","slug":"xvape-vital-vaporizer-pen-for-dry-vegetables","status":"publish","type":"product","link":"https:\/\/www.budream.com\/fr\/shop\/xvape-vital-vaporizer-pen-for-dry-vegetables\/","title":{"rendered":"XVAPE VITAL VAPORIZER PEN FOR DRY VEGETABLES"},"content":{"rendered":"<p>VITAL de X-Vape est un stylo vaporisateur portable avec \u00e9cran.<br \/>La temp\u00e9rature est r\u00e9glable entre 100&deg;C et 240&deg;C par paliers de 1 degr\u00e9. Le corps est en plastique recouvert de caoutchouc antid\u00e9rapant. <br \/>La chambre de chauffe en c\u00e9ramique est s\u00e9par\u00e9e de l&rsquo;\u00e9lectronique, ce qui permet de l&rsquo;utiliser en toute s\u00e9curit\u00e9 avec son outil \u00e0 eau Mouthpice Bubbler. <br \/>L&rsquo;\u00e9cran r\u00e9tro\u00e9clair\u00e9 affiche la temp\u00e9rature, la dur\u00e9e de vie des piles et la minuterie d&rsquo;arr\u00eat automatique. <br \/>La temp\u00e9rature peut \u00eatre affich\u00e9e en &deg;C ou en &deg;F. <\/p>\n<p>La vapeur produite par le Vital est homog\u00e8ne et cors\u00e9e.<\/p>\n<p>Caract\u00e9ristiques techniques :<\/p>\n<p>&#8211; Chauffage en 15 secondes<br \/>&#8211; minuterie d&rsquo;arr\u00eat automatique de 5 ou 10 minutes<br \/>&#8211; Batterie de 2200 mAh<br \/>&#8211; c\u00e2ble de chargement avec connexion miniUSB &#8211; USB<br \/>&#8211; outils de nettoyage<\/p>\n","protected":false},"excerpt":{"rendered":"<p>VITAL de X-Vape est un stylo vaporisateur portable avec \u00e9cran.La temp\u00e9rature est r\u00e9glable entre 100&deg;C et 240&deg;C par paliers de<\/p>\n","protected":false},"featured_media":125402,"comment_status":"open","ping_status":"closed","template":"","meta":[],"product_brand":[],"product_cat":[7910],"product_tag":[],"class_list":{"0":"post-125432","1":"product","2":"type-product","3":"status-publish","4":"has-post-thumbnail","6":"product_cat-vaporisateurs","8":"first","9":"instock","10":"sale","11":"taxable","12":"shipping-taxable","13":"purchasable","14":"product-type-simple"},"_links":{"self":[{"href":"https:\/\/www.budream.com\/fr\/wp-json\/wp\/v2\/product\/125432","targetHints":{"allow":["GET"]}}],"collection":[{"href":"https:\/\/www.budream.com\/fr\/wp-json\/wp\/v2\/product"}],"about":[{"href":"https:\/\/www.budream.com\/fr\/wp-json\/wp\/v2\/types\/product"}],"replies":[{"embeddable":true,"href":"https:\/\/www.budream.com\/fr\/wp-json\/wp\/v2\/comments?post=125432"}],"version-history":[{"count":0,"href":"https:\/\/www.budream.com\/fr\/wp-json\/wp\/v2\/product\/125432\/revisions"}],"wp:featuredmedia":[{"embeddable":true,"href":"https:\/\/www.budream.com\/fr\/wp-json\/wp\/v2\/media\/125402"}],"wp:attachment":[{"href":"https:\/\/www.budream.com\/fr\/wp-json\/wp\/v2\/media?parent=125432"}],"wp:term":[{"taxonomy":"product_brand","embeddable":true,"href":"https:\/\/www.budream.com\/fr\/wp-json\/wp\/v2\/product_brand?post=125432"},{"taxonomy":"product_cat","embeddable":true,"href":"https:\/\/www.budream.com\/fr\/wp-json\/wp\/v2\/product_cat?post=125432"},{"taxonomy":"product_tag","embeddable":true,"href":"https:\/\/www.budream.com\/fr\/wp-json\/wp\/v2\/product_tag?post=125432"}],"curies":[{"name":"wp","href":"https:\/\/api.w.org\/{rel}","templated":true}]}}