{"id":125442,"date":"2025-07-30T18:52:06","date_gmt":"2025-07-30T16:52:06","guid":{"rendered":"https:\/\/www.budream.com\/shop\/xvape-vital-watertool-bubbler-mouthpiece\/"},"modified":"2026-02-26T11:18:11","modified_gmt":"2026-02-26T09:18:11","slug":"xvape-vital-watertool-bubbler-mouthpiece","status":"publish","type":"product","link":"https:\/\/www.budream.com\/fr\/shop\/xvape-vital-watertool-bubbler-mouthpiece\/","title":{"rendered":"XVAPE VITAL WATERTOOL BUBBLER MOUTHPIECE"},"content":{"rendered":"<p>Filtre \u00e0 eau pour XVAPE VITAL.<br \/>Raccord \u00e0 ba\u00efonnette.<\/p>\n","protected":false},"excerpt":{"rendered":"<p>Filtre \u00e0 eau pour XVAPE VITAL.Raccord \u00e0 ba\u00efonnette.<\/p>\n","protected":false},"featured_media":125437,"comment_status":"open","ping_status":"closed","template":"","meta":[],"product_brand":[],"product_cat":[7910],"product_tag":[],"class_list":{"0":"post-125442","1":"product","2":"type-product","3":"status-publish","4":"has-post-thumbnail","6":"product_cat-vaporisateurs","8":"first","9":"instock","10":"taxable","11":"shipping-taxable","12":"purchasable","13":"product-type-simple"},"_links":{"self":[{"href":"https:\/\/www.budream.com\/fr\/wp-json\/wp\/v2\/product\/125442","targetHints":{"allow":["GET"]}}],"collection":[{"href":"https:\/\/www.budream.com\/fr\/wp-json\/wp\/v2\/product"}],"about":[{"href":"https:\/\/www.budream.com\/fr\/wp-json\/wp\/v2\/types\/product"}],"replies":[{"embeddable":true,"href":"https:\/\/www.budream.com\/fr\/wp-json\/wp\/v2\/comments?post=125442"}],"version-history":[{"count":0,"href":"https:\/\/www.budream.com\/fr\/wp-json\/wp\/v2\/product\/125442\/revisions"}],"wp:featuredmedia":[{"embeddable":true,"href":"https:\/\/www.budream.com\/fr\/wp-json\/wp\/v2\/media\/125437"}],"wp:attachment":[{"href":"https:\/\/www.budream.com\/fr\/wp-json\/wp\/v2\/media?parent=125442"}],"wp:term":[{"taxonomy":"product_brand","embeddable":true,"href":"https:\/\/www.budream.com\/fr\/wp-json\/wp\/v2\/product_brand?post=125442"},{"taxonomy":"product_cat","embeddable":true,"href":"https:\/\/www.budream.com\/fr\/wp-json\/wp\/v2\/product_cat?post=125442"},{"taxonomy":"product_tag","embeddable":true,"href":"https:\/\/www.budream.com\/fr\/wp-json\/wp\/v2\/product_tag?post=125442"}],"curies":[{"name":"wp","href":"https:\/\/api.w.org\/{rel}","templated":true}]}}