{"id":125457,"date":"2025-07-30T18:52:35","date_gmt":"2025-07-30T16:52:35","guid":{"rendered":"https:\/\/www.budream.com\/shop\/storzbickel-starter-set-solid-valve\/"},"modified":"2026-01-20T18:14:47","modified_gmt":"2026-01-20T16:14:47","slug":"storzbickel-starter-set-solid-valve","status":"publish","type":"product","link":"https:\/\/www.budream.com\/fr\/shop\/storzbickel-starter-set-solid-valve\/","title":{"rendered":"STORZ&amp;BICKEL &#8211; STARTER SET SOLID VALVE"},"content":{"rendered":"<p>Ensemble de toutes les pi\u00e8ces Solid Valve n\u00e9cessaires pour le vapotage \u00e0 base de plantes avec Volcano.<\/p>\n<ul style=\"list-style-type: disc\">\n<li>1 pc. Solid Valve avec Flask ;<\/li>\n<li>1 pc. Sac de remplacement pour le flacon (3m) ;<\/li>\n<li>1 pc. Embout buccal ;<\/li>\n<li>1 pc. Chambre de vaporisation Easy Valve ;<\/li>\n<li>1 pc. Jeu de filtres standard ;<\/li>\n<li>1 pc. Brosse de nettoyage ;<\/li>\n<\/ul>\n","protected":false},"excerpt":{"rendered":"<p>Ensemble de toutes les pi\u00e8ces Solid Valve n\u00e9cessaires pour le vapotage \u00e0 base de plantes avec Volcano. 1 pc. Solid<\/p>\n","protected":false},"featured_media":125447,"comment_status":"open","ping_status":"closed","template":"","meta":[],"product_brand":[],"product_cat":[7910],"product_tag":[],"class_list":{"0":"post-125457","1":"product","2":"type-product","3":"status-publish","4":"has-post-thumbnail","6":"product_cat-vaporisateurs","8":"first","9":"instock","10":"taxable","11":"shipping-taxable","12":"purchasable","13":"product-type-simple"},"_links":{"self":[{"href":"https:\/\/www.budream.com\/fr\/wp-json\/wp\/v2\/product\/125457","targetHints":{"allow":["GET"]}}],"collection":[{"href":"https:\/\/www.budream.com\/fr\/wp-json\/wp\/v2\/product"}],"about":[{"href":"https:\/\/www.budream.com\/fr\/wp-json\/wp\/v2\/types\/product"}],"replies":[{"embeddable":true,"href":"https:\/\/www.budream.com\/fr\/wp-json\/wp\/v2\/comments?post=125457"}],"version-history":[{"count":0,"href":"https:\/\/www.budream.com\/fr\/wp-json\/wp\/v2\/product\/125457\/revisions"}],"wp:featuredmedia":[{"embeddable":true,"href":"https:\/\/www.budream.com\/fr\/wp-json\/wp\/v2\/media\/125447"}],"wp:attachment":[{"href":"https:\/\/www.budream.com\/fr\/wp-json\/wp\/v2\/media?parent=125457"}],"wp:term":[{"taxonomy":"product_brand","embeddable":true,"href":"https:\/\/www.budream.com\/fr\/wp-json\/wp\/v2\/product_brand?post=125457"},{"taxonomy":"product_cat","embeddable":true,"href":"https:\/\/www.budream.com\/fr\/wp-json\/wp\/v2\/product_cat?post=125457"},{"taxonomy":"product_tag","embeddable":true,"href":"https:\/\/www.budream.com\/fr\/wp-json\/wp\/v2\/product_tag?post=125457"}],"curies":[{"name":"wp","href":"https:\/\/api.w.org\/{rel}","templated":true}]}}