{"id":125477,"date":"2025-07-30T18:53:18","date_gmt":"2025-07-30T16:53:18","guid":{"rendered":"https:\/\/www.budream.com\/shop\/storzbickel-volcano-classic-easy-valve-vaporisateur-de-bureau\/"},"modified":"2026-03-10T16:18:49","modified_gmt":"2026-03-10T14:18:49","slug":"storzbickel-volcano-classic-easy-valve-vaporisateur-de-bureau","status":"publish","type":"product","link":"https:\/\/www.budream.com\/fr\/shop\/storzbickel-volcano-classic-easy-valve-vaporisateur-de-bureau\/","title":{"rendered":"STORZ&amp;BICKEL &#8211; VOLCANO CLASSIC &#8211; EASY VALVE | VAPORISATEUR DE BUREAU"},"content":{"rendered":"<h2><span style=\"text-decoration: underline\">Volcano Classic<\/span><\/h2>\n<p>VOLCANO est le vaporisateur le plus embl\u00e9matique du march\u00e9 et est le choix des connaisseurs depuis 20 ans. Sa forme embl\u00e9matique a trouv\u00e9 sa place dans de nombreuses maisons \u00e0 travers le monde en tant qu&rsquo;\u00e9l\u00e9ment de design unique.<br \/>Le VOLCANO, comme tous les vaporisateurs S&amp;B, est assembl\u00e9 \u00e0 la main en Allemagne sous des contr\u00f4les de qualit\u00e9 stricts. Sa conception purement \u00e9lectrom\u00e9canique et ses mat\u00e9riaux de qualit\u00e9 lui conf\u00e8rent une durabilit\u00e9 exceptionnelle.<\/p>\n<h2><span style=\"text-decoration: underline\"><strong>Une qualit\u00e9 \u00e9prouv\u00e9e.<br \/><\/strong><\/span><\/h2>\n<p>Le VOLCANO CLASSIC offre une excellente <strong>production de vapeur<\/strong>, in\u00e9gal\u00e9e par tous les concurrents. Gr\u00e2ce \u00e0 son chauffage par convection pure, il offre une saveur sans pr\u00e9c\u00e9dent et une vapeur pure.<\/p>\n<h2><strong><span style=\"text-decoration: underline\">Caract\u00e9ristiques Storz &amp; Bickel Volcano Classic :<\/span><\/strong><\/h2>\n<ul style=\"list-style-type: disc\">\n<li>Temp\u00e9rature de vaporisation r\u00e9glable de 130&deg;C \u00e0 230&deg;C.<\/li>\n<li>Garantie de trois ans<\/li>\n<li>Pr\u00e9cision de la temp\u00e9rature &plusmn; 5&deg;C<\/li>\n<li>Kit comprenant tous les accessoires n\u00e9cessaires \u00e0 l&rsquo;utilisation et \u00e0 l&rsquo;entretien.<\/li>\n<li>Nouvelle \u00e9dition limit\u00e9e en noir onyx.<\/li>\n<\/ul>\n<p><\/p>\n<h2><strong><span style=\"text-decoration: underline\">Le Volcano Classic de Storz &amp; Bickel <\/span><\/strong><strong><span style=\"text-decoration: underline\">est inclus dans la bo\u00eete :<\/span><\/strong><\/h2>\n<ul style=\"list-style-type: disc\">\n<li><span style=\"font-size: 12pt\">1 pc. Volcano Classic couleur argent ;<\/span><\/li>\n<li><span style=\"font-size: 12pt\">4 pc. Flacon EASY VALVE avec embout ;<\/span><\/li>\n<li><span style=\"font-size: 12pt\">1 pc. EASY VALVE Flasque avec adaptateur ;<\/span><\/li>\n<li><span style=\"font-size: 12pt\">1 pc. Chambre de remplissage ;<\/span><\/li>\n<li><span style=\"font-size: 12pt\">3 pc. Clip pour chambre de remplissage ;<\/span><\/li>\n<li><span style=\"font-size: 12pt\">1 pc. Anneau du couvercle ;<\/span><\/li>\n<li><span style=\"font-size: 12pt\">1 pc. Jeu de filtres standard (environ &Oslash; 30 mm) ;<\/span><\/li>\n<li><span style=\"font-size: 12pt\">1 pc. Tampon \u00e0 gouttelettes (environ &Oslash; 28 x 4 mm) ;<\/span><\/li>\n<li><span style=\"font-size: 12pt\">1 pc. Jeu de filtres \u00e0 air ;<\/span><\/li>\n<li><span style=\"font-size: 12pt\">1 pc. Moulin \u00e0 herbe (approx. &Oslash; 59 mm) ;<\/span><\/li>\n<li><span style=\"font-size: 12pt\">1 pc. Brosse de nettoyage ;<\/span><\/li>\n<li><span style=\"font-size: 12pt\">1 pc. Mode d&#8217;emploi ;<\/span><\/li>\n<\/ul>\n","protected":false},"excerpt":{"rendered":"<p>Volcano Classic VOLCANO est le vaporisateur le plus embl\u00e9matique du march\u00e9 et est le choix des connaisseurs depuis 20 ans.<\/p>\n","protected":false},"featured_media":125462,"comment_status":"open","ping_status":"closed","template":"","meta":[],"product_brand":[],"product_cat":[7910],"product_tag":[],"class_list":{"0":"post-125477","1":"product","2":"type-product","3":"status-publish","4":"has-post-thumbnail","6":"product_cat-vaporisateurs","8":"first","9":"instock","10":"sale","11":"taxable","12":"shipping-taxable","13":"purchasable","14":"product-type-simple"},"_links":{"self":[{"href":"https:\/\/www.budream.com\/fr\/wp-json\/wp\/v2\/product\/125477","targetHints":{"allow":["GET"]}}],"collection":[{"href":"https:\/\/www.budream.com\/fr\/wp-json\/wp\/v2\/product"}],"about":[{"href":"https:\/\/www.budream.com\/fr\/wp-json\/wp\/v2\/types\/product"}],"replies":[{"embeddable":true,"href":"https:\/\/www.budream.com\/fr\/wp-json\/wp\/v2\/comments?post=125477"}],"version-history":[{"count":0,"href":"https:\/\/www.budream.com\/fr\/wp-json\/wp\/v2\/product\/125477\/revisions"}],"wp:featuredmedia":[{"embeddable":true,"href":"https:\/\/www.budream.com\/fr\/wp-json\/wp\/v2\/media\/125462"}],"wp:attachment":[{"href":"https:\/\/www.budream.com\/fr\/wp-json\/wp\/v2\/media?parent=125477"}],"wp:term":[{"taxonomy":"product_brand","embeddable":true,"href":"https:\/\/www.budream.com\/fr\/wp-json\/wp\/v2\/product_brand?post=125477"},{"taxonomy":"product_cat","embeddable":true,"href":"https:\/\/www.budream.com\/fr\/wp-json\/wp\/v2\/product_cat?post=125477"},{"taxonomy":"product_tag","embeddable":true,"href":"https:\/\/www.budream.com\/fr\/wp-json\/wp\/v2\/product_tag?post=125477"}],"curies":[{"name":"wp","href":"https:\/\/api.w.org\/{rel}","templated":true}]}}