{"id":125542,"date":"2025-07-30T18:55:20","date_gmt":"2025-07-30T16:55:20","guid":{"rendered":"https:\/\/www.budream.com\/shop\/arizer-vaporisateur-extreme-q\/"},"modified":"2026-01-19T11:30:49","modified_gmt":"2026-01-19T09:30:49","slug":"arizer-vaporisateur-extreme-q","status":"publish","type":"product","link":"https:\/\/www.budream.com\/fr\/shop\/arizer-vaporisateur-extreme-q\/","title":{"rendered":"ARIZER &#8211; VAPORISATEUR EXTREME-Q"},"content":{"rendered":"<p>Arizer <strong>Extreme-Q<\/strong> est un vaporisateur de bureau polyvalent fabriqu\u00e9 \u00e0 partir de composants de la plus haute qualit\u00e9. La densit\u00e9 de la vapeur peut \u00eatre personnalis\u00e9e en r\u00e9glant la temp\u00e9rature \u00e0 l&rsquo;aide de la t\u00e9l\u00e9commande, ainsi qu&rsquo;en choisissant d&rsquo;utiliser le syst\u00e8me de remplissage par ballon ou le tube \u00e0 vapeur extra-long.<\/p>\n<p>Gr\u00e2ce \u00e0 la commande num\u00e9rique, il est facile de contr\u00f4ler la temp\u00e9rature en fonction de vos pr\u00e9f\u00e9rences et, au cas o\u00f9 vous oublieriez de l&rsquo;\u00e9teindre, il y a une <strong>fonction d&rsquo;arr\u00eat automatique.<\/strong><br \/>Arizer Extreme-Q est \u00e9quip\u00e9 d&rsquo;un nouveau ventilateur plus silencieux et les parties vitr\u00e9es sont fabriqu\u00e9es exclusivement en verre pr\u00e9chauff\u00e9 de haute qualit\u00e9, exempt de compos\u00e9s nocifs.<br \/>Gr\u00e2ce \u00e0 sa conception qui facilite le passage du ballon au tube, <strong>Arizer Extreme-Q est parfait pour une utilisation en groupe.<\/strong><\/p>\n<p>Dans l&rsquo;ensemble, l&rsquo;Arizer Extreme-Q est facile \u00e0 utiliser, tr\u00e8s efficace et fournit une vapeur agr\u00e9able. Il s&rsquo;agit sans aucun doute d&rsquo;un excellent produit pour ceux qui recherchent un d\u00e9froisseur de bureau haut de gamme \u00e0 un prix avantageux.<\/p>\n<h2><span style=\"text-decoration: underline\">Caract\u00e9ristiques de l&rsquo;ARIZER &#8211; EXTREME-Q :<\/span><\/h2>\n<ul style=\"list-style-type: disc\">\n<ul style=\"list-style-type: disc\">\n<li>vaporisateur multifonction : ballon, tube en silicone ou aromath\u00e9rapie.<\/li>\n<li>mat\u00e9riaux de haute qualit\u00e9 exempts de compos\u00e9s nocifs.<\/li>\n<li>facile \u00e0 utiliser et \u00e0 programmer.<\/li>\n<li>r\u00e9glage pr\u00e9cis de la temp\u00e9rature.<\/li>\n<li>t\u00e9l\u00e9commande pour le r\u00e9glage \u00e0 distance.<\/li>\n<li>excellent pour l&rsquo;utilisation en groupe.<\/li>\n<li>arr\u00eat automatique.<\/li>\n<\/ul>\n<\/ul>\n<p><strong><\/p>\n<p><span style=\"text-decoration: underline\">INCLUS DANS LA BO\u00ceTE<\/span>:<\/strong><\/p>\n<ul style=\"list-style-type: disc\">\n<li>Vaporisateur Extreme-Q<\/li>\n<li>Tubes en silicone pour usage alimentaire<\/li>\n<li>Adaptateurs et r\u00e9ducteurs en verre<\/li>\n<li>2 bols cycloniques en verre<\/li>\n<li>Agitateur en verre<\/li>\n<li>Filtres de remplacement suppl\u00e9mentaires<\/li>\n<li>Syst\u00e8me de ballons amovibles avec 2 jeux de ballons<\/li>\n<li>Bol d&rsquo;aromath\u00e9rapie<\/li>\n<li>T\u00e9l\u00e9commande<\/li>\n<li>Manuel d&rsquo;utilisation<\/li>\n<\/ul>\n","protected":false},"excerpt":{"rendered":"<p>Arizer Extreme-Q est un vaporisateur de bureau polyvalent fabriqu\u00e9 \u00e0 partir de composants de la plus haute qualit\u00e9. La densit\u00e9<\/p>\n","protected":false},"featured_media":125522,"comment_status":"open","ping_status":"closed","template":"","meta":[],"product_brand":[],"product_cat":[7910],"product_tag":[],"class_list":{"0":"post-125542","1":"product","2":"type-product","3":"status-publish","4":"has-post-thumbnail","6":"product_cat-vaporisateurs","8":"first","9":"instock","10":"sale","11":"taxable","12":"shipping-taxable","13":"purchasable","14":"product-type-simple"},"aioseo_notices":[],"_links":{"self":[{"href":"https:\/\/www.budream.com\/fr\/wp-json\/wp\/v2\/product\/125542","targetHints":{"allow":["GET"]}}],"collection":[{"href":"https:\/\/www.budream.com\/fr\/wp-json\/wp\/v2\/product"}],"about":[{"href":"https:\/\/www.budream.com\/fr\/wp-json\/wp\/v2\/types\/product"}],"replies":[{"embeddable":true,"href":"https:\/\/www.budream.com\/fr\/wp-json\/wp\/v2\/comments?post=125542"}],"version-history":[{"count":0,"href":"https:\/\/www.budream.com\/fr\/wp-json\/wp\/v2\/product\/125542\/revisions"}],"wp:featuredmedia":[{"embeddable":true,"href":"https:\/\/www.budream.com\/fr\/wp-json\/wp\/v2\/media\/125522"}],"wp:attachment":[{"href":"https:\/\/www.budream.com\/fr\/wp-json\/wp\/v2\/media?parent=125542"}],"wp:term":[{"taxonomy":"product_brand","embeddable":true,"href":"https:\/\/www.budream.com\/fr\/wp-json\/wp\/v2\/product_brand?post=125542"},{"taxonomy":"product_cat","embeddable":true,"href":"https:\/\/www.budream.com\/fr\/wp-json\/wp\/v2\/product_cat?post=125542"},{"taxonomy":"product_tag","embeddable":true,"href":"https:\/\/www.budream.com\/fr\/wp-json\/wp\/v2\/product_tag?post=125542"}],"curies":[{"name":"wp","href":"https:\/\/api.w.org\/{rel}","templated":true}]}}