{"id":125557,"date":"2025-07-30T18:56:08","date_gmt":"2025-07-30T16:56:08","guid":{"rendered":"https:\/\/www.budream.com\/shop\/storzbickel-original-plastic-grinder\/"},"modified":"2026-02-17T11:57:54","modified_gmt":"2026-02-17T09:57:54","slug":"storzbickel-original-plastic-grinder","status":"publish","type":"product","link":"https:\/\/www.budream.com\/fr\/shop\/storzbickel-original-plastic-grinder\/","title":{"rendered":"STORZ&amp;BICKEL &#8211; ORIGINAL PLASTIC GRINDER"},"content":{"rendered":"<p>Le moulin Volcano original en plastique poss\u00e8de des dents extra-aiguis\u00e9es pour moudre finement les herbes.<br \/>Il est dot\u00e9 d&rsquo;un compartiment pratique en plastique avec un couvercle transparent pour une inspection facile du contenu.<\/p>\n","protected":false},"excerpt":{"rendered":"<p>Le moulin Volcano original en plastique poss\u00e8de des dents extra-aiguis\u00e9es pour moudre finement les herbes.Il est dot\u00e9 d&rsquo;un compartiment pratique<\/p>\n","protected":false},"featured_media":125547,"comment_status":"open","ping_status":"closed","template":"","meta":[],"product_brand":[],"product_cat":[7910],"product_tag":[],"class_list":{"0":"post-125557","1":"product","2":"type-product","3":"status-publish","4":"has-post-thumbnail","6":"product_cat-vaporisateurs","8":"first","9":"instock","10":"sale","11":"taxable","12":"shipping-taxable","13":"purchasable","14":"product-type-simple"},"aioseo_notices":[],"_links":{"self":[{"href":"https:\/\/www.budream.com\/fr\/wp-json\/wp\/v2\/product\/125557","targetHints":{"allow":["GET"]}}],"collection":[{"href":"https:\/\/www.budream.com\/fr\/wp-json\/wp\/v2\/product"}],"about":[{"href":"https:\/\/www.budream.com\/fr\/wp-json\/wp\/v2\/types\/product"}],"replies":[{"embeddable":true,"href":"https:\/\/www.budream.com\/fr\/wp-json\/wp\/v2\/comments?post=125557"}],"version-history":[{"count":0,"href":"https:\/\/www.budream.com\/fr\/wp-json\/wp\/v2\/product\/125557\/revisions"}],"wp:featuredmedia":[{"embeddable":true,"href":"https:\/\/www.budream.com\/fr\/wp-json\/wp\/v2\/media\/125547"}],"wp:attachment":[{"href":"https:\/\/www.budream.com\/fr\/wp-json\/wp\/v2\/media?parent=125557"}],"wp:term":[{"taxonomy":"product_brand","embeddable":true,"href":"https:\/\/www.budream.com\/fr\/wp-json\/wp\/v2\/product_brand?post=125557"},{"taxonomy":"product_cat","embeddable":true,"href":"https:\/\/www.budream.com\/fr\/wp-json\/wp\/v2\/product_cat?post=125557"},{"taxonomy":"product_tag","embeddable":true,"href":"https:\/\/www.budream.com\/fr\/wp-json\/wp\/v2\/product_tag?post=125557"}],"curies":[{"name":"wp","href":"https:\/\/api.w.org\/{rel}","templated":true}]}}