{"id":125572,"date":"2025-07-30T18:56:36","date_gmt":"2025-07-30T16:56:36","guid":{"rendered":"https:\/\/www.budream.com\/shop\/storzbickel-unite-de-refroidissement-pour-crafty-en-anglais\/"},"modified":"2025-12-23T15:04:21","modified_gmt":"2025-12-23T13:04:21","slug":"storzbickel-unite-de-refroidissement-pour-crafty-en-anglais","status":"publish","type":"product","link":"https:\/\/www.budream.com\/fr\/shop\/storzbickel-unite-de-refroidissement-pour-crafty-en-anglais\/","title":{"rendered":"STORZ&amp;BICKEL &#8211; UNIT\u00c9 DE REFROIDISSEMENT POUR CRAFTY+ (EN ANGLAIS)"},"content":{"rendered":"<p>L&rsquo;unit\u00e9 de refroidissement refroidit la vapeur pour fournir une vapeur agr\u00e9able et un ar\u00f4me optimal. <\/p>\n<p>Convient pour :<\/p>\n<ul>\n<li>CRAFTY<\/li>\n<li>CRAFTY+<\/li>\n<\/ul>\n","protected":false},"excerpt":{"rendered":"<p>L&rsquo;unit\u00e9 de refroidissement refroidit la vapeur pour fournir une vapeur agr\u00e9able et un ar\u00f4me optimal. Convient pour : CRAFTY CRAFTY+<\/p>\n","protected":false},"featured_media":125562,"comment_status":"open","ping_status":"closed","template":"","meta":[],"product_brand":[],"product_cat":[7910],"product_tag":[],"class_list":{"0":"post-125572","1":"product","2":"type-product","3":"status-publish","4":"has-post-thumbnail","6":"product_cat-vaporisateurs","8":"first","9":"instock","10":"sale","11":"taxable","12":"shipping-taxable","13":"purchasable","14":"product-type-simple"},"aioseo_notices":[],"_links":{"self":[{"href":"https:\/\/www.budream.com\/fr\/wp-json\/wp\/v2\/product\/125572","targetHints":{"allow":["GET"]}}],"collection":[{"href":"https:\/\/www.budream.com\/fr\/wp-json\/wp\/v2\/product"}],"about":[{"href":"https:\/\/www.budream.com\/fr\/wp-json\/wp\/v2\/types\/product"}],"replies":[{"embeddable":true,"href":"https:\/\/www.budream.com\/fr\/wp-json\/wp\/v2\/comments?post=125572"}],"version-history":[{"count":0,"href":"https:\/\/www.budream.com\/fr\/wp-json\/wp\/v2\/product\/125572\/revisions"}],"wp:featuredmedia":[{"embeddable":true,"href":"https:\/\/www.budream.com\/fr\/wp-json\/wp\/v2\/media\/125562"}],"wp:attachment":[{"href":"https:\/\/www.budream.com\/fr\/wp-json\/wp\/v2\/media?parent=125572"}],"wp:term":[{"taxonomy":"product_brand","embeddable":true,"href":"https:\/\/www.budream.com\/fr\/wp-json\/wp\/v2\/product_brand?post=125572"},{"taxonomy":"product_cat","embeddable":true,"href":"https:\/\/www.budream.com\/fr\/wp-json\/wp\/v2\/product_cat?post=125572"},{"taxonomy":"product_tag","embeddable":true,"href":"https:\/\/www.budream.com\/fr\/wp-json\/wp\/v2\/product_tag?post=125572"}],"curies":[{"name":"wp","href":"https:\/\/api.w.org\/{rel}","templated":true}]}}