{"id":125587,"date":"2025-07-30T18:57:05","date_gmt":"2025-07-30T16:57:05","guid":{"rendered":"https:\/\/www.budream.com\/shop\/storzbickel-set-danneaux-detancheite-pour-crafty\/"},"modified":"2025-12-23T14:52:18","modified_gmt":"2025-12-23T12:52:18","slug":"storzbickel-set-danneaux-detancheite-pour-crafty","status":"publish","type":"product","link":"https:\/\/www.budream.com\/fr\/shop\/storzbickel-set-danneaux-detancheite-pour-crafty\/","title":{"rendered":"STORZ&amp;BICKEL &#8211; SET D&rsquo;ANNEAUX D&rsquo;\u00c9TANCH\u00c9IT\u00c9 POUR CRAFTY+"},"content":{"rendered":"<p>Jeu de tous les joints d&rsquo;\u00e9tanch\u00e9it\u00e9 de l&rsquo;unit\u00e9 de refroidissement pour CRAFTY et CRAFTY+.<\/p>\n<p><strong>Comprend :<\/strong><\/p>\n<ul class=\"ui-tabs-nav ui-helper-reset ui-helper-clearfix ui-widget-header ui-corner-all\">\n<li>3 pcs. Anneau d&rsquo;\u00e9tanch\u00e9it\u00e9 de l&#8217;embout ;<\/li>\n<li>2 pcs. Anneau d&rsquo;\u00e9tanch\u00e9it\u00e9 de la chambre de remplissage ;<\/li>\n<li>3 pcs. Anneau d&rsquo;\u00e9tanch\u00e9it\u00e9 du petit fond ;<\/li>\n<li>3 pi\u00e8ces Grand anneau d&rsquo;\u00e9tanch\u00e9it\u00e9 inf\u00e9rieur ;<\/li>\n<\/ul>\n","protected":false},"excerpt":{"rendered":"<p>Jeu de tous les joints d&rsquo;\u00e9tanch\u00e9it\u00e9 de l&rsquo;unit\u00e9 de refroidissement pour CRAFTY et CRAFTY+. Comprend : 3 pcs. Anneau d&rsquo;\u00e9tanch\u00e9it\u00e9<\/p>\n","protected":false},"featured_media":125577,"comment_status":"open","ping_status":"closed","template":"","meta":[],"product_brand":[],"product_cat":[7910],"product_tag":[],"class_list":{"0":"post-125587","1":"product","2":"type-product","3":"status-publish","4":"has-post-thumbnail","6":"product_cat-vaporisateurs","8":"first","9":"instock","10":"sale","11":"taxable","12":"shipping-taxable","13":"purchasable","14":"product-type-simple"},"aioseo_notices":[],"_links":{"self":[{"href":"https:\/\/www.budream.com\/fr\/wp-json\/wp\/v2\/product\/125587","targetHints":{"allow":["GET"]}}],"collection":[{"href":"https:\/\/www.budream.com\/fr\/wp-json\/wp\/v2\/product"}],"about":[{"href":"https:\/\/www.budream.com\/fr\/wp-json\/wp\/v2\/types\/product"}],"replies":[{"embeddable":true,"href":"https:\/\/www.budream.com\/fr\/wp-json\/wp\/v2\/comments?post=125587"}],"version-history":[{"count":0,"href":"https:\/\/www.budream.com\/fr\/wp-json\/wp\/v2\/product\/125587\/revisions"}],"wp:featuredmedia":[{"embeddable":true,"href":"https:\/\/www.budream.com\/fr\/wp-json\/wp\/v2\/media\/125577"}],"wp:attachment":[{"href":"https:\/\/www.budream.com\/fr\/wp-json\/wp\/v2\/media?parent=125587"}],"wp:term":[{"taxonomy":"product_brand","embeddable":true,"href":"https:\/\/www.budream.com\/fr\/wp-json\/wp\/v2\/product_brand?post=125587"},{"taxonomy":"product_cat","embeddable":true,"href":"https:\/\/www.budream.com\/fr\/wp-json\/wp\/v2\/product_cat?post=125587"},{"taxonomy":"product_tag","embeddable":true,"href":"https:\/\/www.budream.com\/fr\/wp-json\/wp\/v2\/product_tag?post=125587"}],"curies":[{"name":"wp","href":"https:\/\/api.w.org\/{rel}","templated":true}]}}