{"id":125687,"date":"2025-07-30T19:03:04","date_gmt":"2025-07-30T17:03:04","guid":{"rendered":"https:\/\/www.budream.com\/shop\/flowermate-adaptateur-de-bong-pour-serie-v5\/"},"modified":"2026-04-20T14:14:19","modified_gmt":"2026-04-20T12:14:19","slug":"flowermate-adaptateur-de-bong-pour-serie-v5","status":"publish","type":"product","link":"https:\/\/www.budream.com\/fr\/shop\/flowermate-adaptateur-de-bong-pour-serie-v5\/","title":{"rendered":"FLOWERMATE &#8211; ADAPTATEUR DE BONG POUR S\u00c9RIE V5"},"content":{"rendered":"<p>Cet adaptateur permet de connecter facilement les vaporisateurs portables Flowermate aux bongs \u00e0 eau. <br \/>La conception sp\u00e9ciale permet d&rsquo;adapter le produit \u00e0 tous les bongs du march\u00e9.<\/p>\n<h2><span style=\"text-decoration: underline\">Adaptateur de bong FLOWERMATE pour la s\u00e9rie V5 : <\/span><\/h2>\n<ul style=\"list-style-type: disc\">\n<li>adaptateur de bong universel ;<\/li>\n<li>Raccord m\u00e2le et femelle de 10\/14 et 18 mm ;<\/li>\n<li>100% acier inoxydable ;<\/li>\n<\/ul>\n<h2><span style=\"text-decoration: underline\">Adaptateur de bong FLOWERMATE pour compatibilit\u00e9 avec la s\u00e9rie V5 :<\/span><\/h2>\n<ul style=\"list-style-type: disc\">\n<li>Flowermate V5.0<\/li>\n<li>Flowermate V5.0S<\/li>\n<li>Flowermate V5.0 Pro<\/li>\n<\/ul>\n<p> <strong>Note<\/strong>: L&rsquo;adaptateur pour outil \u00e0 eau Flowermate n&rsquo;est pas compatible avec la Flowermate V5.0 Mini.<\/p>\n","protected":false},"excerpt":{"rendered":"<p>Cet adaptateur permet de connecter facilement les vaporisateurs portables Flowermate aux bongs \u00e0 eau. La conception sp\u00e9ciale permet d&rsquo;adapter le<\/p>\n","protected":false},"featured_media":125677,"comment_status":"open","ping_status":"closed","template":"","meta":[],"product_brand":[],"product_cat":[7910],"product_tag":[],"class_list":{"0":"post-125687","1":"product","2":"type-product","3":"status-publish","4":"has-post-thumbnail","6":"product_cat-vaporisateurs","8":"first","9":"instock","10":"sale","11":"taxable","12":"shipping-taxable","13":"purchasable","14":"product-type-simple"},"aioseo_notices":[],"_links":{"self":[{"href":"https:\/\/www.budream.com\/fr\/wp-json\/wp\/v2\/product\/125687","targetHints":{"allow":["GET"]}}],"collection":[{"href":"https:\/\/www.budream.com\/fr\/wp-json\/wp\/v2\/product"}],"about":[{"href":"https:\/\/www.budream.com\/fr\/wp-json\/wp\/v2\/types\/product"}],"replies":[{"embeddable":true,"href":"https:\/\/www.budream.com\/fr\/wp-json\/wp\/v2\/comments?post=125687"}],"version-history":[{"count":0,"href":"https:\/\/www.budream.com\/fr\/wp-json\/wp\/v2\/product\/125687\/revisions"}],"wp:featuredmedia":[{"embeddable":true,"href":"https:\/\/www.budream.com\/fr\/wp-json\/wp\/v2\/media\/125677"}],"wp:attachment":[{"href":"https:\/\/www.budream.com\/fr\/wp-json\/wp\/v2\/media?parent=125687"}],"wp:term":[{"taxonomy":"product_brand","embeddable":true,"href":"https:\/\/www.budream.com\/fr\/wp-json\/wp\/v2\/product_brand?post=125687"},{"taxonomy":"product_cat","embeddable":true,"href":"https:\/\/www.budream.com\/fr\/wp-json\/wp\/v2\/product_cat?post=125687"},{"taxonomy":"product_tag","embeddable":true,"href":"https:\/\/www.budream.com\/fr\/wp-json\/wp\/v2\/product_tag?post=125687"}],"curies":[{"name":"wp","href":"https:\/\/api.w.org\/{rel}","templated":true}]}}