{"id":125747,"date":"2025-07-30T19:06:11","date_gmt":"2025-07-30T17:06:11","guid":{"rendered":"https:\/\/www.budream.com\/shop\/storzbickel-plenty-vaporisateur-de-table\/"},"modified":"2026-04-23T09:39:02","modified_gmt":"2026-04-23T07:39:02","slug":"storzbickel-plenty-vaporisateur-de-table","status":"publish","type":"product","link":"https:\/\/www.budream.com\/fr\/shop\/storzbickel-plenty-vaporisateur-de-table\/","title":{"rendered":"STORZ&amp;BICKEL &#8211; PLENTY | VAPORISATEUR DE TABLE"},"content":{"rendered":"<p>Des d\u00e9couvertes sans fin. Un chauffage puissant, un refroidissement efficace et une chambre de remplissage extra-large combin\u00e9s dans un seul appareil portatif : <strong>PLENTY<\/strong>. <br \/>Le r\u00e9sultat est une abondance de vapeur avec un ar\u00f4me de premi\u00e8re classe.<\/p>\n<p>Plenty est un vaporisateur \u00e0 main puissant et robuste, dot\u00e9 d&rsquo;un tube d&rsquo;inhalation de vapeur flexible. Les temp\u00e9ratures de vaporisation du Plenty peuvent \u00eatre s\u00e9lectionn\u00e9es entre 130&deg;C et 200&deg;C. Le <strong>thermom\u00e8tre<\/strong> situ\u00e9 sur le vaporisateur permet de contr\u00f4ler le niveau de pr\u00e9cision.<br \/>D&rsquo;une capacit\u00e9 de 3,4 cm&sup3;, la chambre de remplissage offre une surface optimale pour une bouff\u00e9e efficace et une qualit\u00e9 de vaporisation vraiment exceptionnelle, tandis que la <strong>spirale de refroidissement<\/strong> en acier inoxydable rend le flux d&rsquo;air encore plus fluide en \u00e9liminant presque compl\u00e8tement la r\u00e9sistance \u00e0 la bouff\u00e9e.<\/p>\n<h2><span style=\"text-decoration: underline\"><strong>Caract\u00e9ristiques du vaporisateur Plenty :<\/strong><\/span><\/h2>\n<ul style=\"list-style-type: disc\">\n<li>Chauffage rapide (&lt; 1 minute \u00e0 130 &deg;C) ;<\/li>\n<li>mat\u00e9riaux de qualit\u00e9 alimentaire ;<\/li>\n<li>Temp\u00e9rature r\u00e9glable entre 130 &deg;C et 200 &deg;C ;<\/li>\n<li>\u00c9changeur de chaleur \u00e0 double h\u00e9lice ;<\/li>\n<li>Arr\u00eat automatique ;<\/li>\n<\/ul>\n<h2><span style=\"text-decoration: underline\"><strong>Largement inclus dans l&#8217;emballage :<\/strong><\/span><\/h2>\n<ul style=\"list-style-type: disc\">\n<li>Unit\u00e9 de vaporisation Plenty ;<\/li>\n<li>Manuel d&rsquo;utilisation ;<\/li>\n<li>1 x brosse de nettoyage<\/li>\n<li>3 x filets ;<\/li>\n<li>1 x embout buccal en plastique ;<\/li>\n<li>2 x tubes (court+long) ;<\/li>\n<li>1 x \u00e9couvillon liquide ;<\/li>\n<\/ul>\n<p><\/p>\n<div class=\"jarallax\" data-content-type=\"row\" data-appearance=\"full-width\" data-enable-parallax=\"1\" data-parallax-speed=\"0,1\" data-background-images=\"{}\" data-background-type=\"image\" data-video-loop=\"true\" data-video-play-only-visible=\"true\" data-video-lazy-load=\"true\" data-video-fallback-src=\"\" data-element=\"main\" data-pb-style=\"HNH4GKH\" data-jarallax=\"\">\n<div class=\"row-full-width-inner\" data-element=\"inner\">\n<figure data-content-type=\"image\" data-appearance=\"full-width\" data-element=\"main\" data-pb-style=\"KFNNDD5\"><img decoding=\"async\" class=\"pagebuilder-mobile-hidden\" title=\"\" src=\"https:\/\/www.storz-bickel.com\/media\/wysiwyg\/Plenty-RGB.png\" alt=\"\" data-element=\"desktop_image\" data-pb-style=\"T1DDUOR\" \/><\/figure>\n<figure data-content-type=\"image\" data-appearance=\"full-width\" data-element=\"main\" data-pb-style=\"V6K1FRK\"><img decoding=\"async\" class=\"pagebuilder-mobile-hidden\" title=\"\" src=\"https:\/\/www.storz-bickel.com\/media\/wysiwyg\/Plenty_1.jpg\" alt=\"\" data-element=\"desktop_image\" data-pb-style=\"RVOSECI\" \/><\/figure>\n<\/div>\n<\/div>\n<div class=\"jarallax\" data-content-type=\"row\" data-appearance=\"full-width\" data-enable-parallax=\"1\" data-parallax-speed=\"0.5\" data-background-images=\"{}\" data-background-type=\"image\" data-video-loop=\"true\" data-video-play-only-visible=\"true\" data-video-lazy-load=\"true\" data-video-fallback-src=\"\" data-element=\"main\" data-pb-style=\"XUGVTU0\" data-jarallax=\"\">\n<div class=\"row-full-width-inner\" data-element=\"inner\">\n<div data-content-type=\"text\" data-appearance=\"default\" data-element=\"main\" data-pb-style=\"FUECDXC\">\n<h3 data-placeholder=\"Edit Heading Text\" data-contenttype=\"heading\" data-appearance=\"default\" data-element=\"main\">En faveur de l&rsquo;ar\u00f4me.<\/h3>\n<p>Un chauffage puissant, un refroidissement efficace et une chambre de remplissage extra-large combin\u00e9s dans un seul appareil portatif : PLENTY. Le r\u00e9sultat est une abondance de vapeur avec un ar\u00f4me de premi\u00e8re classe.<\/p>\n<\/div>\n<\/div>\n<\/div>\n<div data-content-type=\"row\" data-appearance=\"full-width\" data-enable-parallax=\"0\" data-parallax-speed=\"0.5\" data-background-images=\"{}\" data-background-type=\"image\" data-video-loop=\"true\" data-video-play-only-visible=\"true\" data-video-lazy-load=\"true\" data-video-fallback-src=\"\" data-element=\"main\" data-pb-style=\"LMKLCW2\">\n<div class=\"row-full-width-inner\" data-element=\"inner\">\n<div class=\"pagebuilder-column-group\" data-background-images=\"{}\" data-content-type=\"column-group\" data-appearance=\"default\" data-grid-size=\"12\" data-element=\"main\" data-pb-style=\"OCPAX5O\">\n<div class=\"pagebuilder-column-line\" data-content-type=\"column-line\" data-element=\"main\" data-pb-style=\"YKG3TBC\">\n<div class=\"pagebuilder-column\" data-content-type=\"column\" data-appearance=\"full-height\" data-background-images=\"{}\" data-element=\"main\" data-pb-style=\"R6G3JQ3\">\n<div data-content-type=\"text\" data-appearance=\"default\" data-element=\"main\" data-pb-style=\"YW1A4G6\">\n<h3 data-placeholder=\"Edit Heading Text\" data-contenttype=\"heading\" data-appearance=\"default\" data-element=\"main\">Capacit\u00e9 suppl\u00e9mentaire. Vapeur suppl\u00e9mentaire.<\/h3>\n<p>Avec une capacit\u00e9 de 3,4 cm&sup3;, la chambre de remplissage offre une surface optimale pour un vapotage efficace et une qualit\u00e9 de vaporisation vraiment exceptionnelle, tandis que la spirale de refroidissement en acier inoxydable rend le flux d&rsquo;air encore plus fluide, \u00e9liminant presque compl\u00e8tement la r\u00e9sistance \u00e0 la bouff\u00e9e.<\/p>\n<\/div>\n<\/div>\n<div class=\"pagebuilder-column\" data-content-type=\"column\" data-appearance=\"full-height\" data-background-images=\"{}\" data-element=\"main\" data-pb-style=\"EC27F8T\">\n<figure data-content-type=\"image\" data-appearance=\"full-width\" data-element=\"main\" data-pb-style=\"X2T94AK\"><img decoding=\"async\" class=\"pagebuilder-mobile-hidden\" title=\"\" src=\"https:\/\/www.storz-bickel.com\/media\/wysiwyg\/F_llkammer_Plenty.jpg\" alt=\"\" data-element=\"desktop_image\" data-pb-style=\"YKX140O\" \/><\/figure>\n<\/div>\n<\/div>\n<\/div>\n<\/div>\n<\/div>\n<div data-content-type=\"row\" data-appearance=\"full-width\" data-enable-parallax=\"0\" data-parallax-speed=\"0.5\" data-background-images=\"{}\" data-background-type=\"image\" data-video-loop=\"true\" data-video-play-only-visible=\"true\" data-video-lazy-load=\"true\" data-video-fallback-src=\"\" data-element=\"main\" data-pb-style=\"S537V0H\">\n<div class=\"row-full-width-inner\" data-element=\"inner\">\n<div data-content-type=\"text\" data-appearance=\"default\" data-element=\"main\" data-pb-style=\"V26B8IL\">\n<h3 data-placeholder=\"Edit Heading Text\" data-contenttype=\"heading\" data-appearance=\"default\" data-element=\"main\">L&rsquo;efficacit\u00e9 avant tout.<\/h3>\n<p>Le mod\u00e8le PLENTY, avec son design distinctif, offre tout le plaisir d&rsquo;un vapotage de longue dur\u00e9e \u00e0 un prix attractif.<\/p>\n<\/div>\n<\/div>\n<\/div>\n<div data-content-type=\"row\" data-appearance=\"full-width\" data-enable-parallax=\"0\" data-parallax-speed=\"0.5\" data-background-images=\"{}\" data-background-type=\"image\" data-video-loop=\"true\" data-video-play-only-visible=\"true\" data-video-lazy-load=\"true\" data-video-fallback-src=\"\" data-element=\"main\" data-pb-style=\"MAQQRPX\">\n<div class=\"row-full-width-inner\" data-element=\"inner\">\n<div class=\"pagebuilder-column-group\" data-background-images=\"{}\" data-content-type=\"column-group\" data-appearance=\"default\" data-grid-size=\"12\" data-element=\"main\" data-pb-style=\"IGLHRE3\">\n<div class=\"pagebuilder-column-line\" data-content-type=\"column-line\" data-element=\"main\" data-pb-style=\"NY3CHJ4\">\n<div class=\"pagebuilder-column\" data-content-type=\"column\" data-appearance=\"full-height\" data-background-images=\"{}\" data-element=\"main\" data-pb-style=\"HRGSMDQ\">\n<figure data-content-type=\"image\" data-appearance=\"full-width\" data-element=\"main\" data-pb-style=\"MI6KA74\"><img decoding=\"async\" class=\"pagebuilder-mobile-hidden\" title=\"\" src=\"https:\/\/www.storz-bickel.com\/media\/wysiwyg\/Heizung_Plenty.jpg\" alt=\"\" data-element=\"desktop_image\" data-pb-style=\"OVA0DOP\" \/><\/figure>\n<\/div>\n<div class=\"pagebuilder-column\" data-content-type=\"column\" data-appearance=\"full-height\" data-background-images=\"{}\" data-element=\"main\" data-pb-style=\"Q6AJ3XQ\">\n<div data-content-type=\"text\" data-appearance=\"default\" data-element=\"main\" data-pb-style=\"GJ4YO6P\">\n<h3 data-placeholder=\"Edit Heading Text\" data-contenttype=\"heading\" data-appearance=\"default\" data-element=\"main\">S\u00fbr et fiable. Purement \u00e9lectrom\u00e9canique.<\/h3>\n<p>Un thermom\u00e8tre bien visible indique la temp\u00e9rature actuelle, tandis que le thermostat bim\u00e9tallique interne garantit un fonctionnement s\u00fbr gr\u00e2ce \u00e0 un fusible thermique ind\u00e9pendant et \u00e0 un dispositif d&rsquo;arr\u00eat automatique.<\/p>\n<\/div>\n<\/div>\n<\/div>\n<\/div>\n<\/div>\n<\/div>\n","protected":false},"excerpt":{"rendered":"<p>Des d\u00e9couvertes sans fin. Un chauffage puissant, un refroidissement efficace et une chambre de remplissage extra-large combin\u00e9s dans un seul<\/p>\n","protected":false},"featured_media":125722,"comment_status":"open","ping_status":"closed","template":"","meta":[],"product_brand":[],"product_cat":[1179],"product_tag":[],"class_list":{"0":"post-125747","1":"product","2":"type-product","3":"status-publish","4":"has-post-thumbnail","6":"product_cat-vaporizzatori","8":"first","9":"outofstock","10":"taxable","11":"shipping-taxable","12":"purchasable","13":"product-type-simple"},"aioseo_notices":[],"_links":{"self":[{"href":"https:\/\/www.budream.com\/fr\/wp-json\/wp\/v2\/product\/125747","targetHints":{"allow":["GET"]}}],"collection":[{"href":"https:\/\/www.budream.com\/fr\/wp-json\/wp\/v2\/product"}],"about":[{"href":"https:\/\/www.budream.com\/fr\/wp-json\/wp\/v2\/types\/product"}],"replies":[{"embeddable":true,"href":"https:\/\/www.budream.com\/fr\/wp-json\/wp\/v2\/comments?post=125747"}],"version-history":[{"count":1,"href":"https:\/\/www.budream.com\/fr\/wp-json\/wp\/v2\/product\/125747\/revisions"}],"predecessor-version":[{"id":264463,"href":"https:\/\/www.budream.com\/fr\/wp-json\/wp\/v2\/product\/125747\/revisions\/264463"}],"wp:featuredmedia":[{"embeddable":true,"href":"https:\/\/www.budream.com\/fr\/wp-json\/wp\/v2\/media\/125722"}],"wp:attachment":[{"href":"https:\/\/www.budream.com\/fr\/wp-json\/wp\/v2\/media?parent=125747"}],"wp:term":[{"taxonomy":"product_brand","embeddable":true,"href":"https:\/\/www.budream.com\/fr\/wp-json\/wp\/v2\/product_brand?post=125747"},{"taxonomy":"product_cat","embeddable":true,"href":"https:\/\/www.budream.com\/fr\/wp-json\/wp\/v2\/product_cat?post=125747"},{"taxonomy":"product_tag","embeddable":true,"href":"https:\/\/www.budream.com\/fr\/wp-json\/wp\/v2\/product_tag?post=125747"}],"curies":[{"name":"wp","href":"https:\/\/api.w.org\/{rel}","templated":true}]}}