{"id":125762,"date":"2025-07-30T19:06:42","date_gmt":"2025-07-30T17:06:42","guid":{"rendered":"https:\/\/www.budream.com\/shop\/storzbickel-jeu-de-ballons-a-valve-facile-6-ballons\/"},"modified":"2026-04-24T10:19:01","modified_gmt":"2026-04-24T08:19:01","slug":"storzbickel-jeu-de-ballons-a-valve-facile-6-ballons","status":"publish","type":"product","link":"https:\/\/www.budream.com\/fr\/shop\/storzbickel-jeu-de-ballons-a-valve-facile-6-ballons\/","title":{"rendered":"STORZ&amp;BICKEL &#8211; JEU DE BALLONS \u00c0 VALVE FACILE | 6 BALLONS"},"content":{"rendered":"<p>Lot de 6 ballons EASY VALVE pr\u00eats \u00e0 l&#8217;emploi pour une application avec VOLCANO<br \/>6 pi\u00e8ces. Ballon Easy Valve avec embout (environ 60 cm de long)<\/p>\n<p><strong>Convient pour :<\/strong><\/p>\n<ul>\n<li>VOLCANO HYBRID<\/li>\n<li>VOLCANO DIGIT<\/li>\n<li>VOLCANO CLASSIC<\/li>\n<\/ul>\n","protected":false},"excerpt":{"rendered":"<p>Lot de 6 ballons EASY VALVE pr\u00eats \u00e0 l&#8217;emploi pour une application avec VOLCANO6 pi\u00e8ces. Ballon Easy Valve avec embout<\/p>\n","protected":false},"featured_media":125752,"comment_status":"open","ping_status":"closed","template":"","meta":[],"product_brand":[],"product_cat":[7910],"product_tag":[],"class_list":{"0":"post-125762","1":"product","2":"type-product","3":"status-publish","4":"has-post-thumbnail","6":"product_cat-vaporisateurs","8":"first","9":"outofstock","10":"sale","11":"taxable","12":"shipping-taxable","13":"purchasable","14":"product-type-simple"},"aioseo_notices":[],"_links":{"self":[{"href":"https:\/\/www.budream.com\/fr\/wp-json\/wp\/v2\/product\/125762","targetHints":{"allow":["GET"]}}],"collection":[{"href":"https:\/\/www.budream.com\/fr\/wp-json\/wp\/v2\/product"}],"about":[{"href":"https:\/\/www.budream.com\/fr\/wp-json\/wp\/v2\/types\/product"}],"replies":[{"embeddable":true,"href":"https:\/\/www.budream.com\/fr\/wp-json\/wp\/v2\/comments?post=125762"}],"version-history":[{"count":1,"href":"https:\/\/www.budream.com\/fr\/wp-json\/wp\/v2\/product\/125762\/revisions"}],"predecessor-version":[{"id":264536,"href":"https:\/\/www.budream.com\/fr\/wp-json\/wp\/v2\/product\/125762\/revisions\/264536"}],"wp:featuredmedia":[{"embeddable":true,"href":"https:\/\/www.budream.com\/fr\/wp-json\/wp\/v2\/media\/125752"}],"wp:attachment":[{"href":"https:\/\/www.budream.com\/fr\/wp-json\/wp\/v2\/media?parent=125762"}],"wp:term":[{"taxonomy":"product_brand","embeddable":true,"href":"https:\/\/www.budream.com\/fr\/wp-json\/wp\/v2\/product_brand?post=125762"},{"taxonomy":"product_cat","embeddable":true,"href":"https:\/\/www.budream.com\/fr\/wp-json\/wp\/v2\/product_cat?post=125762"},{"taxonomy":"product_tag","embeddable":true,"href":"https:\/\/www.budream.com\/fr\/wp-json\/wp\/v2\/product_tag?post=125762"}],"curies":[{"name":"wp","href":"https:\/\/api.w.org\/{rel}","templated":true}]}}