{"id":125777,"date":"2025-07-30T19:07:11","date_gmt":"2025-07-30T17:07:11","guid":{"rendered":"https:\/\/www.budream.com\/shop\/storzbickel-chambre-de-vaporisation-pour-liquides-a-valve-facile\/"},"modified":"2025-12-23T14:44:03","modified_gmt":"2025-12-23T12:44:03","slug":"storzbickel-chambre-de-vaporisation-pour-liquides-a-valve-facile","status":"publish","type":"product","link":"https:\/\/www.budream.com\/fr\/shop\/storzbickel-chambre-de-vaporisation-pour-liquides-a-valve-facile\/","title":{"rendered":"STORZ&amp;BICKEL &#8211; CHAMBRE DE VAPORISATION POUR LIQUIDES \u00c0 VALVE FACILE"},"content":{"rendered":"<p>Chambre de vaporisation de remplacement avec tampon \u00e0 concentr\u00e9 pour Volcano Easy Valve.<\/p>\n<h2><span style=\"text-decoration: underline\"><strong>La chambre de vaporisation Storz &amp; Bickel Easy Valve comprend :<\/strong><\/span><\/h2>\n<ul style=\"list-style-type: disc\">\n<li>Chambre de vaporisation ;<\/li>\n<li>3 clips de fixation ;<\/li>\n<li>Filet pour la chambre de vaporisation ;<\/li>\n<li>Brosse de nettoyage ;<\/li>\n<li>2 tampons de liquide ;<\/li>\n<li>1 joint bleu ;<\/li>\n<\/ul>\n","protected":false},"excerpt":{"rendered":"<p>Chambre de vaporisation de remplacement avec tampon \u00e0 concentr\u00e9 pour Volcano Easy Valve. La chambre de vaporisation Storz &amp; Bickel<\/p>\n","protected":false},"featured_media":125767,"comment_status":"open","ping_status":"closed","template":"","meta":[],"product_brand":[],"product_cat":[7910],"product_tag":[],"class_list":{"0":"post-125777","1":"product","2":"type-product","3":"status-publish","4":"has-post-thumbnail","6":"product_cat-vaporisateurs","8":"first","9":"instock","10":"sale","11":"taxable","12":"shipping-taxable","13":"purchasable","14":"product-type-simple"},"aioseo_notices":[],"_links":{"self":[{"href":"https:\/\/www.budream.com\/fr\/wp-json\/wp\/v2\/product\/125777","targetHints":{"allow":["GET"]}}],"collection":[{"href":"https:\/\/www.budream.com\/fr\/wp-json\/wp\/v2\/product"}],"about":[{"href":"https:\/\/www.budream.com\/fr\/wp-json\/wp\/v2\/types\/product"}],"replies":[{"embeddable":true,"href":"https:\/\/www.budream.com\/fr\/wp-json\/wp\/v2\/comments?post=125777"}],"version-history":[{"count":0,"href":"https:\/\/www.budream.com\/fr\/wp-json\/wp\/v2\/product\/125777\/revisions"}],"wp:featuredmedia":[{"embeddable":true,"href":"https:\/\/www.budream.com\/fr\/wp-json\/wp\/v2\/media\/125767"}],"wp:attachment":[{"href":"https:\/\/www.budream.com\/fr\/wp-json\/wp\/v2\/media?parent=125777"}],"wp:term":[{"taxonomy":"product_brand","embeddable":true,"href":"https:\/\/www.budream.com\/fr\/wp-json\/wp\/v2\/product_brand?post=125777"},{"taxonomy":"product_cat","embeddable":true,"href":"https:\/\/www.budream.com\/fr\/wp-json\/wp\/v2\/product_cat?post=125777"},{"taxonomy":"product_tag","embeddable":true,"href":"https:\/\/www.budream.com\/fr\/wp-json\/wp\/v2\/product_tag?post=125777"}],"curies":[{"name":"wp","href":"https:\/\/api.w.org\/{rel}","templated":true}]}}