{"id":125792,"date":"2025-07-30T19:07:40","date_gmt":"2025-07-30T17:07:40","guid":{"rendered":"https:\/\/www.budream.com\/shop\/storzbickel-starter-set-easy-valve\/"},"modified":"2026-05-13T11:08:52","modified_gmt":"2026-05-13T09:08:52","slug":"storzbickel-starter-set-easy-valve","status":"publish","type":"product","link":"https:\/\/www.budream.com\/fr\/shop\/storzbickel-starter-set-easy-valve\/","title":{"rendered":"STORZ&amp;BICKEL &#8211; STARTER SET EASY VALVE"},"content":{"rendered":"<p>Le flacon EASY VALVE est s\u00fbr pour les aliments, r\u00e9sistant \u00e0 la chaleur et sans odeur ; il est disponible en deux tailles : standard et XL. <br \/>L&rsquo;inhalation \u00e0 partir du flacon EASY VALVE est particuli\u00e8rement confortable, car il n&rsquo;y a pratiquement pas de r\u00e9sistance \u00e0 l&rsquo;inhalation.<\/p>\n<h2><strong><span style=\"text-decoration: underline\">Le set de d\u00e9part Easy Valve de Storz &amp; Bickel comprend :<\/span><\/strong><\/h2>\n<ul style=\"list-style-type: disc\">\n<li>4 pi\u00e8ces Ballon Easy Valve avec embout ;<\/li>\n<li>1 pc. Flacon Easy Valve avec adaptateur ;<\/li>\n<li>1 pc. Chambre \u00e0 vapeur Easy Valve<\/li>\n<li>3 pc. Clip de chambre de remplissage ;<\/li>\n<li>1 pc. Anneau de couvercle ;<\/li>\n<li>1 pc. Jeu de filtres standard (environ &Oslash; 30 mm) ;<\/li>\n<li>1 pc. Brosse de nettoyage ;<\/li>\n<\/ul>\n","protected":false},"excerpt":{"rendered":"<p>Le flacon EASY VALVE est s\u00fbr pour les aliments, r\u00e9sistant \u00e0 la chaleur et sans odeur ; il est disponible<\/p>\n","protected":false},"featured_media":125782,"comment_status":"open","ping_status":"closed","template":"","meta":[],"product_brand":[],"product_cat":[7910],"product_tag":[],"class_list":{"0":"post-125792","1":"product","2":"type-product","3":"status-publish","4":"has-post-thumbnail","6":"product_cat-vaporisateurs","8":"first","9":"instock","10":"sale","11":"taxable","12":"shipping-taxable","13":"purchasable","14":"product-type-simple"},"aioseo_notices":[],"_links":{"self":[{"href":"https:\/\/www.budream.com\/fr\/wp-json\/wp\/v2\/product\/125792","targetHints":{"allow":["GET"]}}],"collection":[{"href":"https:\/\/www.budream.com\/fr\/wp-json\/wp\/v2\/product"}],"about":[{"href":"https:\/\/www.budream.com\/fr\/wp-json\/wp\/v2\/types\/product"}],"replies":[{"embeddable":true,"href":"https:\/\/www.budream.com\/fr\/wp-json\/wp\/v2\/comments?post=125792"}],"version-history":[{"count":1,"href":"https:\/\/www.budream.com\/fr\/wp-json\/wp\/v2\/product\/125792\/revisions"}],"predecessor-version":[{"id":269294,"href":"https:\/\/www.budream.com\/fr\/wp-json\/wp\/v2\/product\/125792\/revisions\/269294"}],"wp:featuredmedia":[{"embeddable":true,"href":"https:\/\/www.budream.com\/fr\/wp-json\/wp\/v2\/media\/125782"}],"wp:attachment":[{"href":"https:\/\/www.budream.com\/fr\/wp-json\/wp\/v2\/media?parent=125792"}],"wp:term":[{"taxonomy":"product_brand","embeddable":true,"href":"https:\/\/www.budream.com\/fr\/wp-json\/wp\/v2\/product_brand?post=125792"},{"taxonomy":"product_cat","embeddable":true,"href":"https:\/\/www.budream.com\/fr\/wp-json\/wp\/v2\/product_cat?post=125792"},{"taxonomy":"product_tag","embeddable":true,"href":"https:\/\/www.budream.com\/fr\/wp-json\/wp\/v2\/product_tag?post=125792"}],"curies":[{"name":"wp","href":"https:\/\/api.w.org\/{rel}","templated":true}]}}