{"id":125882,"date":"2025-07-30T19:11:35","date_gmt":"2025-07-30T17:11:35","guid":{"rendered":"https:\/\/www.budream.com\/shop\/vital-xvape-mouthpiece-water-filter-adapter-14mm\/"},"modified":"2025-12-23T21:42:52","modified_gmt":"2025-12-23T19:42:52","slug":"vital-xvape-mouthpiece-water-filter-adapter-14mm","status":"publish","type":"product","link":"https:\/\/www.budream.com\/fr\/shop\/vital-xvape-mouthpiece-water-filter-adapter-14mm\/","title":{"rendered":"VITAL XVAPE MOUTHPIECE WATER FILTER ADAPTER 14MM"},"content":{"rendered":"<p>Embout de remplacement pour XVAPE VITAL pour permettre le raccordement \u00e0 un bulleur ou \u00e0 un tuyau d&rsquo;eau.<br \/>Raccord \u00e0 ba\u00efonnette.<\/p>\n","protected":false},"excerpt":{"rendered":"<p>Embout de remplacement pour XVAPE VITAL pour permettre le raccordement \u00e0 un bulleur ou \u00e0 un tuyau d&rsquo;eau.Raccord \u00e0 ba\u00efonnette.<\/p>\n","protected":false},"featured_media":125877,"comment_status":"open","ping_status":"closed","template":"","meta":[],"product_brand":[],"product_cat":[7910],"product_tag":[],"class_list":{"0":"post-125882","1":"product","2":"type-product","3":"status-publish","4":"has-post-thumbnail","6":"product_cat-vaporisateurs","8":"first","9":"instock","10":"sale","11":"taxable","12":"shipping-taxable","13":"purchasable","14":"product-type-simple"},"_links":{"self":[{"href":"https:\/\/www.budream.com\/fr\/wp-json\/wp\/v2\/product\/125882","targetHints":{"allow":["GET"]}}],"collection":[{"href":"https:\/\/www.budream.com\/fr\/wp-json\/wp\/v2\/product"}],"about":[{"href":"https:\/\/www.budream.com\/fr\/wp-json\/wp\/v2\/types\/product"}],"replies":[{"embeddable":true,"href":"https:\/\/www.budream.com\/fr\/wp-json\/wp\/v2\/comments?post=125882"}],"version-history":[{"count":0,"href":"https:\/\/www.budream.com\/fr\/wp-json\/wp\/v2\/product\/125882\/revisions"}],"wp:featuredmedia":[{"embeddable":true,"href":"https:\/\/www.budream.com\/fr\/wp-json\/wp\/v2\/media\/125877"}],"wp:attachment":[{"href":"https:\/\/www.budream.com\/fr\/wp-json\/wp\/v2\/media?parent=125882"}],"wp:term":[{"taxonomy":"product_brand","embeddable":true,"href":"https:\/\/www.budream.com\/fr\/wp-json\/wp\/v2\/product_brand?post=125882"},{"taxonomy":"product_cat","embeddable":true,"href":"https:\/\/www.budream.com\/fr\/wp-json\/wp\/v2\/product_cat?post=125882"},{"taxonomy":"product_tag","embeddable":true,"href":"https:\/\/www.budream.com\/fr\/wp-json\/wp\/v2\/product_tag?post=125882"}],"curies":[{"name":"wp","href":"https:\/\/api.w.org\/{rel}","templated":true}]}}