{"id":125892,"date":"2025-07-30T19:13:19","date_gmt":"2025-07-30T17:13:19","guid":{"rendered":"https:\/\/www.budream.com\/shop\/flowermate-bac-a-plantes-pour-les-series-aura-et-v5\/"},"modified":"2026-04-20T14:15:08","modified_gmt":"2026-04-20T12:15:08","slug":"flowermate-bac-a-plantes-pour-les-series-aura-et-v5","status":"publish","type":"product","link":"https:\/\/www.budream.com\/fr\/shop\/flowermate-bac-a-plantes-pour-les-series-aura-et-v5\/","title":{"rendered":"FLOWERMATE &#8211; BAC \u00c0 PLANTES POUR LES S\u00c9RIES AURA ET V5"},"content":{"rendered":"<p>Avec le r\u00e9cipient \u00e0 herbes <strong>FLOWERMATE<\/strong>, vous pouvez consommer vos herbes pr\u00e9f\u00e9r\u00e9es sans salir la chambre de vaporisation de votre Flowermate !<br \/>Gr\u00e2ce au <strong>LOAD X<\/strong> pratique de Flowermate, vous pouvez \u00e9galement moudre vos herbes directement dans le r\u00e9cipient et remplir jusqu&rsquo;\u00e0 deux capsules \u00e0 la fois, ce qui rend les vaporisateurs Flowermate parfaits pour une utilisation en dehors de la maison.<\/p>\n<h2><span style=\"text-decoration: underline\">R\u00e9cipient \u00e0 herbes Flowermate :<\/span><\/h2>\n<ul style=\"list-style-type: disc\">\n<li>R\u00e9cipient en acier microperfor\u00e9 ;<\/li>\n<li>Capuchon filet\u00e9 ;<\/li>\n<li>Parfait pour une utilisation avec LOAD X Flowermate ;<\/li>\n<li>Compatible avec : AURA, HYBRID, HYBRID X, s\u00e9ries v5, v3 et v7 ;<\/li>\n<li>1 pi\u00e8ce ;<\/li>\n<\/ul>\n","protected":false},"excerpt":{"rendered":"<p>Avec le r\u00e9cipient \u00e0 herbes FLOWERMATE, vous pouvez consommer vos herbes pr\u00e9f\u00e9r\u00e9es sans salir la chambre de vaporisation de votre<\/p>\n","protected":false},"featured_media":125887,"comment_status":"open","ping_status":"closed","template":"","meta":[],"product_brand":[],"product_cat":[7910],"product_tag":[],"class_list":{"0":"post-125892","1":"product","2":"type-product","3":"status-publish","4":"has-post-thumbnail","6":"product_cat-vaporisateurs","8":"first","9":"instock","10":"sale","11":"taxable","12":"shipping-taxable","13":"purchasable","14":"product-type-simple"},"_links":{"self":[{"href":"https:\/\/www.budream.com\/fr\/wp-json\/wp\/v2\/product\/125892","targetHints":{"allow":["GET"]}}],"collection":[{"href":"https:\/\/www.budream.com\/fr\/wp-json\/wp\/v2\/product"}],"about":[{"href":"https:\/\/www.budream.com\/fr\/wp-json\/wp\/v2\/types\/product"}],"replies":[{"embeddable":true,"href":"https:\/\/www.budream.com\/fr\/wp-json\/wp\/v2\/comments?post=125892"}],"version-history":[{"count":0,"href":"https:\/\/www.budream.com\/fr\/wp-json\/wp\/v2\/product\/125892\/revisions"}],"wp:featuredmedia":[{"embeddable":true,"href":"https:\/\/www.budream.com\/fr\/wp-json\/wp\/v2\/media\/125887"}],"wp:attachment":[{"href":"https:\/\/www.budream.com\/fr\/wp-json\/wp\/v2\/media?parent=125892"}],"wp:term":[{"taxonomy":"product_brand","embeddable":true,"href":"https:\/\/www.budream.com\/fr\/wp-json\/wp\/v2\/product_brand?post=125892"},{"taxonomy":"product_cat","embeddable":true,"href":"https:\/\/www.budream.com\/fr\/wp-json\/wp\/v2\/product_cat?post=125892"},{"taxonomy":"product_tag","embeddable":true,"href":"https:\/\/www.budream.com\/fr\/wp-json\/wp\/v2\/product_tag?post=125892"}],"curies":[{"name":"wp","href":"https:\/\/api.w.org\/{rel}","templated":true}]}}