{"id":125922,"date":"2025-07-30T19:13:49","date_gmt":"2025-07-30T17:13:49","guid":{"rendered":"https:\/\/www.budream.com\/shop\/flowermate-vaporisateur-aura\/"},"modified":"2026-04-20T14:15:35","modified_gmt":"2026-04-20T12:15:35","slug":"flowermate-vaporisateur-aura","status":"publish","type":"product","link":"https:\/\/www.budream.com\/fr\/shop\/flowermate-vaporisateur-aura\/","title":{"rendered":"FLOWERMATE &#8211; VAPORISATEUR AURA"},"content":{"rendered":"<p>Le <strong>Flowermate Aura<\/strong> combine fonctionnalit\u00e9 et commodit\u00e9 dans un seul vaporisateur : il peut vaporiser \u00e0 la fois des plantes s\u00e8ches et des concentr\u00e9s et est \u00e9quip\u00e9 d&rsquo;une chambre de chauffe en c\u00e9ramique tr\u00e8s profonde capable de g\u00e9n\u00e9rer un puissant flux de chaleur. Il est impossible d&rsquo;atteindre des temp\u00e9ratures de combustion avec ce vaporisateur.<\/p>\n<p><strong>Nouvelle version 2024 avec entr\u00e9e de charge USB-C pour une charge plus rapide ! <\/strong><\/p>\n<p>L&rsquo;Aura est l&rsquo;un des vaporisateurs portables les plus efficaces de Flowermate.<\/p>\n<h2><strong><span style=\"text-decoration: underline\">Caract\u00e9ristiques du vaporisateur Flowermate Aura<\/span>:<\/strong><\/h2>\n<ul style=\"list-style-type: disc\">\n<li><strong>Chauffage rapide :<\/strong> une fois allum\u00e9, l&rsquo;Aura atteint la temp\u00e9rature de consigne en moins d&rsquo;une minute. L&rsquo;\u00e9cran \u00e9clair\u00e9 et les boutons permettent \u00e0 l&rsquo;utilisateur de r\u00e9gler la temp\u00e9rature avec pr\u00e9cision et facilit\u00e9.<\/li>\n<li><strong>Design \u00e9l\u00e9gant :<\/strong> l&rsquo;Aura est con\u00e7u pour \u00eatre un appareil discret et portable. Sa forme \u00e9l\u00e9gante et compacte, semblable \u00e0 celle d&rsquo;un stylo et mesurant 15 cm de long, rend ce vaporisateur facile \u00e0 transporter dans un sac lors des d\u00e9placements.<\/li>\n<li><strong>Batterie longue dur\u00e9e :<\/strong> gr\u00e2ce \u00e0 la batterie Samsung\/LG, l&rsquo;Aura offre deux heures d&rsquo;utilisation continue.<\/li>\n<li><strong>Double fonctionnalit\u00e9 :<\/strong> le Flowermate Aura est capable de vaporiser des cires et des liquides secs ou concentr\u00e9s. Gr\u00e2ce \u00e0 ses disques en acier inoxydable et \u00e0 ses capsules pour concentr\u00e9s et liquides (avec une m\u00e8che en coton organique), la chambre de chauffe peut \u00eatre rapidement adapt\u00e9e \u00e0 ce que vous souhaitez vaporiser, m\u00eame en d\u00e9placement !<\/li>\n<\/ul>\n<p><strong><br \/><span style=\"text-decoration: underline\">INCLUS DANS LA BO\u00ceTE :<\/span><\/strong><\/p>\n<ul style=\"list-style-type: disc\">\n<li>Vaporisateur Aura<\/li>\n<li>Embout Aura<\/li>\n<li>Compartiment pour les liquides\/concentr\u00e9s (en coton biologique)<\/li>\n<li>Capsule en acier inoxydable<\/li>\n<li>5 filets en acier inoxydable<\/li>\n<li>Outil de chargement et de tamponnage<\/li>\n<li>Brosse de nettoyage<\/li>\n<li>C\u00e2ble USB<\/li>\n<li>Carte d&rsquo;information sur la garantie<\/li>\n<li>Manuel d&rsquo;instruction<\/li>\n<\/ul>\n","protected":false},"excerpt":{"rendered":"<p>Le Flowermate Aura combine fonctionnalit\u00e9 et commodit\u00e9 dans un seul vaporisateur : il peut vaporiser \u00e0 la fois des plantes<\/p>\n","protected":false},"featured_media":125897,"comment_status":"open","ping_status":"closed","template":"","meta":[],"product_brand":[],"product_cat":[7910],"product_tag":[],"class_list":{"0":"post-125922","1":"product","2":"type-product","3":"status-publish","4":"has-post-thumbnail","6":"product_cat-vaporisateurs","8":"first","9":"instock","10":"taxable","11":"shipping-taxable","12":"purchasable","13":"product-type-simple"},"_links":{"self":[{"href":"https:\/\/www.budream.com\/fr\/wp-json\/wp\/v2\/product\/125922","targetHints":{"allow":["GET"]}}],"collection":[{"href":"https:\/\/www.budream.com\/fr\/wp-json\/wp\/v2\/product"}],"about":[{"href":"https:\/\/www.budream.com\/fr\/wp-json\/wp\/v2\/types\/product"}],"replies":[{"embeddable":true,"href":"https:\/\/www.budream.com\/fr\/wp-json\/wp\/v2\/comments?post=125922"}],"version-history":[{"count":0,"href":"https:\/\/www.budream.com\/fr\/wp-json\/wp\/v2\/product\/125922\/revisions"}],"wp:featuredmedia":[{"embeddable":true,"href":"https:\/\/www.budream.com\/fr\/wp-json\/wp\/v2\/media\/125897"}],"wp:attachment":[{"href":"https:\/\/www.budream.com\/fr\/wp-json\/wp\/v2\/media?parent=125922"}],"wp:term":[{"taxonomy":"product_brand","embeddable":true,"href":"https:\/\/www.budream.com\/fr\/wp-json\/wp\/v2\/product_brand?post=125922"},{"taxonomy":"product_cat","embeddable":true,"href":"https:\/\/www.budream.com\/fr\/wp-json\/wp\/v2\/product_cat?post=125922"},{"taxonomy":"product_tag","embeddable":true,"href":"https:\/\/www.budream.com\/fr\/wp-json\/wp\/v2\/product_tag?post=125922"}],"curies":[{"name":"wp","href":"https:\/\/api.w.org\/{rel}","templated":true}]}}