{"id":125932,"date":"2025-07-30T19:14:19","date_gmt":"2025-07-30T17:14:19","guid":{"rendered":"https:\/\/www.budream.com\/shop\/flowermate-filets-dembout-2-pieces\/"},"modified":"2026-04-20T14:15:56","modified_gmt":"2026-04-20T12:15:56","slug":"flowermate-filets-dembout-2-pieces","status":"publish","type":"product","link":"https:\/\/www.budream.com\/fr\/shop\/flowermate-filets-dembout-2-pieces\/","title":{"rendered":"FLOWERMATE &#8211; FILETS D&rsquo;EMBOUT | 2 PI\u00c8CES"},"content":{"rendered":"<p>Filet de remplacement pour l&#8217;embout Flowermate.<br \/>Parfait pour les r\u00e9f\u00e9rences : GLASSHYBRID et VA2759 (embout plastique AURA).<br \/>2 pi\u00e8ces.<\/p>\n","protected":false},"excerpt":{"rendered":"<p>Filet de remplacement pour l&#8217;embout Flowermate.Parfait pour les r\u00e9f\u00e9rences : GLASSHYBRID et VA2759 (embout plastique AURA).2 pi\u00e8ces.<\/p>\n","protected":false},"featured_media":125927,"comment_status":"open","ping_status":"closed","template":"","meta":[],"product_brand":[],"product_cat":[7910],"product_tag":[],"class_list":{"0":"post-125932","1":"product","2":"type-product","3":"status-publish","4":"has-post-thumbnail","6":"product_cat-vaporisateurs","8":"first","9":"instock","10":"sale","11":"taxable","12":"shipping-taxable","13":"purchasable","14":"product-type-simple"},"_links":{"self":[{"href":"https:\/\/www.budream.com\/fr\/wp-json\/wp\/v2\/product\/125932","targetHints":{"allow":["GET"]}}],"collection":[{"href":"https:\/\/www.budream.com\/fr\/wp-json\/wp\/v2\/product"}],"about":[{"href":"https:\/\/www.budream.com\/fr\/wp-json\/wp\/v2\/types\/product"}],"replies":[{"embeddable":true,"href":"https:\/\/www.budream.com\/fr\/wp-json\/wp\/v2\/comments?post=125932"}],"version-history":[{"count":0,"href":"https:\/\/www.budream.com\/fr\/wp-json\/wp\/v2\/product\/125932\/revisions"}],"wp:featuredmedia":[{"embeddable":true,"href":"https:\/\/www.budream.com\/fr\/wp-json\/wp\/v2\/media\/125927"}],"wp:attachment":[{"href":"https:\/\/www.budream.com\/fr\/wp-json\/wp\/v2\/media?parent=125932"}],"wp:term":[{"taxonomy":"product_brand","embeddable":true,"href":"https:\/\/www.budream.com\/fr\/wp-json\/wp\/v2\/product_brand?post=125932"},{"taxonomy":"product_cat","embeddable":true,"href":"https:\/\/www.budream.com\/fr\/wp-json\/wp\/v2\/product_cat?post=125932"},{"taxonomy":"product_tag","embeddable":true,"href":"https:\/\/www.budream.com\/fr\/wp-json\/wp\/v2\/product_tag?post=125932"}],"curies":[{"name":"wp","href":"https:\/\/api.w.org\/{rel}","templated":true}]}}